{"id":19494,"date":"2024-10-11T16:37:29","date_gmt":"2024-10-11T14:37:29","guid":{"rendered":"https:\/\/greenkingdom.ch\/product\/carbonio-attivo-200m3-h-125-mm\/"},"modified":"2024-10-11T16:37:29","modified_gmt":"2024-10-11T14:37:29","slug":"carbonio-attivo-200m3-h-125-mm","status":"publish","type":"product","link":"https:\/\/greenkingdom.ch\/it\/prodotto\/carbonio-attivo-200m3-h-125-mm\/","title":{"rendered":"Carbonio attivo 200m3\/h 125 mm"},"content":{"rendered":"<p>Filtro attivo al carbone &#8211; Progettato per pulire efficacemente l&#8217;aria, il filtro CarbonActive standard \u00e8 un must per i sistemi di ventilazione e condizionamento dell&#8217;aria. Il suo design innovativo lo rende pi\u00f9 leggero, pi\u00f9 piccolo, pi\u00f9 efficiente e pi\u00f9 sicuro dei filtri a carbone convenzionali.<br \/>\nLe particelle di carbone attivo di dimensioni microscopiche utilizzate in questo filtro hanno una superficie di neutralizzazione degli odori moltiplicata per 10.000 per un effetto decuplicato.<br \/>\nGrazie ai suoi strati di materiale filtrante non tessuto sigillato in un alloggiamento di plastica, questo filtro garantisce una filtrazione impeccabile, senza consentire il passaggio di aria non purificata. Inoltre, il suo adesivo PU \u00e8 privo di plastificanti. &#8211; Zero emissioni di polveri sottili di carbonio grazie alla sua costruzione in pile. &#8211; Peso minimo per prestazioni ottimali. &#8211; Perdite di carico minime fino al 70% in meno rispetto ai filtri tradizionali. &#8211; Tenuta assoluta per una filtrazione efficace. &#8211; Viene fornito con un prefiltro per le polveri sottili. &#8211; Riempito con carbone attivo di cocco di alta qualit\u00e0 al 100%. Offrendo prestazioni ottimali con una portata d&#8217;aria di 160 m\u00b3\/h, questo filtro Carbon Active \u00e8 un concentrato di qualit\u00e0 ed efficienza. EAN: 7640157681115  <\/p>\n","protected":false},"excerpt":{"rendered":"<p>Filtro attivo al carbone &#8211; Progettato per pulire efficacemente l&#8217;aria, il filtro CarbonActive standard \u00e8 un must per i sistemi di ventilazione e condizionamento dell&#8217;aria. Il suo design innovativo lo rende pi\u00f9 leggero, pi\u00f9 piccolo, pi\u00f9 efficiente e pi\u00f9 sicuro dei filtri a carbone convenzionali. Le particelle di carbone attivo di dimensioni microscopiche utilizzate in [&hellip;]<\/p>\n","protected":false},"featured_media":8642,"comment_status":"open","ping_status":"closed","template":"","meta":{"_seopress_robots_primary_cat":"","_seopress_titles_title":"","_seopress_titles_desc":"","_seopress_robots_index":""},"product_brand":[],"product_cat":[638],"product_tag":[],"class_list":{"0":"post-19494","1":"product","2":"type-product","3":"status-publish","4":"has-post-thumbnail","6":"product_cat-filtri-a-carbone","9":"instock","10":"taxable","11":"shipping-taxable","12":"purchasable","13":"product-type-simple","14":"product-grid-view"},"_links":{"self":[{"href":"https:\/\/greenkingdom.ch\/it\/wp-json\/wp\/v2\/product\/19494","targetHints":{"allow":["GET"]}}],"collection":[{"href":"https:\/\/greenkingdom.ch\/it\/wp-json\/wp\/v2\/product"}],"about":[{"href":"https:\/\/greenkingdom.ch\/it\/wp-json\/wp\/v2\/types\/product"}],"replies":[{"embeddable":true,"href":"https:\/\/greenkingdom.ch\/it\/wp-json\/wp\/v2\/comments?post=19494"}],"version-history":[{"count":0,"href":"https:\/\/greenkingdom.ch\/it\/wp-json\/wp\/v2\/product\/19494\/revisions"}],"wp:featuredmedia":[{"embeddable":true,"href":"https:\/\/greenkingdom.ch\/it\/wp-json\/wp\/v2\/media\/8642"}],"wp:attachment":[{"href":"https:\/\/greenkingdom.ch\/it\/wp-json\/wp\/v2\/media?parent=19494"}],"wp:term":[{"taxonomy":"product_brand","embeddable":true,"href":"https:\/\/greenkingdom.ch\/it\/wp-json\/wp\/v2\/product_brand?post=19494"},{"taxonomy":"product_cat","embeddable":true,"href":"https:\/\/greenkingdom.ch\/it\/wp-json\/wp\/v2\/product_cat?post=19494"},{"taxonomy":"product_tag","embeddable":true,"href":"https:\/\/greenkingdom.ch\/it\/wp-json\/wp\/v2\/product_tag?post=19494"}],"curies":[{"name":"wp","href":"https:\/\/api.w.org\/{rel}","templated":true}]}}