{"id":19501,"date":"2024-10-11T16:37:29","date_gmt":"2024-10-11T14:37:29","guid":{"rendered":"https:\/\/greenkingdom.ch\/product\/barattolo-q-max-1203m3-h-200mm\/"},"modified":"2024-10-11T16:37:29","modified_gmt":"2024-10-11T14:37:29","slug":"barattolo-q-max-1203m3-h-200mm","status":"publish","type":"product","link":"https:\/\/greenkingdom.ch\/it\/prodotto\/barattolo-q-max-1203m3-h-200mm\/","title":{"rendered":"Barattolo Q-MAX 1203m3\/h 200mm"},"content":{"rendered":"<p>Il ventilatore Q-Max EC 1203m3\/h \u00e8 un must per gli ambienti in cui l&#8217;alimentazione \u00e8 fondamentale. Questo ventilatore tubolare, con un innovativo isolamento interno, \u00e8 molto pi\u00f9 silenzioso dei ventilatori convenzionali. Grazie al suo potente motore EC, pu\u00f2 essere regolato con precisione senza emettere fastidiosi ronzii. Inoltre, i motori EC consumano meno energia, anche in modalit\u00e0 standby. Con una portata di 1203 m3\/h e un attacco di 200 mm, i ventilatori della serie Ruck Elix offrono prestazioni impressionanti pur essendo compatti ed efficienti dal punto di vista energetico. Il loro design unico e le pale complesse garantiscono bassi livelli di rumorosit\u00e0, soprattutto se installati in un silenziatore per condotti. Le caratteristiche includono una ruota oscillante con statore, alloggiamento in plastica, velocit\u00e0 regolabile, termointerruttore integrato e comode staffe di sospensione. Questo prodotto \u00e8 all&#8217;avanguardia per soddisfare le vostre esigenze di ventilazione. Informazioni tecniche:<br \/>\n&#8211; Tensione\/frequenza: 230 V \/ 50 Hz<br \/>\n&#8211; Potenza nominale: 120 W<br \/>\n&#8211; Velocit\u00e0 massima: 3111 giri\/min<br \/>\n&#8211; Livello di pressione sonora: 73 dB(A)<br \/>\n&#8211; EAN: 8718836156618 Rendi il tuo spazio un luogo confortevole e ben ventilato con il ventilatore Q-Max EC 1203m3\/h, una soluzione efficiente e silenziosa per tutte le tue esigenze di ventilazione.   <\/p>\n","protected":false},"excerpt":{"rendered":"<p>Il ventilatore Q-Max EC 1203m3\/h \u00e8 un must per gli ambienti in cui l&#8217;alimentazione \u00e8 fondamentale. Questo ventilatore tubolare, con un innovativo isolamento interno, \u00e8 molto pi\u00f9 silenzioso dei ventilatori convenzionali. Grazie al suo potente motore EC, pu\u00f2 essere regolato con precisione senza emettere fastidiosi ronzii. Inoltre, i motori EC consumano meno energia, anche in [&hellip;]<\/p>\n","protected":false},"featured_media":8636,"comment_status":"open","ping_status":"closed","template":"","meta":{"_seopress_robots_primary_cat":"","_seopress_titles_title":"","_seopress_titles_desc":"","_seopress_robots_index":""},"product_brand":[],"product_cat":[633],"product_tag":[],"class_list":{"0":"post-19501","1":"product","2":"type-product","3":"status-publish","4":"has-post-thumbnail","6":"product_cat-estrattori","9":"instock","10":"taxable","11":"shipping-taxable","12":"purchasable","13":"product-type-simple","14":"product-grid-view"},"_links":{"self":[{"href":"https:\/\/greenkingdom.ch\/it\/wp-json\/wp\/v2\/product\/19501","targetHints":{"allow":["GET"]}}],"collection":[{"href":"https:\/\/greenkingdom.ch\/it\/wp-json\/wp\/v2\/product"}],"about":[{"href":"https:\/\/greenkingdom.ch\/it\/wp-json\/wp\/v2\/types\/product"}],"replies":[{"embeddable":true,"href":"https:\/\/greenkingdom.ch\/it\/wp-json\/wp\/v2\/comments?post=19501"}],"version-history":[{"count":0,"href":"https:\/\/greenkingdom.ch\/it\/wp-json\/wp\/v2\/product\/19501\/revisions"}],"wp:featuredmedia":[{"embeddable":true,"href":"https:\/\/greenkingdom.ch\/it\/wp-json\/wp\/v2\/media\/8636"}],"wp:attachment":[{"href":"https:\/\/greenkingdom.ch\/it\/wp-json\/wp\/v2\/media?parent=19501"}],"wp:term":[{"taxonomy":"product_brand","embeddable":true,"href":"https:\/\/greenkingdom.ch\/it\/wp-json\/wp\/v2\/product_brand?post=19501"},{"taxonomy":"product_cat","embeddable":true,"href":"https:\/\/greenkingdom.ch\/it\/wp-json\/wp\/v2\/product_cat?post=19501"},{"taxonomy":"product_tag","embeddable":true,"href":"https:\/\/greenkingdom.ch\/it\/wp-json\/wp\/v2\/product_tag?post=19501"}],"curies":[{"name":"wp","href":"https:\/\/api.w.org\/{rel}","templated":true}]}}