{"id":19507,"date":"2024-10-11T16:37:29","date_gmt":"2024-10-11T14:37:29","guid":{"rendered":"https:\/\/greenkingdom.ch\/product\/barattolo-q-max-746m3-h-160mm\/"},"modified":"2024-10-11T16:37:29","modified_gmt":"2024-10-11T14:37:29","slug":"barattolo-q-max-746m3-h-160mm","status":"publish","type":"product","link":"https:\/\/greenkingdom.ch\/it\/prodotto\/barattolo-q-max-746m3-h-160mm\/","title":{"rendered":"Barattolo Q-MAX 746m3\/h 160mm"},"content":{"rendered":"<p>Scopri il ventilatore Q-Max EC 746m3\/h, ideale per le stanze in cui l&#8217;alimentazione \u00e8 fondamentale. Questa silenziosa ventola tubolare \u00e8 dotata di un innovativo isolamento interno. Grazie al suo potente motore EC, pu\u00f2 essere controllato senza fastidiosi ronzii. I motori EC consumano meno energia, anche in modalit\u00e0 standby. Con una portata di 746 m3\/h e una connessione di 160 mm, i ventilatori della serie Ruck Elix offrono prestazioni ottimali in dimensioni compatte. Il loro design innovativo garantisce bassi livelli di rumorosit\u00e0, perfetti per l&#8217;installazione in un condotto silenzioso. Questo ventilatore ha una ruota diagonale con statore, un alloggiamento in plastica, una velocit\u00e0 regolabile, un termointerruttore integrato e ganci per appendere. Caratteristiche tecniche:<br \/>\n&#8211; Tensione\/frequenza: 230 V \/ 50 Hz<br \/>\n&#8211; Potenza nominale: 68 W<br \/>\n&#8211; Livello di pressione sonora a 1m: 68 dB (A)<br \/>\n&#8211; EAN: 8718836156601 Optate per il ventilatore Q-Max EC 746m3\/h per prestazioni ed efficienza ottimali!   <\/p>\n","protected":false},"excerpt":{"rendered":"<p>Scopri il ventilatore Q-Max EC 746m3\/h, ideale per le stanze in cui l&#8217;alimentazione \u00e8 fondamentale. Questa silenziosa ventola tubolare \u00e8 dotata di un innovativo isolamento interno. Grazie al suo potente motore EC, pu\u00f2 essere controllato senza fastidiosi ronzii. I motori EC consumano meno energia, anche in modalit\u00e0 standby. Con una portata di 746 m3\/h e [&hellip;]<\/p>\n","protected":false},"featured_media":8636,"comment_status":"open","ping_status":"closed","template":"","meta":{"_seopress_robots_primary_cat":"","_seopress_titles_title":"","_seopress_titles_desc":"","_seopress_robots_index":""},"product_brand":[],"product_cat":[633],"product_tag":[],"class_list":{"0":"post-19507","1":"product","2":"type-product","3":"status-publish","4":"has-post-thumbnail","6":"product_cat-estrattori","9":"instock","10":"taxable","11":"shipping-taxable","12":"purchasable","13":"product-type-simple","14":"product-grid-view"},"_links":{"self":[{"href":"https:\/\/greenkingdom.ch\/it\/wp-json\/wp\/v2\/product\/19507","targetHints":{"allow":["GET"]}}],"collection":[{"href":"https:\/\/greenkingdom.ch\/it\/wp-json\/wp\/v2\/product"}],"about":[{"href":"https:\/\/greenkingdom.ch\/it\/wp-json\/wp\/v2\/types\/product"}],"replies":[{"embeddable":true,"href":"https:\/\/greenkingdom.ch\/it\/wp-json\/wp\/v2\/comments?post=19507"}],"version-history":[{"count":0,"href":"https:\/\/greenkingdom.ch\/it\/wp-json\/wp\/v2\/product\/19507\/revisions"}],"wp:featuredmedia":[{"embeddable":true,"href":"https:\/\/greenkingdom.ch\/it\/wp-json\/wp\/v2\/media\/8636"}],"wp:attachment":[{"href":"https:\/\/greenkingdom.ch\/it\/wp-json\/wp\/v2\/media?parent=19507"}],"wp:term":[{"taxonomy":"product_brand","embeddable":true,"href":"https:\/\/greenkingdom.ch\/it\/wp-json\/wp\/v2\/product_brand?post=19507"},{"taxonomy":"product_cat","embeddable":true,"href":"https:\/\/greenkingdom.ch\/it\/wp-json\/wp\/v2\/product_cat?post=19507"},{"taxonomy":"product_tag","embeddable":true,"href":"https:\/\/greenkingdom.ch\/it\/wp-json\/wp\/v2\/product_tag?post=19507"}],"curies":[{"name":"wp","href":"https:\/\/api.w.org\/{rel}","templated":true}]}}