{"id":19525,"date":"2024-10-11T16:37:30","date_gmt":"2024-10-11T14:37:30","guid":{"rendered":"https:\/\/greenkingdom.ch\/product\/carbonio-attivo-500m3-h-125mm\/"},"modified":"2024-10-11T16:37:30","modified_gmt":"2024-10-11T14:37:30","slug":"carbonio-attivo-500m3-h-125mm","status":"publish","type":"product","link":"https:\/\/greenkingdom.ch\/it\/prodotto\/carbonio-attivo-500m3-h-125mm\/","title":{"rendered":"Carbonio attivo 500m3\/h 125mm"},"content":{"rendered":"<p>Carbon Active &#8211; I filtri standard premium sono progettati specificamente per migliorare la qualit\u00e0 dell&#8217;aria nei sistemi di ventilazione e condizionamento. La loro tecnologia innovativa consente un&#8217;efficace purificazione dell&#8217;aria eliminando odori e sostanze inquinanti. Pi\u00f9 leggeri, pi\u00f9 compatti e pi\u00f9 efficienti dei tradizionali filtri a carboni attivi, i filtri CarbonActive forniscono una filtrazione ottimale per un&#8217;aria pi\u00f9 sana nel tuo spazio. I filtri standard Carbon Active utilizzano particelle ultrafini di carbone attivo per un&#8217;efficace neutralizzazione degli odori, moltiplicando la superficie di filtrazione. Dotati di tappetini filtranti in pile multistrato sigillati in una base e un coperchio in plastica, questi filtri garantiscono una filtrazione senza compromessi impedendo la circolazione di aria non filtrata. Inoltre, il loro design elimina l&#8217;emissione di polvere di carbonio fine, garantendo un ambiente interno salubre. &#8211; Nessuna emissione di polvere fine di carbonio. &#8211; Peso minimo per la massima efficienza. &#8211; Perdita di pressione minima per prestazioni ottimali. &#8211; Impermeabilit\u00e0 al 100% per una filtrazione impeccabile. &#8211; Include un prefiltro per polveri sottili ed \u00e8 riempito con carbone attivo di cocco di alta qualit\u00e0 al 100%. I filtri CarbonActive sono progettati per un collegamento \u00f8125 mm, fornendo prestazioni ottimali di 400 m\u00b3\/h e una gamma di flusso da 125 m\u00b3\/h a 500. Leggeri con un peso di 1,7 kg e dimensioni di \u00f8190 x 475 mm, questi filtri garantiscono una purificazione dell&#8217;aria superiore. EAN: 7640157680064.   <\/p>\n","protected":false},"excerpt":{"rendered":"<p>Carbon Active &#8211; I filtri standard premium sono progettati specificamente per migliorare la qualit\u00e0 dell&#8217;aria nei sistemi di ventilazione e condizionamento. La loro tecnologia innovativa consente un&#8217;efficace purificazione dell&#8217;aria eliminando odori e sostanze inquinanti. Pi\u00f9 leggeri, pi\u00f9 compatti e pi\u00f9 efficienti dei tradizionali filtri a carboni attivi, i filtri CarbonActive forniscono una filtrazione ottimale per [&hellip;]<\/p>\n","protected":false},"featured_media":8654,"comment_status":"open","ping_status":"closed","template":"","meta":{"_seopress_robots_primary_cat":"","_seopress_titles_title":"","_seopress_titles_desc":"","_seopress_robots_index":""},"product_brand":[],"product_cat":[638],"product_tag":[],"class_list":{"0":"post-19525","1":"product","2":"type-product","3":"status-publish","4":"has-post-thumbnail","6":"product_cat-filtri-a-carbone","9":"instock","10":"taxable","11":"shipping-taxable","12":"purchasable","13":"product-type-simple","14":"product-grid-view"},"_links":{"self":[{"href":"https:\/\/greenkingdom.ch\/it\/wp-json\/wp\/v2\/product\/19525","targetHints":{"allow":["GET"]}}],"collection":[{"href":"https:\/\/greenkingdom.ch\/it\/wp-json\/wp\/v2\/product"}],"about":[{"href":"https:\/\/greenkingdom.ch\/it\/wp-json\/wp\/v2\/types\/product"}],"replies":[{"embeddable":true,"href":"https:\/\/greenkingdom.ch\/it\/wp-json\/wp\/v2\/comments?post=19525"}],"version-history":[{"count":0,"href":"https:\/\/greenkingdom.ch\/it\/wp-json\/wp\/v2\/product\/19525\/revisions"}],"wp:featuredmedia":[{"embeddable":true,"href":"https:\/\/greenkingdom.ch\/it\/wp-json\/wp\/v2\/media\/8654"}],"wp:attachment":[{"href":"https:\/\/greenkingdom.ch\/it\/wp-json\/wp\/v2\/media?parent=19525"}],"wp:term":[{"taxonomy":"product_brand","embeddable":true,"href":"https:\/\/greenkingdom.ch\/it\/wp-json\/wp\/v2\/product_brand?post=19525"},{"taxonomy":"product_cat","embeddable":true,"href":"https:\/\/greenkingdom.ch\/it\/wp-json\/wp\/v2\/product_cat?post=19525"},{"taxonomy":"product_tag","embeddable":true,"href":"https:\/\/greenkingdom.ch\/it\/wp-json\/wp\/v2\/product_tag?post=19525"}],"curies":[{"name":"wp","href":"https:\/\/api.w.org\/{rel}","templated":true}]}}