{"id":19528,"date":"2024-10-11T16:37:30","date_gmt":"2024-10-11T14:37:30","guid":{"rendered":"https:\/\/greenkingdom.ch\/product\/carbonio-attivo-650m3-h-200mm\/"},"modified":"2024-10-11T16:37:30","modified_gmt":"2024-10-11T14:37:30","slug":"carbonio-attivo-650m3-h-200mm","status":"publish","type":"product","link":"https:\/\/greenkingdom.ch\/it\/prodotto\/carbonio-attivo-650m3-h-200mm\/","title":{"rendered":"Carbonio attivo 650m3\/h 200mm"},"content":{"rendered":"<p>Filtro a carbone attivo a carbone attivo &#8211; Goditi un&#8217;aria purificata e rinfrescata con i filtri a carbone attivo. Progettati per i sistemi di ventilazione e condizionamento, questi filtri innovativi sono pi\u00f9 leggeri, compatti e pi\u00f9 efficienti dei tradizionali filtri a carboni attivi. Il loro design rivoluzionario utilizza minuscole particelle di carbone attivo che aumentano la superficie di neutralizzazione degli odori di 10.000 volte, garantendo una purificazione ottimale dell&#8217;aria. I tappetini in tessuto non tessuto multistrato sono accuratamente sigillati in una base e un coperchio in plastica per evitare infiltrazioni d&#8217;aria non filtrata. Inoltre, questi filtri sono privi di emissioni di polveri di carbonio fine, il che li rende ideali per l&#8217;uso con Cool-Tube. Grazie alla loro speciale costruzione, offrono una perdita di carico minima fino al 70% in meno rispetto ai tradizionali filtri a carboni attivi. Questo filtro a carboni attivi \u00e8 inoltre a prova di perdite al 100%, garantendo una filtrazione efficace senza alcun rischio di aria non filtrata. \u00c8 riempito con carbone attivo di cocco di alta qualit\u00e0 al 100% e viene fornito con un prefiltro per polveri sottili. Goditi prestazioni ottimali con una portata d&#8217;aria fino a 520 m\u00b3\/h, beneficiando al contempo di un peso minimo di 3,0 kg e dimensioni compatte di \u00f8275 x 370 mm. Non lasciare pi\u00f9 che gli odori indesiderati e le sostanze inquinanti rovinino la qualit\u00e0 dell&#8217;aria nel tuo spazio. Scegli i filtri Carbon Active e respira aria fresca e purificata in tutta tranquillit\u00e0. EAN: 7640157680088.  <\/p>\n","protected":false},"excerpt":{"rendered":"<p>Filtro a carbone attivo a carbone attivo &#8211; Goditi un&#8217;aria purificata e rinfrescata con i filtri a carbone attivo. Progettati per i sistemi di ventilazione e condizionamento, questi filtri innovativi sono pi\u00f9 leggeri, compatti e pi\u00f9 efficienti dei tradizionali filtri a carboni attivi. Il loro design rivoluzionario utilizza minuscole particelle di carbone attivo che aumentano [&hellip;]<\/p>\n","protected":false},"featured_media":8660,"comment_status":"open","ping_status":"closed","template":"","meta":{"_seopress_robots_primary_cat":"","_seopress_titles_title":"","_seopress_titles_desc":"","_seopress_robots_index":""},"product_brand":[],"product_cat":[638],"product_tag":[],"class_list":{"0":"post-19528","1":"product","2":"type-product","3":"status-publish","4":"has-post-thumbnail","6":"product_cat-filtri-a-carbone","9":"instock","10":"taxable","11":"shipping-taxable","12":"purchasable","13":"product-type-simple","14":"product-grid-view"},"_links":{"self":[{"href":"https:\/\/greenkingdom.ch\/it\/wp-json\/wp\/v2\/product\/19528","targetHints":{"allow":["GET"]}}],"collection":[{"href":"https:\/\/greenkingdom.ch\/it\/wp-json\/wp\/v2\/product"}],"about":[{"href":"https:\/\/greenkingdom.ch\/it\/wp-json\/wp\/v2\/types\/product"}],"replies":[{"embeddable":true,"href":"https:\/\/greenkingdom.ch\/it\/wp-json\/wp\/v2\/comments?post=19528"}],"version-history":[{"count":0,"href":"https:\/\/greenkingdom.ch\/it\/wp-json\/wp\/v2\/product\/19528\/revisions"}],"wp:featuredmedia":[{"embeddable":true,"href":"https:\/\/greenkingdom.ch\/it\/wp-json\/wp\/v2\/media\/8660"}],"wp:attachment":[{"href":"https:\/\/greenkingdom.ch\/it\/wp-json\/wp\/v2\/media?parent=19528"}],"wp:term":[{"taxonomy":"product_brand","embeddable":true,"href":"https:\/\/greenkingdom.ch\/it\/wp-json\/wp\/v2\/product_brand?post=19528"},{"taxonomy":"product_cat","embeddable":true,"href":"https:\/\/greenkingdom.ch\/it\/wp-json\/wp\/v2\/product_cat?post=19528"},{"taxonomy":"product_tag","embeddable":true,"href":"https:\/\/greenkingdom.ch\/it\/wp-json\/wp\/v2\/product_tag?post=19528"}],"curies":[{"name":"wp","href":"https:\/\/api.w.org\/{rel}","templated":true}]}}