{"id":19564,"date":"2024-10-11T16:34:47","date_gmt":"2024-10-11T14:34:47","guid":{"rendered":"https:\/\/greenkingdom.ch\/product\/storz-und-bickel-mighty-more\/"},"modified":"2024-10-11T16:34:47","modified_gmt":"2024-10-11T14:34:47","slug":"storz-und-bickel-mighty-more","status":"publish","type":"product","link":"https:\/\/greenkingdom.ch\/it\/prodotto\/storz-und-bickel-mighty-more\/","title":{"rendered":"Storz und Bickel Mighty More"},"content":{"rendered":"<p>Scopri il nuovo Storz und Bickel Mighty Plus, pi\u00f9 potente, pi\u00f9 veloce e pi\u00f9 innovativo che mai. Con funzionalit\u00e0 avanzate e miglioramenti significativi, il MIGHTY Plus si spinge oltre i limiti per un&#8217;esperienza ottimale. Goditi la sua porta USB-C, la funzione di sovralimentazione per una ricarica rapida, il riscaldamento super veloce in 60 secondi, la camera di ricarica in ceramica e molto altro. Inoltre, ottieni una garanzia estesa di 2 anni, con un ulteriore anno dopo la registrazione. Il pacchetto include tutto ci\u00f2 di cui hai bisogno per ottenere il massimo dal tuo MIGHTY Plus. Porta la tua esperienza di svapo a un livello superiore con Storz und Bickel Mighty Plus.     <\/p>\n","protected":false},"excerpt":{"rendered":"<p>Scopri il nuovo Storz und Bickel Mighty Plus, pi\u00f9 potente, pi\u00f9 veloce e pi\u00f9 innovativo che mai. Con funzionalit\u00e0 avanzate e miglioramenti significativi, il MIGHTY Plus si spinge oltre i limiti per un&#8217;esperienza ottimale. Goditi la sua porta USB-C, la funzione di sovralimentazione per una ricarica rapida, il riscaldamento super veloce in 60 secondi, la [&hellip;]<\/p>\n","protected":false},"featured_media":28175,"comment_status":"open","ping_status":"closed","template":"","meta":{"_seopress_robots_primary_cat":"","_seopress_titles_title":"","_seopress_titles_desc":"","_seopress_robots_index":""},"product_brand":[],"product_cat":[674],"product_tag":[],"class_list":{"0":"post-19564","1":"product","2":"type-product","3":"status-publish","4":"has-post-thumbnail","6":"product_cat-dispositivi","9":"instock","10":"taxable","11":"shipping-taxable","12":"purchasable","13":"product-type-simple","14":"product-grid-view"},"_links":{"self":[{"href":"https:\/\/greenkingdom.ch\/it\/wp-json\/wp\/v2\/product\/19564","targetHints":{"allow":["GET"]}}],"collection":[{"href":"https:\/\/greenkingdom.ch\/it\/wp-json\/wp\/v2\/product"}],"about":[{"href":"https:\/\/greenkingdom.ch\/it\/wp-json\/wp\/v2\/types\/product"}],"replies":[{"embeddable":true,"href":"https:\/\/greenkingdom.ch\/it\/wp-json\/wp\/v2\/comments?post=19564"}],"version-history":[{"count":0,"href":"https:\/\/greenkingdom.ch\/it\/wp-json\/wp\/v2\/product\/19564\/revisions"}],"wp:featuredmedia":[{"embeddable":true,"href":"https:\/\/greenkingdom.ch\/it\/wp-json\/wp\/v2\/media\/28175"}],"wp:attachment":[{"href":"https:\/\/greenkingdom.ch\/it\/wp-json\/wp\/v2\/media?parent=19564"}],"wp:term":[{"taxonomy":"product_brand","embeddable":true,"href":"https:\/\/greenkingdom.ch\/it\/wp-json\/wp\/v2\/product_brand?post=19564"},{"taxonomy":"product_cat","embeddable":true,"href":"https:\/\/greenkingdom.ch\/it\/wp-json\/wp\/v2\/product_cat?post=19564"},{"taxonomy":"product_tag","embeddable":true,"href":"https:\/\/greenkingdom.ch\/it\/wp-json\/wp\/v2\/product_tag?post=19564"}],"curies":[{"name":"wp","href":"https:\/\/api.w.org\/{rel}","templated":true}]}}