{"id":19575,"date":"2024-10-11T16:34:48","date_gmt":"2024-10-11T14:34:48","guid":{"rendered":"https:\/\/greenkingdom.ch\/product\/wolkenkraft-fx-mini-ultra-blu-notte\/"},"modified":"2024-10-11T16:34:48","modified_gmt":"2024-10-11T14:34:48","slug":"wolkenkraft-fx-mini-ultra-blu-notte","status":"publish","type":"product","link":"https:\/\/greenkingdom.ch\/it\/prodotto\/wolkenkraft-fx-mini-ultra-blu-notte\/","title":{"rendered":"Wolkenkraft FX Mini Ultra Blu Notte"},"content":{"rendered":"<p>Scopri l&#8217;FX MINI Ultra, uno dei vaporizzatori pi\u00f9 compatti sul mercato, che rivoluziona la vaporizzazione con la sua tecnologia avanzata, il design ultramoderno e molte fantastiche funzionalit\u00e0. Dotato dell&#8217;innovativo riscaldamento True Convection, produce vapore autentico e puro, offrendo un&#8217;esperienza di vaporizzazione senza pari. La sua tecnologia di riscaldamento a convezione garantisce una vaporizzazione uniforme e aromi intensi, preservando la purezza delle erbe, poich\u00e9 il materiale non entra in contatto diretto con l&#8217;elemento riscaldante. Goditi il luminoso display OLED che visualizza con precisione la temperatura, il livello della batteria e le impostazioni di temperatura. L&#8217;FX MINI Ultra offre un tempo di riscaldamento ultrarapido inferiore a 30 secondi, per un uso immediato. Versatile, questo vaporizzatore pu\u00f2 essere utilizzato per erbe, concentrati e oli grazie alle camere al quarzo opzionali. Il suo design elegante include comode funzioni come un tappo terminale in vetro Borosilk e un LED che indica quando viene raggiunta la temperatura desiderata. Con la sua camera in titanio, un canale dell&#8217;aria completamente isolato, un bocchino magnetico Slide In e altre caratteristiche di alta qualit\u00e0, l&#8217;FX MINI Ultra \u00e8 la scelta ideale per gli intenditori pi\u00f9 esigenti. Goditi la comodit\u00e0 della ricarica rapida USB-C e l&#8217;utilizzo durante la ricarica. Fornitura: FX Mini Ultra, punta in silicone, spazzola per la pulizia, pinzette, contenitore per capsule con 2 capsule dosatrici per erbe, cavo di ricarica USB-C e manuale multilingue. Immergiti nel mondo dello svapo di qualit\u00e0 con FX MINI Ultra &#8211; EAN: 6972425940725.<\/p>\n","protected":false},"excerpt":{"rendered":"<p>Scopri l&#8217;FX MINI Ultra, uno dei vaporizzatori pi\u00f9 compatti sul mercato, che rivoluziona la vaporizzazione con la sua tecnologia avanzata, il design ultramoderno e molte fantastiche funzionalit\u00e0. Dotato dell&#8217;innovativo riscaldamento True Convection, produce vapore autentico e puro, offrendo un&#8217;esperienza di vaporizzazione senza pari. La sua tecnologia di riscaldamento a convezione garantisce una vaporizzazione uniforme e [&hellip;]<\/p>\n","protected":false},"featured_media":7451,"comment_status":"open","ping_status":"closed","template":"","meta":{"_seopress_robots_primary_cat":"","_seopress_titles_title":"","_seopress_titles_desc":"","_seopress_robots_index":""},"product_brand":[],"product_cat":[674],"product_tag":[],"class_list":{"0":"post-19575","1":"product","2":"type-product","3":"status-publish","4":"has-post-thumbnail","6":"product_cat-dispositivi","9":"instock","10":"taxable","11":"shipping-taxable","12":"purchasable","13":"product-type-simple","14":"product-grid-view"},"_links":{"self":[{"href":"https:\/\/greenkingdom.ch\/it\/wp-json\/wp\/v2\/product\/19575","targetHints":{"allow":["GET"]}}],"collection":[{"href":"https:\/\/greenkingdom.ch\/it\/wp-json\/wp\/v2\/product"}],"about":[{"href":"https:\/\/greenkingdom.ch\/it\/wp-json\/wp\/v2\/types\/product"}],"replies":[{"embeddable":true,"href":"https:\/\/greenkingdom.ch\/it\/wp-json\/wp\/v2\/comments?post=19575"}],"version-history":[{"count":0,"href":"https:\/\/greenkingdom.ch\/it\/wp-json\/wp\/v2\/product\/19575\/revisions"}],"wp:featuredmedia":[{"embeddable":true,"href":"https:\/\/greenkingdom.ch\/it\/wp-json\/wp\/v2\/media\/7451"}],"wp:attachment":[{"href":"https:\/\/greenkingdom.ch\/it\/wp-json\/wp\/v2\/media?parent=19575"}],"wp:term":[{"taxonomy":"product_brand","embeddable":true,"href":"https:\/\/greenkingdom.ch\/it\/wp-json\/wp\/v2\/product_brand?post=19575"},{"taxonomy":"product_cat","embeddable":true,"href":"https:\/\/greenkingdom.ch\/it\/wp-json\/wp\/v2\/product_cat?post=19575"},{"taxonomy":"product_tag","embeddable":true,"href":"https:\/\/greenkingdom.ch\/it\/wp-json\/wp\/v2\/product_tag?post=19575"}],"curies":[{"name":"wp","href":"https:\/\/api.w.org\/{rel}","templated":true}]}}