{"id":19589,"date":"2024-10-11T16:34:49","date_gmt":"2024-10-11T14:34:49","guid":{"rendered":"https:\/\/greenkingdom.ch\/product\/arizer-air-max\/"},"modified":"2024-10-11T16:34:49","modified_gmt":"2024-10-11T14:34:49","slug":"arizer-air-max","status":"publish","type":"product","link":"https:\/\/greenkingdom.ch\/it\/prodotto\/arizer-air-max\/","title":{"rendered":"Arizer Air MAX"},"content":{"rendered":"<div class=\"value\">\n<h3>Arizer Air MAX &#8211; Vaporizzatore per Erbe Secche<\/h3>\n<p>Scopri la nuova Air MAX di Arizer: una rivoluzione con caratteristiche migliorate e innovative.<\/p>\n<p>L&#8217;Arizer Air MAX \u00e8 dotato di una tecnologia all&#8217;avanguardia direttamente dai diffusori multiuso. Prendi subito il tuo e tuffati nell&#8217;emozionante mondo di Air MAX! <\/p>\n<p>Arizer si impegna a fornire dispositivi di alta qualit\u00e0 che combinino comfort, usabilit\u00e0, durata e sapore ottimale. L&#8217;Air MAX \u00e8 l&#8217;epitome di questi criteri. <\/p>\n<\/p>\n<p>L&#8217;Air MAX offre caratteristiche eccezionali:<\/p>\n<ul>\n<li>Controllo MAX: personalizza la tua esperienza con impostazioni personalizzate, controllo facile tramite display OLED per un funzionamento intuitivo. Goditi le modalit\u00e0 pre-salvate per un utilizzo rapido e conveniente. <\/li>\n<li>MAX Power: batteria agli ioni di litio di grande capacit\u00e0 con la capacit\u00e0 di svapare durante la ricarica. Durata della batteria fino a 135 minuti, ricarica rapida tramite USB-C. <\/li>\n<li>Prestazioni MAX: tecnologia ceramica avanzata, si riscalda rapidamente in meno di 60 secondi. Controllo preciso della temperatura per un&#8217;esperienza di svapo su misura. <\/li>\n<li>Dark Mode: discreta e confortevole in modalit\u00e0 oscura, per un uso notturno pi\u00f9 piacevole.<\/li>\n<\/ul>\n<p>Il sistema Glass-Pod di Air MAX \u00e8 un grande vantaggio. I tubi per aromi in vetro borosilicato puro facilitano la preparazione e il consumo delle dosi, anche in viaggio. <\/p>\n<p>Grazie al tubo aromatico in vetro smerigliato e alla sua connessione universale vetro-vetro, puoi collegare facilmente l&#8217;Air MAX al tuo vaporizzatore preferito.<\/p>\n<\/p>\n<p><strong>Ambito di consegna:<\/strong><\/p>\n<p>1x Aria MAX<\/p>\n<p>1x 26650 Batteria<\/p>\n<p>1x caricabatterie USB-C<\/p>\n<p>1x Tubo aromatico in vetro (70 mm)<\/p>\n<p>1x tubo aromatico in vetro smerigliato (14 mm)<\/p>\n<p>1x piatto aromatico in vetro<\/p>\n<p>2x cappucci dello stelo<\/p>\n<p>2x tubo da viaggio in PVC con tappo (70 mm)<\/p>\n<p>1x tubo da viaggio in PVC con tappo (per piatto aromatico)<\/p>\n<p>1x strumento in acciaio inossidabile per la miscelazione<\/p>\n<p>4x Filtri in acciaio per Air MAX<\/p>\n<p>1x Campione di piante aromatiche<\/p>\n<p>1x Air MAX Manuale dell&#8217;utente<\/p>\n<\/div>\n<div class=\"product attribute ean\"><strong class=\"type\">EAN<\/strong> <span class=\"value ean\">628078801598<\/span><\/div>\n","protected":false},"excerpt":{"rendered":"<p>Arizer Air MAX &#8211; Vaporizzatore per Erbe Secche Scopri la nuova Air MAX di Arizer: una rivoluzione con caratteristiche migliorate e innovative. L&#8217;Arizer Air MAX \u00e8 dotato di una tecnologia all&#8217;avanguardia direttamente dai diffusori multiuso. Prendi subito il tuo e tuffati nell&#8217;emozionante mondo di Air MAX! Arizer si impegna a fornire dispositivi di alta qualit\u00e0 [&hellip;]<\/p>\n","protected":false},"featured_media":7541,"comment_status":"open","ping_status":"closed","template":"","meta":{"_seopress_robots_primary_cat":"","_seopress_titles_title":"","_seopress_titles_desc":"","_seopress_robots_index":""},"product_brand":[],"product_cat":[674],"product_tag":[],"class_list":{"0":"post-19589","1":"product","2":"type-product","3":"status-publish","4":"has-post-thumbnail","6":"product_cat-dispositivi","9":"instock","10":"taxable","11":"shipping-taxable","12":"purchasable","13":"product-type-simple","14":"product-grid-view"},"_links":{"self":[{"href":"https:\/\/greenkingdom.ch\/it\/wp-json\/wp\/v2\/product\/19589","targetHints":{"allow":["GET"]}}],"collection":[{"href":"https:\/\/greenkingdom.ch\/it\/wp-json\/wp\/v2\/product"}],"about":[{"href":"https:\/\/greenkingdom.ch\/it\/wp-json\/wp\/v2\/types\/product"}],"replies":[{"embeddable":true,"href":"https:\/\/greenkingdom.ch\/it\/wp-json\/wp\/v2\/comments?post=19589"}],"version-history":[{"count":0,"href":"https:\/\/greenkingdom.ch\/it\/wp-json\/wp\/v2\/product\/19589\/revisions"}],"wp:featuredmedia":[{"embeddable":true,"href":"https:\/\/greenkingdom.ch\/it\/wp-json\/wp\/v2\/media\/7541"}],"wp:attachment":[{"href":"https:\/\/greenkingdom.ch\/it\/wp-json\/wp\/v2\/media?parent=19589"}],"wp:term":[{"taxonomy":"product_brand","embeddable":true,"href":"https:\/\/greenkingdom.ch\/it\/wp-json\/wp\/v2\/product_brand?post=19589"},{"taxonomy":"product_cat","embeddable":true,"href":"https:\/\/greenkingdom.ch\/it\/wp-json\/wp\/v2\/product_cat?post=19589"},{"taxonomy":"product_tag","embeddable":true,"href":"https:\/\/greenkingdom.ch\/it\/wp-json\/wp\/v2\/product_tag?post=19589"}],"curies":[{"name":"wp","href":"https:\/\/api.w.org\/{rel}","templated":true}]}}