{"id":19613,"date":"2024-10-11T16:34:50","date_gmt":"2024-10-11T14:34:50","guid":{"rendered":"https:\/\/greenkingdom.ch\/product\/arizer-argo\/"},"modified":"2024-10-11T16:34:50","modified_gmt":"2024-10-11T14:34:50","slug":"arizer-argo","status":"publish","type":"product","link":"https:\/\/greenkingdom.ch\/it\/prodotto\/arizer-argo\/","title":{"rendered":"Arizer ArGo"},"content":{"rendered":"<p>Scopri il nuovissimo vaporizzatore ArGo di Arizer, perfetto per gli spostamenti! Le sue dimensioni compatte e la discrezione lo rendono un compagno ideale. Approfitta del suo tempo di riscaldamento rapido, del bocchino in vetro e della tecnologia di riscaldamento ibrida. L&#8217;ArGo \u00e8 il vaporizzatore pi\u00f9 piccolo di Arizer, che unisce potenza e praticit\u00e0 in un design elegante. Facile da usare e affidabile, questo dispositivo ti offre un&#8217;esperienza su misura. Fornito con vari accessori, l&#8217;ArGo viene fornito con una garanzia di due anni. EAN: 628078800829.      <\/p>\n","protected":false},"excerpt":{"rendered":"<p>Scopri il nuovissimo vaporizzatore ArGo di Arizer, perfetto per gli spostamenti! Le sue dimensioni compatte e la discrezione lo rendono un compagno ideale. Approfitta del suo tempo di riscaldamento rapido, del bocchino in vetro e della tecnologia di riscaldamento ibrida. L&#8217;ArGo \u00e8 il vaporizzatore pi\u00f9 piccolo di Arizer, che unisce potenza e praticit\u00e0 in un [&hellip;]<\/p>\n","protected":false},"featured_media":7568,"comment_status":"open","ping_status":"closed","template":"","meta":{"_seopress_robots_primary_cat":"","_seopress_titles_title":"","_seopress_titles_desc":"","_seopress_robots_index":""},"product_brand":[],"product_cat":[674],"product_tag":[],"class_list":{"0":"post-19613","1":"product","2":"type-product","3":"status-publish","4":"has-post-thumbnail","6":"product_cat-dispositivi","9":"instock","10":"taxable","11":"shipping-taxable","12":"purchasable","13":"product-type-simple","14":"product-grid-view"},"_links":{"self":[{"href":"https:\/\/greenkingdom.ch\/it\/wp-json\/wp\/v2\/product\/19613","targetHints":{"allow":["GET"]}}],"collection":[{"href":"https:\/\/greenkingdom.ch\/it\/wp-json\/wp\/v2\/product"}],"about":[{"href":"https:\/\/greenkingdom.ch\/it\/wp-json\/wp\/v2\/types\/product"}],"replies":[{"embeddable":true,"href":"https:\/\/greenkingdom.ch\/it\/wp-json\/wp\/v2\/comments?post=19613"}],"version-history":[{"count":0,"href":"https:\/\/greenkingdom.ch\/it\/wp-json\/wp\/v2\/product\/19613\/revisions"}],"wp:featuredmedia":[{"embeddable":true,"href":"https:\/\/greenkingdom.ch\/it\/wp-json\/wp\/v2\/media\/7568"}],"wp:attachment":[{"href":"https:\/\/greenkingdom.ch\/it\/wp-json\/wp\/v2\/media?parent=19613"}],"wp:term":[{"taxonomy":"product_brand","embeddable":true,"href":"https:\/\/greenkingdom.ch\/it\/wp-json\/wp\/v2\/product_brand?post=19613"},{"taxonomy":"product_cat","embeddable":true,"href":"https:\/\/greenkingdom.ch\/it\/wp-json\/wp\/v2\/product_cat?post=19613"},{"taxonomy":"product_tag","embeddable":true,"href":"https:\/\/greenkingdom.ch\/it\/wp-json\/wp\/v2\/product_tag?post=19613"}],"curies":[{"name":"wp","href":"https:\/\/api.w.org\/{rel}","templated":true}]}}