{"id":19647,"date":"2024-10-11T16:35:15","date_gmt":"2024-10-11T14:35:15","guid":{"rendered":"https:\/\/greenkingdom.ch\/product\/raw-classic-kingsize-supreme-box\/"},"modified":"2024-10-11T16:35:15","modified_gmt":"2024-10-11T14:35:15","slug":"raw-classic-kingsize-supreme-box","status":"publish","type":"product","link":"https:\/\/greenkingdom.ch\/it\/prodotto\/raw-classic-kingsize-supreme-box\/","title":{"rendered":"Raw Classic Kingsize Supreme-Box"},"content":{"rendered":"<p>Scopri la scatola completa da 24 fogli Raw Classic Kingsize Supreme, la prima e ancora una delle migliori cartine non sbiancate disponibili sul mercato. La sua larghezza ottimale \u00e8 adatta anche ai principianti e agli amanti delle sigarette pi\u00f9 spesse. Grazie alla sua combustione lenta, dritta e inodore, assicurata dalla sua speciale struttura e filigrana, la carta RAW garantisce un&#8217;esperienza di affumicatura superiore. La sua colorazione naturale marrone chiaro \u00e8 ottenuta grazie all&#8217;assenza di sostanze chimiche o candeggina nella sua fabbricazione, preservando cos\u00ec le fibre non sbiancate. Ogni foglio \u00e8 unico, goffrato con la speciale filigrana HBI CrissCross per una combustione uniforme. Prova questa innovativa carta per sigarette di alta qualit\u00e0 per un&#8217;esperienza di fumo senza pari. Dimensioni: 108 mm di lunghezza, 44 mm di larghezza, contiene 40 carte. EAN: 716165171454       <\/p>\n","protected":false},"excerpt":{"rendered":"<p>Scopri la scatola completa da 24 fogli Raw Classic Kingsize Supreme, la prima e ancora una delle migliori cartine non sbiancate disponibili sul mercato. La sua larghezza ottimale \u00e8 adatta anche ai principianti e agli amanti delle sigarette pi\u00f9 spesse. Grazie alla sua combustione lenta, dritta e inodore, assicurata dalla sua speciale struttura e filigrana, [&hellip;]<\/p>\n","protected":false},"featured_media":7667,"comment_status":"open","ping_status":"closed","template":"","meta":{"_seopress_robots_primary_cat":"","_seopress_titles_title":"","_seopress_titles_desc":"","_seopress_robots_index":""},"product_brand":[],"product_cat":[656],"product_tag":[],"class_list":{"0":"post-19647","1":"product","2":"type-product","3":"status-publish","4":"has-post-thumbnail","6":"product_cat-cartine-per-sigarette","9":"instock","10":"taxable","11":"shipping-taxable","12":"purchasable","13":"product-type-simple","14":"product-grid-view"},"_links":{"self":[{"href":"https:\/\/greenkingdom.ch\/it\/wp-json\/wp\/v2\/product\/19647","targetHints":{"allow":["GET"]}}],"collection":[{"href":"https:\/\/greenkingdom.ch\/it\/wp-json\/wp\/v2\/product"}],"about":[{"href":"https:\/\/greenkingdom.ch\/it\/wp-json\/wp\/v2\/types\/product"}],"replies":[{"embeddable":true,"href":"https:\/\/greenkingdom.ch\/it\/wp-json\/wp\/v2\/comments?post=19647"}],"version-history":[{"count":0,"href":"https:\/\/greenkingdom.ch\/it\/wp-json\/wp\/v2\/product\/19647\/revisions"}],"wp:featuredmedia":[{"embeddable":true,"href":"https:\/\/greenkingdom.ch\/it\/wp-json\/wp\/v2\/media\/7667"}],"wp:attachment":[{"href":"https:\/\/greenkingdom.ch\/it\/wp-json\/wp\/v2\/media?parent=19647"}],"wp:term":[{"taxonomy":"product_brand","embeddable":true,"href":"https:\/\/greenkingdom.ch\/it\/wp-json\/wp\/v2\/product_brand?post=19647"},{"taxonomy":"product_cat","embeddable":true,"href":"https:\/\/greenkingdom.ch\/it\/wp-json\/wp\/v2\/product_cat?post=19647"},{"taxonomy":"product_tag","embeddable":true,"href":"https:\/\/greenkingdom.ch\/it\/wp-json\/wp\/v2\/product_tag?post=19647"}],"curies":[{"name":"wp","href":"https:\/\/api.w.org\/{rel}","templated":true}]}}