{"id":19681,"date":"2024-10-11T16:35:17","date_gmt":"2024-10-11T14:35:17","guid":{"rendered":"https:\/\/greenkingdom.ch\/product\/gitty-goff-slim-xl-filtri-tip-6mm-scatola\/"},"modified":"2024-10-11T16:35:17","modified_gmt":"2024-10-11T14:35:17","slug":"gitty-goff-slim-xl-filtri-tip-6mm-scatola","status":"publish","type":"product","link":"https:\/\/greenkingdom.ch\/it\/prodotto\/gitty-goff-slim-xl-filtri-tip-6mm-scatola\/","title":{"rendered":"Gitty &amp; G\u00f6ff Slim XL Filtri Tip 6mm SCATOLA"},"content":{"rendered":"<p>Scopri il filtro Gitty&amp;G\u00f6ff Slim XL in una confezione da 180 unit\u00e0, con 18 pratiche confezioni in una confezione. Questo filtro \u00e8 lungo \u00f8 6 mm e lungo 22 mm e garantisce una filtrazione ottimale. ID EAN: 7446900032414.  <\/p>\n","protected":false},"excerpt":{"rendered":"<p>Scopri il filtro Gitty&amp;G\u00f6ff Slim XL in una confezione da 180 unit\u00e0, con 18 pratiche confezioni in una confezione. Questo filtro \u00e8 lungo \u00f8 6 mm e lungo 22 mm e garantisce una filtrazione ottimale. ID EAN: 7446900032414.<\/p>\n","protected":false},"featured_media":7730,"comment_status":"open","ping_status":"closed","template":"","meta":{"_seopress_robots_primary_cat":"","_seopress_titles_title":"","_seopress_titles_desc":"","_seopress_robots_index":""},"product_brand":[],"product_cat":[659],"product_tag":[],"class_list":{"0":"post-19681","1":"product","2":"type-product","3":"status-publish","4":"has-post-thumbnail","6":"product_cat-filtri","9":"instock","10":"taxable","11":"shipping-taxable","12":"purchasable","13":"product-type-simple","14":"product-grid-view"},"_links":{"self":[{"href":"https:\/\/greenkingdom.ch\/it\/wp-json\/wp\/v2\/product\/19681","targetHints":{"allow":["GET"]}}],"collection":[{"href":"https:\/\/greenkingdom.ch\/it\/wp-json\/wp\/v2\/product"}],"about":[{"href":"https:\/\/greenkingdom.ch\/it\/wp-json\/wp\/v2\/types\/product"}],"replies":[{"embeddable":true,"href":"https:\/\/greenkingdom.ch\/it\/wp-json\/wp\/v2\/comments?post=19681"}],"version-history":[{"count":0,"href":"https:\/\/greenkingdom.ch\/it\/wp-json\/wp\/v2\/product\/19681\/revisions"}],"wp:featuredmedia":[{"embeddable":true,"href":"https:\/\/greenkingdom.ch\/it\/wp-json\/wp\/v2\/media\/7730"}],"wp:attachment":[{"href":"https:\/\/greenkingdom.ch\/it\/wp-json\/wp\/v2\/media?parent=19681"}],"wp:term":[{"taxonomy":"product_brand","embeddable":true,"href":"https:\/\/greenkingdom.ch\/it\/wp-json\/wp\/v2\/product_brand?post=19681"},{"taxonomy":"product_cat","embeddable":true,"href":"https:\/\/greenkingdom.ch\/it\/wp-json\/wp\/v2\/product_cat?post=19681"},{"taxonomy":"product_tag","embeddable":true,"href":"https:\/\/greenkingdom.ch\/it\/wp-json\/wp\/v2\/product_tag?post=19681"}],"curies":[{"name":"wp","href":"https:\/\/api.w.org\/{rel}","templated":true}]}}