{"id":19707,"date":"2024-10-11T16:35:18","date_gmt":"2024-10-11T14:35:18","guid":{"rendered":"https:\/\/greenkingdom.ch\/product\/gizeh-filtro-attivo-8mm-200pz\/"},"modified":"2024-10-11T16:35:18","modified_gmt":"2024-10-11T14:35:18","slug":"gizeh-filtro-attivo-8mm-200pz","status":"publish","type":"product","link":"https:\/\/greenkingdom.ch\/it\/prodotto\/gizeh-filtro-attivo-8mm-200pz\/","title":{"rendered":"GIZEH Filtro Attivo 8mm 200pz"},"content":{"rendered":"<p>Scopri i filtri attivi GIZEH &#8211; Il tuo passaporto per il piacere di fumare di alta qualit\u00e0 I filtri attivi GIZEH non sono solo filtri, ma aprono anche le porte a una nuova dimensione del piacere di fumare. Ad ogni inalazione, senti la differenza e riscopri il tuo tabacco o le tue erbe in un modo nuovo e rinfrescante. I vantaggi dei filtri GIZEH Active: &#8211; Carbone attivo puro: Ogni soffio attraverso un filtro GIZEH Active \u00e8 un soffio attraverso granuli di carbone attivo purificato. Le sostanze collaterali indesiderate vengono filtrate in modo affidabile mantenendo tutto il gusto. &#8211; Tappi in ceramica di alta qualit\u00e0: i tappi in ceramica su entrambe le estremit\u00e0 del filtro non solo garantiscono stabilit\u00e0, ma forniscono anche una piacevole sensazione in bocca. Un tocco di eleganza per la tua esperienza di fumata. &#8211; Versatilit\u00e0 di utilizzo: Questi filtri possono essere utilizzati non solo per le sigarette, ma anche come filtro per pipa, adattandosi cos\u00ec a tutti i piaceri del fumo. Scegli i filtri GIZEH Active per un&#8217;esperienza di fumo sinonimo di qualit\u00e0, gusto e piacere. Ogni boccata diventa un ricordo del meglio che il piacere di fumare ha da offrire.<\/p>\n<p>Indicazioni:<\/p>\n<p>&#8211; Tipo: Filtro a carboni attivi<br \/>\n&#8211; Diametro: 8 mm<br \/>\n&#8211; Contenuto: 200 pezzi per scatola<br \/>\n&#8211; Materiale: Granuli di carbone attivo purificato, tappi in ceramica EAN: 4002604131001<\/p>\n","protected":false},"excerpt":{"rendered":"<p>Scopri i filtri attivi GIZEH &#8211; Il tuo passaporto per il piacere di fumare di alta qualit\u00e0 I filtri attivi GIZEH non sono solo filtri, ma aprono anche le porte a una nuova dimensione del piacere di fumare. Ad ogni inalazione, senti la differenza e riscopri il tuo tabacco o le tue erbe in un [&hellip;]<\/p>\n","protected":false},"featured_media":7778,"comment_status":"open","ping_status":"closed","template":"","meta":{"_seopress_robots_primary_cat":"","_seopress_titles_title":"","_seopress_titles_desc":"","_seopress_robots_index":""},"product_brand":[],"product_cat":[659],"product_tag":[],"class_list":{"0":"post-19707","1":"product","2":"type-product","3":"status-publish","4":"has-post-thumbnail","6":"product_cat-filtri","9":"instock","10":"taxable","11":"shipping-taxable","12":"purchasable","13":"product-type-simple","14":"product-grid-view"},"_links":{"self":[{"href":"https:\/\/greenkingdom.ch\/it\/wp-json\/wp\/v2\/product\/19707","targetHints":{"allow":["GET"]}}],"collection":[{"href":"https:\/\/greenkingdom.ch\/it\/wp-json\/wp\/v2\/product"}],"about":[{"href":"https:\/\/greenkingdom.ch\/it\/wp-json\/wp\/v2\/types\/product"}],"replies":[{"embeddable":true,"href":"https:\/\/greenkingdom.ch\/it\/wp-json\/wp\/v2\/comments?post=19707"}],"version-history":[{"count":0,"href":"https:\/\/greenkingdom.ch\/it\/wp-json\/wp\/v2\/product\/19707\/revisions"}],"wp:featuredmedia":[{"embeddable":true,"href":"https:\/\/greenkingdom.ch\/it\/wp-json\/wp\/v2\/media\/7778"}],"wp:attachment":[{"href":"https:\/\/greenkingdom.ch\/it\/wp-json\/wp\/v2\/media?parent=19707"}],"wp:term":[{"taxonomy":"product_brand","embeddable":true,"href":"https:\/\/greenkingdom.ch\/it\/wp-json\/wp\/v2\/product_brand?post=19707"},{"taxonomy":"product_cat","embeddable":true,"href":"https:\/\/greenkingdom.ch\/it\/wp-json\/wp\/v2\/product_cat?post=19707"},{"taxonomy":"product_tag","embeddable":true,"href":"https:\/\/greenkingdom.ch\/it\/wp-json\/wp\/v2\/product_tag?post=19707"}],"curies":[{"name":"wp","href":"https:\/\/api.w.org\/{rel}","templated":true}]}}