{"id":19710,"date":"2024-10-11T16:35:19","date_gmt":"2024-10-11T14:35:19","guid":{"rendered":"https:\/\/greenkingdom.ch\/product\/bilancia-on-balance-slate-nera-100g-x-0-01g\/"},"modified":"2024-10-11T16:35:19","modified_gmt":"2024-10-11T14:35:19","slug":"bilancia-on-balance-slate-nera-100g-x-0-01g","status":"publish","type":"product","link":"https:\/\/greenkingdom.ch\/it\/prodotto\/bilancia-on-balance-slate-nera-100g-x-0-01g\/","title":{"rendered":"Bilancia On Balance Slate Nera 100g x 0.01g"},"content":{"rendered":"<div class=\"value\">\n<h2>Balance On Balance SL-100 &#8211; Lo strumento ultraleggero ideale per monitorare con precisione il tuo peso!<\/h2>\n<p><\/p>\n<p><\/p>\n<h3>La Balance On Balance SL-100 \u00e8 l&#8217;ultimo gioiello delle bilance di precisione, progettata per semplificare la tua vita quotidiana. Questa tecnologia ultrasottile combina precisione ed eleganza per soddisfare tutte le tue esigenze. <\/h3>\n<p><\/p>\n<p><strong>Eleganza e compattezza:<\/strong> Il Balance On Balance SL-100 si distingue per il suo design elegante e le dimensioni compatte, ideali per un pratico uso quotidiano. La sua superficie morbida al tatto gli conferisce un aspetto moderno che si integra perfettamente in qualsiasi ambiente. <\/p>\n<p><\/p>\n<p><strong>Chic in grigio ardesia:<\/strong> Il grigio discreto di questa scala ti trasporter\u00e0 sulle vette delle Montagne Rocciose. Sia che tu stia cercando di raggiungere i tuoi obiettivi o che tu sia gi\u00e0 al top, l&#8217;SL-100 sar\u00e0 il tuo fedele compagno. <\/p>\n<p><\/p>\n<p><strong>Precisione tascabile:<\/strong> Nonostante le sue dimensioni ridotte, il Balance On Balance SL-100 offre un&#8217;impressionante capacit\u00e0 di 100 grammi con una precisione di 0,01 grammi. Che si tratti di cucina, design di gioielli o miscele di erbe, soddisfer\u00e0 tutte le tue esigenze. <\/p>\n<p><\/p>\n<p>Il futuro della gestione del peso \u00e8 nelle tue mani, con il Balance On Balance SL-100! Acquista oggi stesso questa bilancia ultrasottile ed elegante per un&#8217;esperienza di precisione e comfort come nessun&#8217;altra. <\/p>\n<p><\/p>\n<p><\/p>\n<h3>Indicazioni:<\/h3>\n<p><\/p>\n<ul>\n<li>Capacit\u00e0: 100 grammi<\/li>\n<li>Precisione: 0,01 grammi<\/li>\n<\/ul>\n<p><\/p>\n<p><\/p>\n<\/div>\n<div class=\"product attribute ean\"><strong class=\"type\">EAN<\/strong> <span class=\"value ean\">0810093450176<\/span><\/div>\n","protected":false},"excerpt":{"rendered":"<p>Balance On Balance SL-100 &#8211; Lo strumento ultraleggero ideale per monitorare con precisione il tuo peso! La Balance On Balance SL-100 \u00e8 l&#8217;ultimo gioiello delle bilance di precisione, progettata per semplificare la tua vita quotidiana. Questa tecnologia ultrasottile combina precisione ed eleganza per soddisfare tutte le tue esigenze. Eleganza e compattezza: Il Balance On Balance [&hellip;]<\/p>\n","protected":false},"featured_media":7799,"comment_status":"open","ping_status":"closed","template":"","meta":{"_seopress_robots_primary_cat":"","_seopress_titles_title":"","_seopress_titles_desc":"","_seopress_robots_index":""},"product_brand":[],"product_cat":[644],"product_tag":[],"class_list":{"0":"post-19710","1":"product","2":"type-product","3":"status-publish","4":"has-post-thumbnail","6":"product_cat-bilance","9":"instock","10":"taxable","11":"shipping-taxable","12":"purchasable","13":"product-type-simple","14":"product-grid-view"},"_links":{"self":[{"href":"https:\/\/greenkingdom.ch\/it\/wp-json\/wp\/v2\/product\/19710","targetHints":{"allow":["GET"]}}],"collection":[{"href":"https:\/\/greenkingdom.ch\/it\/wp-json\/wp\/v2\/product"}],"about":[{"href":"https:\/\/greenkingdom.ch\/it\/wp-json\/wp\/v2\/types\/product"}],"replies":[{"embeddable":true,"href":"https:\/\/greenkingdom.ch\/it\/wp-json\/wp\/v2\/comments?post=19710"}],"version-history":[{"count":0,"href":"https:\/\/greenkingdom.ch\/it\/wp-json\/wp\/v2\/product\/19710\/revisions"}],"wp:featuredmedia":[{"embeddable":true,"href":"https:\/\/greenkingdom.ch\/it\/wp-json\/wp\/v2\/media\/7799"}],"wp:attachment":[{"href":"https:\/\/greenkingdom.ch\/it\/wp-json\/wp\/v2\/media?parent=19710"}],"wp:term":[{"taxonomy":"product_brand","embeddable":true,"href":"https:\/\/greenkingdom.ch\/it\/wp-json\/wp\/v2\/product_brand?post=19710"},{"taxonomy":"product_cat","embeddable":true,"href":"https:\/\/greenkingdom.ch\/it\/wp-json\/wp\/v2\/product_cat?post=19710"},{"taxonomy":"product_tag","embeddable":true,"href":"https:\/\/greenkingdom.ch\/it\/wp-json\/wp\/v2\/product_tag?post=19710"}],"curies":[{"name":"wp","href":"https:\/\/api.w.org\/{rel}","templated":true}]}}