{"id":19733,"date":"2024-10-11T16:35:41","date_gmt":"2024-10-11T14:35:41","guid":{"rendered":"https:\/\/greenkingdom.ch\/product\/bruciatore-creme-brulee\/"},"modified":"2024-10-11T16:35:41","modified_gmt":"2024-10-11T14:35:41","slug":"bruciatore-creme-brulee","status":"publish","type":"product","link":"https:\/\/greenkingdom.ch\/it\/prodotto\/bruciatore-creme-brulee\/","title":{"rendered":"Bruciatore Cr\u00e8me Brul\u00e9e"},"content":{"rendered":"<p>Il bruciatore per cr\u00e8me br\u00fbl\u00e9e di FlameClassics \u00e8 una torcia semplice, stabile e pratica che pu\u00f2 essere bloccata. Offrendo un ottimo rapporto qualit\u00e0-prezzo, questo articolo ha una fiamma regolabile per un uso personalizzato. Ricaricabile e con un&#8217;altezza di 12 cm, questo elegante bruciatore \u00e8 disponibile in nero e rosso. EAN: 8711252388939.   <\/p>\n","protected":false},"excerpt":{"rendered":"<p>Il bruciatore per cr\u00e8me br\u00fbl\u00e9e di FlameClassics \u00e8 una torcia semplice, stabile e pratica che pu\u00f2 essere bloccata. Offrendo un ottimo rapporto qualit\u00e0-prezzo, questo articolo ha una fiamma regolabile per un uso personalizzato. Ricaricabile e con un&#8217;altezza di 12 cm, questo elegante bruciatore \u00e8 disponibile in nero e rosso. EAN: 8711252388939.<\/p>\n","protected":false},"featured_media":7832,"comment_status":"open","ping_status":"closed","template":"","meta":{"_seopress_robots_primary_cat":"","_seopress_titles_title":"","_seopress_titles_desc":"","_seopress_robots_index":""},"product_brand":[],"product_cat":[647],"product_tag":[],"class_list":{"0":"post-19733","1":"product","2":"type-product","3":"status-publish","4":"has-post-thumbnail","6":"product_cat-accendini","9":"instock","10":"taxable","11":"shipping-taxable","12":"purchasable","13":"product-type-simple","14":"product-grid-view"},"_links":{"self":[{"href":"https:\/\/greenkingdom.ch\/it\/wp-json\/wp\/v2\/product\/19733","targetHints":{"allow":["GET"]}}],"collection":[{"href":"https:\/\/greenkingdom.ch\/it\/wp-json\/wp\/v2\/product"}],"about":[{"href":"https:\/\/greenkingdom.ch\/it\/wp-json\/wp\/v2\/types\/product"}],"replies":[{"embeddable":true,"href":"https:\/\/greenkingdom.ch\/it\/wp-json\/wp\/v2\/comments?post=19733"}],"version-history":[{"count":0,"href":"https:\/\/greenkingdom.ch\/it\/wp-json\/wp\/v2\/product\/19733\/revisions"}],"wp:featuredmedia":[{"embeddable":true,"href":"https:\/\/greenkingdom.ch\/it\/wp-json\/wp\/v2\/media\/7832"}],"wp:attachment":[{"href":"https:\/\/greenkingdom.ch\/it\/wp-json\/wp\/v2\/media?parent=19733"}],"wp:term":[{"taxonomy":"product_brand","embeddable":true,"href":"https:\/\/greenkingdom.ch\/it\/wp-json\/wp\/v2\/product_brand?post=19733"},{"taxonomy":"product_cat","embeddable":true,"href":"https:\/\/greenkingdom.ch\/it\/wp-json\/wp\/v2\/product_cat?post=19733"},{"taxonomy":"product_tag","embeddable":true,"href":"https:\/\/greenkingdom.ch\/it\/wp-json\/wp\/v2\/product_tag?post=19733"}],"curies":[{"name":"wp","href":"https:\/\/api.w.org\/{rel}","templated":true}]}}