{"id":19753,"date":"2024-10-11T16:35:42","date_gmt":"2024-10-11T14:35:42","guid":{"rendered":"https:\/\/greenkingdom.ch\/product\/boveda-c-vault-medio-28g\/"},"modified":"2024-10-11T16:35:42","modified_gmt":"2024-10-11T14:35:42","slug":"boveda-c-vault-medio-28g","status":"publish","type":"product","link":"https:\/\/greenkingdom.ch\/it\/prodotto\/boveda-c-vault-medio-28g\/","title":{"rendered":"Boveda C Vault Medio 28g"},"content":{"rendered":"<p>The Boveda C Vault &#8211; La massima protezione per preservare la tua preziosa cannabis. Con il Boveda C Vault, puoi goderti una conservazione ottimale del tuo raccolto preservandone la freschezza. Protezione garantita contro muffe, disidratazione e perdita di terpeni. Questo baule preserva l&#8217;aroma, il sapore e la potenza della tua cannabis fino alla macinatura finale. Grazie all&#8217;innovativa tecnologia di Boveda, ogni molecola di acqua purificata circonda accuratamente terpeni e cannabinoidi per la massima protezione. Il suo design opaco in acciaio inossidabile impedisce l&#8217;invecchiamento della cannabis, mentre la guarnizione in silicone alimentare crea un ambiente ermetico prevenendo l&#8217;ossidazione. Inoltre, a differenza dei contenitori in vetro, il Boveda C Vault \u00e8 infrangibile. Il tuo Boveda viene consegnato sigillato in fabbrica per garantirne la qualit\u00e0. Sostituire ogni 3 mesi per un controllo ottimale dell&#8217;umidit\u00e0 a due vie. Scegli la soluzione perfetta per mantenere la tua cannabis fresca e al sicuro con il Boveda C Vault e goditi la migliore qualit\u00e0 grazie alla tecnologia avanzata di Boveda.   <\/p>\n","protected":false},"excerpt":{"rendered":"<p>The Boveda C Vault &#8211; La massima protezione per preservare la tua preziosa cannabis. Con il Boveda C Vault, puoi goderti una conservazione ottimale del tuo raccolto preservandone la freschezza. Protezione garantita contro muffe, disidratazione e perdita di terpeni. Questo baule preserva l&#8217;aroma, il sapore e la potenza della tua cannabis fino alla macinatura finale. [&hellip;]<\/p>\n","protected":false},"featured_media":7868,"comment_status":"open","ping_status":"closed","template":"","meta":{"_seopress_robots_primary_cat":"","_seopress_titles_title":"","_seopress_titles_desc":"","_seopress_robots_index":""},"product_brand":[],"product_cat":[665],"product_tag":[],"class_list":{"0":"post-19753","1":"product","2":"type-product","3":"status-publish","4":"has-post-thumbnail","6":"product_cat-stoccaggio","9":"instock","10":"taxable","11":"shipping-taxable","12":"purchasable","13":"product-type-simple","14":"product-grid-view"},"_links":{"self":[{"href":"https:\/\/greenkingdom.ch\/it\/wp-json\/wp\/v2\/product\/19753","targetHints":{"allow":["GET"]}}],"collection":[{"href":"https:\/\/greenkingdom.ch\/it\/wp-json\/wp\/v2\/product"}],"about":[{"href":"https:\/\/greenkingdom.ch\/it\/wp-json\/wp\/v2\/types\/product"}],"replies":[{"embeddable":true,"href":"https:\/\/greenkingdom.ch\/it\/wp-json\/wp\/v2\/comments?post=19753"}],"version-history":[{"count":0,"href":"https:\/\/greenkingdom.ch\/it\/wp-json\/wp\/v2\/product\/19753\/revisions"}],"wp:featuredmedia":[{"embeddable":true,"href":"https:\/\/greenkingdom.ch\/it\/wp-json\/wp\/v2\/media\/7868"}],"wp:attachment":[{"href":"https:\/\/greenkingdom.ch\/it\/wp-json\/wp\/v2\/media?parent=19753"}],"wp:term":[{"taxonomy":"product_brand","embeddable":true,"href":"https:\/\/greenkingdom.ch\/it\/wp-json\/wp\/v2\/product_brand?post=19753"},{"taxonomy":"product_cat","embeddable":true,"href":"https:\/\/greenkingdom.ch\/it\/wp-json\/wp\/v2\/product_cat?post=19753"},{"taxonomy":"product_tag","embeddable":true,"href":"https:\/\/greenkingdom.ch\/it\/wp-json\/wp\/v2\/product_tag?post=19753"}],"curies":[{"name":"wp","href":"https:\/\/api.w.org\/{rel}","templated":true}]}}