{"id":19754,"date":"2024-10-11T16:35:42","date_gmt":"2024-10-11T14:35:42","guid":{"rendered":"https:\/\/greenkingdom.ch\/product\/keramik-aschenbecher-alien-verde-ufo\/"},"modified":"2024-10-11T16:35:42","modified_gmt":"2024-10-11T14:35:42","slug":"keramik-aschenbecher-alien-verde-ufo","status":"publish","type":"product","link":"https:\/\/greenkingdom.ch\/it\/prodotto\/keramik-aschenbecher-alien-verde-ufo\/","title":{"rendered":"Keramik Aschenbecher Alien Verde UFO"},"content":{"rendered":"<p>Dai un&#8217;occhiata al nostro bellissimo posacenere in ceramica dal design innovativo: fumare con eleganza non \u00e8 mai stato cos\u00ec piacevole! Sei stanco dei posacenere che non si adattano al tuo stile di fumo? Il nostro posacenere in ceramica dal design innovativo \u00e8 proprio quello che fa per te! Rendi il tuo momento di fumata un&#8217;esperienza unica:<br \/>\n grazie a questo posacenere, fumare diventa un puro piacere. Il suo design innovativo aggiunge un tocco di lusso e originalit\u00e0 alla tua area fumatori. Che tu stia fumando sigarette, sigari o qualcos&#8217;altro, questo posacenere si adatter\u00e0 perfettamente al tuo stile. Ceramica premium per una lunga durata:<br \/>\n realizzato in ceramica di alta qualit\u00e0, questo posacenere non \u00e8 solo esteticamente gradevole ma anche resistente. Facile da pulire, ti servir\u00e0 fedelmente durante molte sessioni di fumo. Versatile per uso interno ed esterno:<br \/>\n Sia all&#8217;interno della casa che all&#8217;aperto sulla terrazza, questo versatile posacenere attirer\u00e0 davvero l&#8217;attenzione con il suo design elegante. Caratteristiche:<br \/>\n&#8211; Materiale: ceramica di alta qualit\u00e0<br \/>\n&#8211; Dimensioni: 95 mm di altezza, 110 mm di larghezza, 130 mm di profondit\u00e0 Ottieni subito questo posacenere in ceramica dal design innovativo e aggiungi stile ed eleganza alle tue pause sigaretta! EAN: 9010210061723 <\/p>\n","protected":false},"excerpt":{"rendered":"<p>Dai un&#8217;occhiata al nostro bellissimo posacenere in ceramica dal design innovativo: fumare con eleganza non \u00e8 mai stato cos\u00ec piacevole! Sei stanco dei posacenere che non si adattano al tuo stile di fumo? Il nostro posacenere in ceramica dal design innovativo \u00e8 proprio quello che fa per te! Rendi il tuo momento di fumata un&#8217;esperienza [&hellip;]<\/p>\n","protected":false},"featured_media":7859,"comment_status":"open","ping_status":"closed","template":"","meta":{"_seopress_robots_primary_cat":"","_seopress_titles_title":"","_seopress_titles_desc":"","_seopress_robots_index":""},"product_brand":[],"product_cat":[650],"product_tag":[],"class_list":{"0":"post-19754","1":"product","2":"type-product","3":"status-publish","4":"has-post-thumbnail","6":"product_cat-posacenere","9":"instock","10":"taxable","11":"shipping-taxable","12":"purchasable","13":"product-type-simple","14":"product-grid-view"},"_links":{"self":[{"href":"https:\/\/greenkingdom.ch\/it\/wp-json\/wp\/v2\/product\/19754","targetHints":{"allow":["GET"]}}],"collection":[{"href":"https:\/\/greenkingdom.ch\/it\/wp-json\/wp\/v2\/product"}],"about":[{"href":"https:\/\/greenkingdom.ch\/it\/wp-json\/wp\/v2\/types\/product"}],"replies":[{"embeddable":true,"href":"https:\/\/greenkingdom.ch\/it\/wp-json\/wp\/v2\/comments?post=19754"}],"version-history":[{"count":0,"href":"https:\/\/greenkingdom.ch\/it\/wp-json\/wp\/v2\/product\/19754\/revisions"}],"wp:featuredmedia":[{"embeddable":true,"href":"https:\/\/greenkingdom.ch\/it\/wp-json\/wp\/v2\/media\/7859"}],"wp:attachment":[{"href":"https:\/\/greenkingdom.ch\/it\/wp-json\/wp\/v2\/media?parent=19754"}],"wp:term":[{"taxonomy":"product_brand","embeddable":true,"href":"https:\/\/greenkingdom.ch\/it\/wp-json\/wp\/v2\/product_brand?post=19754"},{"taxonomy":"product_cat","embeddable":true,"href":"https:\/\/greenkingdom.ch\/it\/wp-json\/wp\/v2\/product_cat?post=19754"},{"taxonomy":"product_tag","embeddable":true,"href":"https:\/\/greenkingdom.ch\/it\/wp-json\/wp\/v2\/product_tag?post=19754"}],"curies":[{"name":"wp","href":"https:\/\/api.w.org\/{rel}","templated":true}]}}