{"id":19768,"date":"2024-10-11T16:35:43","date_gmt":"2024-10-11T14:35:43","guid":{"rendered":"https:\/\/greenkingdom.ch\/product\/tightvac-breadvac-solid-nero-10l\/"},"modified":"2024-10-11T16:35:43","modified_gmt":"2024-10-11T14:35:43","slug":"tightvac-breadvac-solid-nero-10l","status":"publish","type":"product","link":"https:\/\/greenkingdom.ch\/it\/prodotto\/tightvac-breadvac-solid-nero-10l\/","title":{"rendered":"Tightvac Breadvac Solid Nero 10L"},"content":{"rendered":"<p>Scopri il Tightvac 10L &#8211; Mantieni le tue erbe fresche con discrezione! Il Tightvac 10L \u00e8 completamente inodore grazie alla sua rivoluzionaria tecnologia del vuoto! Chiudendo la scatola, si crea un potente aspirapolvere per evitare la fuoriuscita di qualsiasi odore. Premendo il pulsante dell&#8217;aspirapolvere, puoi facilmente aprire la scatola e poi chiuderla ermeticamente per mantenere le tue erbe o il tuo tabacco freschi e conservati. Questo contenitore \u00e8 ideale per i festival, la canoa e tutte le tue attivit\u00e0 all&#8217;aperto. Pu\u00f2 essere utilizzato anche come contenitore fresco a casa. Caratteristiche :<br \/>\n&#8211; Diametro : 35,6 cm<br \/>\n &#8211; Altezza : 21,5 cm<br \/>\n &#8211; Capacit\u00e0 : 10L Concedetevi la freschezza con il Tightvac 10L &#8211; EAN: 810030080879 <\/p>\n","protected":false},"excerpt":{"rendered":"<p>Scopri il Tightvac 10L &#8211; Mantieni le tue erbe fresche con discrezione! Il Tightvac 10L \u00e8 completamente inodore grazie alla sua rivoluzionaria tecnologia del vuoto! Chiudendo la scatola, si crea un potente aspirapolvere per evitare la fuoriuscita di qualsiasi odore. Premendo il pulsante dell&#8217;aspirapolvere, puoi facilmente aprire la scatola e poi chiuderla ermeticamente per mantenere [&hellip;]<\/p>\n","protected":false},"featured_media":7895,"comment_status":"open","ping_status":"closed","template":"","meta":{"_seopress_robots_primary_cat":"","_seopress_titles_title":"","_seopress_titles_desc":"","_seopress_robots_index":""},"product_brand":[],"product_cat":[665],"product_tag":[],"class_list":{"0":"post-19768","1":"product","2":"type-product","3":"status-publish","4":"has-post-thumbnail","6":"product_cat-stoccaggio","9":"instock","10":"taxable","11":"shipping-taxable","12":"purchasable","13":"product-type-simple","14":"product-grid-view"},"_links":{"self":[{"href":"https:\/\/greenkingdom.ch\/it\/wp-json\/wp\/v2\/product\/19768","targetHints":{"allow":["GET"]}}],"collection":[{"href":"https:\/\/greenkingdom.ch\/it\/wp-json\/wp\/v2\/product"}],"about":[{"href":"https:\/\/greenkingdom.ch\/it\/wp-json\/wp\/v2\/types\/product"}],"replies":[{"embeddable":true,"href":"https:\/\/greenkingdom.ch\/it\/wp-json\/wp\/v2\/comments?post=19768"}],"version-history":[{"count":0,"href":"https:\/\/greenkingdom.ch\/it\/wp-json\/wp\/v2\/product\/19768\/revisions"}],"wp:featuredmedia":[{"embeddable":true,"href":"https:\/\/greenkingdom.ch\/it\/wp-json\/wp\/v2\/media\/7895"}],"wp:attachment":[{"href":"https:\/\/greenkingdom.ch\/it\/wp-json\/wp\/v2\/media?parent=19768"}],"wp:term":[{"taxonomy":"product_brand","embeddable":true,"href":"https:\/\/greenkingdom.ch\/it\/wp-json\/wp\/v2\/product_brand?post=19768"},{"taxonomy":"product_cat","embeddable":true,"href":"https:\/\/greenkingdom.ch\/it\/wp-json\/wp\/v2\/product_cat?post=19768"},{"taxonomy":"product_tag","embeddable":true,"href":"https:\/\/greenkingdom.ch\/it\/wp-json\/wp\/v2\/product_tag?post=19768"}],"curies":[{"name":"wp","href":"https:\/\/api.w.org\/{rel}","templated":true}]}}