{"id":19776,"date":"2024-10-11T16:35:43","date_gmt":"2024-10-11T14:35:43","guid":{"rendered":"https:\/\/greenkingdom.ch\/product\/medtainer-xl-nero\/"},"modified":"2024-10-11T16:35:43","modified_gmt":"2024-10-11T14:35:43","slug":"medtainer-xl-nero","status":"publish","type":"product","link":"https:\/\/greenkingdom.ch\/it\/prodotto\/medtainer-xl-nero\/","title":{"rendered":"Medtainer XL Nero"},"content":{"rendered":"<p>Cerchi la soluzione di archiviazione perfetta, pratica e versatile? Scopri il Medtainer! Un&#8217;ingegnosa combinazione di macinacaff\u00e8 e miscelatore in un design compatto, ideale per tutti i tuoi viaggi. Originariamente progettato per macinare medicinali, il Medtainer \u00e8 diventato un accessorio indispensabile in vari campi come il t\u00e8, la cucina, il caff\u00e8, i prodotti farmaceutici e persino la medicina veterinaria. Naturalmente, \u00e8 anche perfetto per macinare la tua erba preferita! Che si tratti di festival, al lago o in viaggio, il Medtainer sar\u00e0 sempre il vostro fedele compagno. Il suo robusto design in plastica, approvato dalla FDA, garantisce una conservazione sicura di tutti i tuoi utensili. Non perdete l&#8217;occasione di godere quotidianamente della comodit\u00e0 offerta dal Medtainer. Ordina subito questa esclusiva scatola di immagazzinaggio con macinacaff\u00e8 e mixer integrati per un&#8217;esperienza comoda e funzionale in movimento. Caratteristiche:<br \/>\n&#8211; Capacit\u00e0: 140 ml<br \/>\n&#8211; Diametro: 55 mm<br \/>\n&#8211; Altezza: 107 mm Non aspettare oltre per migliorare la tua vita quotidiana e ordina il tuo Medtainer oggi!  <\/p>\n","protected":false},"excerpt":{"rendered":"<p>Cerchi la soluzione di archiviazione perfetta, pratica e versatile? Scopri il Medtainer! Un&#8217;ingegnosa combinazione di macinacaff\u00e8 e miscelatore in un design compatto, ideale per tutti i tuoi viaggi. Originariamente progettato per macinare medicinali, il Medtainer \u00e8 diventato un accessorio indispensabile in vari campi come il t\u00e8, la cucina, il caff\u00e8, i prodotti farmaceutici e persino [&hellip;]<\/p>\n","protected":false},"featured_media":7886,"comment_status":"open","ping_status":"closed","template":"","meta":{"_seopress_robots_primary_cat":"","_seopress_titles_title":"","_seopress_titles_desc":"","_seopress_robots_index":""},"product_brand":[],"product_cat":[665],"product_tag":[],"class_list":{"0":"post-19776","1":"product","2":"type-product","3":"status-publish","4":"has-post-thumbnail","6":"product_cat-stoccaggio","9":"instock","10":"taxable","11":"shipping-taxable","12":"purchasable","13":"product-type-simple","14":"product-grid-view"},"_links":{"self":[{"href":"https:\/\/greenkingdom.ch\/it\/wp-json\/wp\/v2\/product\/19776","targetHints":{"allow":["GET"]}}],"collection":[{"href":"https:\/\/greenkingdom.ch\/it\/wp-json\/wp\/v2\/product"}],"about":[{"href":"https:\/\/greenkingdom.ch\/it\/wp-json\/wp\/v2\/types\/product"}],"replies":[{"embeddable":true,"href":"https:\/\/greenkingdom.ch\/it\/wp-json\/wp\/v2\/comments?post=19776"}],"version-history":[{"count":0,"href":"https:\/\/greenkingdom.ch\/it\/wp-json\/wp\/v2\/product\/19776\/revisions"}],"wp:featuredmedia":[{"embeddable":true,"href":"https:\/\/greenkingdom.ch\/it\/wp-json\/wp\/v2\/media\/7886"}],"wp:attachment":[{"href":"https:\/\/greenkingdom.ch\/it\/wp-json\/wp\/v2\/media?parent=19776"}],"wp:term":[{"taxonomy":"product_brand","embeddable":true,"href":"https:\/\/greenkingdom.ch\/it\/wp-json\/wp\/v2\/product_brand?post=19776"},{"taxonomy":"product_cat","embeddable":true,"href":"https:\/\/greenkingdom.ch\/it\/wp-json\/wp\/v2\/product_cat?post=19776"},{"taxonomy":"product_tag","embeddable":true,"href":"https:\/\/greenkingdom.ch\/it\/wp-json\/wp\/v2\/product_tag?post=19776"}],"curies":[{"name":"wp","href":"https:\/\/api.w.org\/{rel}","templated":true}]}}