{"id":20517,"date":"2024-11-29T14:32:04","date_gmt":"2024-11-29T13:32:04","guid":{"rendered":"https:\/\/greenkingdom.ch\/?post_type=product&#038;p=20517"},"modified":"2025-01-02T15:38:57","modified_gmt":"2025-01-02T14:38:57","slug":"nutrienti-avanzati-overdrive-500ml","status":"publish","type":"product","link":"https:\/\/greenkingdom.ch\/it\/prodotto\/nutrienti-avanzati-overdrive-500ml\/","title":{"rendered":"Nutrienti avanzati Overdrive 500ml"},"content":{"rendered":"<p>Scopri Overdrive\u00ae, il segreto dell&#8217;appassionato giardiniere per ottenere piante eccezionali. Con il suo rapporto NPK di 1-5-4, questo indurente per cime di alta qualit\u00e0 aumenta le prestazioni del tuo giardino fino al traguardo. Sviluppato dal nostro team di scienziati, Overdrive offre un perfetto equilibrio di fosforo e magnesio per ottimizzare i trasferimenti di energia nelle tue piante, portandole a produrre fiori rigogliosi e abbondanti. Ti aspettano incredibili benefici:<br \/>\n&#8211; Cime pesanti e dense a causa dell&#8217;aumento di peso tardivo.<br \/>\n&#8211; Energia inaspettata per mantenere le massime prestazioni durante tutto il ciclo di crescita.<br \/>\n&#8211; Nutrimento robusto per prolungare la vita delle tue piante. Overdrive\u00ae \u00e8 compatibile con vari substrati idroponici e tutti i sistemi di irrigazione liquida, come l&#8217;aeroponica, la coltivazione in acque profonde, ecc. Affidati alla qualit\u00e0 Advanced Nutrients, utilizzabile con tutti i tipi di fertilizzanti senza compromettere la salute delle tue piante. Scegli Overdrive\u00ae e goditi una crescita sana e naturale, senza regolatori di crescita discutibili. Non esitare, aggiungi Overdrive\u00ae alla tua routine di giardinaggio oggi e guarda le tue piante fiorire come mai prima d&#8217;ora!  <\/p>\n","protected":false},"excerpt":{"rendered":"<p>Scopri Overdrive\u00ae, il segreto dell&#8217;appassionato giardiniere per ottenere piante eccezionali. Con il suo rapporto NPK di 1-5-4, questo indurente per cime di alta qualit\u00e0 aumenta le prestazioni del tuo giardino fino al traguardo. Sviluppato dal nostro team di scienziati, Overdrive offre un perfetto equilibrio di fosforo e magnesio per ottimizzare i trasferimenti di energia nelle [&hellip;]<\/p>\n","protected":false},"featured_media":8864,"comment_status":"open","ping_status":"closed","template":"","meta":{"_seopress_robots_primary_cat":"none","_seopress_titles_title":"Nutrienti avanzati Overdrive 500ml","_seopress_titles_desc":"Trasforma le tue piante in produttori di alto livello con Overdrive\u00ae. Con un rapporto NPK di 1-5-4, questo indurente per cime di alta qualit\u00e0 invita il tuo giardino a dare il meglio di s\u00e9 fino al traguardo. Il nostro team di scienziati ha sviluppato Overdrive con quantit\u00e0 ideali di fosforo e magnesio per creare le condizioni ottimali per catalizzare i trasferimenti di energia nelle tue piante.  ","_seopress_robots_index":""},"product_brand":[],"product_cat":[569],"product_tag":[285],"class_list":{"0":"post-20517","1":"product","2":"type-product","3":"status-publish","4":"has-post-thumbnail","6":"product_cat-advanced-nutrients-it","7":"product_tag-advanced-nutrients-2","10":"instock","11":"taxable","12":"shipping-taxable","13":"purchasable","14":"product-type-simple","15":"product-grid-view"},"_links":{"self":[{"href":"https:\/\/greenkingdom.ch\/it\/wp-json\/wp\/v2\/product\/20517","targetHints":{"allow":["GET"]}}],"collection":[{"href":"https:\/\/greenkingdom.ch\/it\/wp-json\/wp\/v2\/product"}],"about":[{"href":"https:\/\/greenkingdom.ch\/it\/wp-json\/wp\/v2\/types\/product"}],"replies":[{"embeddable":true,"href":"https:\/\/greenkingdom.ch\/it\/wp-json\/wp\/v2\/comments?post=20517"}],"version-history":[{"count":2,"href":"https:\/\/greenkingdom.ch\/it\/wp-json\/wp\/v2\/product\/20517\/revisions"}],"predecessor-version":[{"id":20541,"href":"https:\/\/greenkingdom.ch\/it\/wp-json\/wp\/v2\/product\/20517\/revisions\/20541"}],"wp:featuredmedia":[{"embeddable":true,"href":"https:\/\/greenkingdom.ch\/it\/wp-json\/wp\/v2\/media\/8864"}],"wp:attachment":[{"href":"https:\/\/greenkingdom.ch\/it\/wp-json\/wp\/v2\/media?parent=20517"}],"wp:term":[{"taxonomy":"product_brand","embeddable":true,"href":"https:\/\/greenkingdom.ch\/it\/wp-json\/wp\/v2\/product_brand?post=20517"},{"taxonomy":"product_cat","embeddable":true,"href":"https:\/\/greenkingdom.ch\/it\/wp-json\/wp\/v2\/product_cat?post=20517"},{"taxonomy":"product_tag","embeddable":true,"href":"https:\/\/greenkingdom.ch\/it\/wp-json\/wp\/v2\/product_tag?post=20517"}],"curies":[{"name":"wp","href":"https:\/\/api.w.org\/{rel}","templated":true}]}}