{"id":20794,"date":"2024-12-03T13:32:00","date_gmt":"2024-12-03T12:32:00","guid":{"rendered":"https:\/\/greenkingdom.ch\/product\/f-max-bbk-pure-100ml\/"},"modified":"2025-01-02T15:35:04","modified_gmt":"2025-01-02T14:35:04","slug":"f-max-bbk-pure-100ml","status":"publish","type":"product","link":"https:\/\/greenkingdom.ch\/it\/prodotto\/f-max-bbk-pure-100ml\/","title":{"rendered":"F-Max BBK Puro 100ml"},"content":{"rendered":"<h2>BBK-PURE di F-Max Holland<\/h2>\n<h3>Questo fertilizzante fogliare organico \u00e8 ottenuto da estratti vegetali di alta qualit\u00e0 ed \u00e8 un vero tesoro per le tue piante.<\/h3>\n<p>BBK-PURE non solo contiene i preziosi nutrienti di cui le tue piante hanno bisogno per una crescita sana, ma ha anche un ulteriore vantaggio. Grazie all&#8217;aggiunta unica di acidi grassi saponificati dall&#8217;olio di colza, le foglie delle tue piante rimangono meravigliosamente verdi e pulite. Ti starai chiedendo cosa sono gli acidi grassi saponificati e a cosa servono. Ebbene, sono anche usati nell&#8217;orticoltura professionale per controllare gli insetti dal corpo molle. Avete mai sentito parlare di acari, mosche bianche e afidi? Il BBK-PURE aiuta efficacemente a tenere a bada questi fastidiosi parassiti e a mantenere le tue piante sane e forti. Sicuramente vuoi che le tue piante brillino brillantemente, giusto? Questo \u00e8 esattamente ci\u00f2 che puoi fare con BBK-PURE di F-Max Holland. Le tue piante ti ringrazieranno per i preziosi nutrienti e la protezione contro i parassiti. Quindi non aspettare oltre! Dai alle tue piante il meglio di ci\u00f2 che la natura ha da offrire con BBK-PURE di F-Max Holland. Prendilo ora e guarda le tue piante fiorire in tutto il loro splendore! <\/p>\n","protected":false},"excerpt":{"rendered":"<p>BBK-PURE di F-Max Holland Questo fertilizzante fogliare organico \u00e8 ottenuto da estratti vegetali di alta qualit\u00e0 ed \u00e8 un vero tesoro per le tue piante. BBK-PURE non solo contiene i preziosi nutrienti di cui le tue piante hanno bisogno per una crescita sana, ma ha anche un ulteriore vantaggio. Grazie all&#8217;aggiunta unica di acidi grassi [&hellip;]<\/p>\n","protected":false},"featured_media":20778,"comment_status":"open","ping_status":"closed","template":"","meta":{"_seopress_robots_primary_cat":"none","_seopress_titles_title":"F-Max BBK Puro (100ml) - Regno Verde","_seopress_titles_desc":"Grazie all'aggiunta unica di acidi grassi saponificati dall'olio di colza, le foglie delle tue piante rimangono meravigliosamente verdi e pulite.","_seopress_robots_index":""},"product_brand":[],"product_cat":[683],"product_tag":[687],"class_list":{"0":"post-20794","1":"product","2":"type-product","3":"status-publish","4":"has-post-thumbnail","6":"product_cat-f-max-it","7":"product_tag-f-max-it","10":"instock","11":"taxable","12":"shipping-taxable","13":"purchasable","14":"product-type-simple","15":"product-grid-view"},"_links":{"self":[{"href":"https:\/\/greenkingdom.ch\/it\/wp-json\/wp\/v2\/product\/20794","targetHints":{"allow":["GET"]}}],"collection":[{"href":"https:\/\/greenkingdom.ch\/it\/wp-json\/wp\/v2\/product"}],"about":[{"href":"https:\/\/greenkingdom.ch\/it\/wp-json\/wp\/v2\/types\/product"}],"replies":[{"embeddable":true,"href":"https:\/\/greenkingdom.ch\/it\/wp-json\/wp\/v2\/comments?post=20794"}],"version-history":[{"count":3,"href":"https:\/\/greenkingdom.ch\/it\/wp-json\/wp\/v2\/product\/20794\/revisions"}],"predecessor-version":[{"id":27664,"href":"https:\/\/greenkingdom.ch\/it\/wp-json\/wp\/v2\/product\/20794\/revisions\/27664"}],"wp:featuredmedia":[{"embeddable":true,"href":"https:\/\/greenkingdom.ch\/it\/wp-json\/wp\/v2\/media\/20778"}],"wp:attachment":[{"href":"https:\/\/greenkingdom.ch\/it\/wp-json\/wp\/v2\/media?parent=20794"}],"wp:term":[{"taxonomy":"product_brand","embeddable":true,"href":"https:\/\/greenkingdom.ch\/it\/wp-json\/wp\/v2\/product_brand?post=20794"},{"taxonomy":"product_cat","embeddable":true,"href":"https:\/\/greenkingdom.ch\/it\/wp-json\/wp\/v2\/product_cat?post=20794"},{"taxonomy":"product_tag","embeddable":true,"href":"https:\/\/greenkingdom.ch\/it\/wp-json\/wp\/v2\/product_tag?post=20794"}],"curies":[{"name":"wp","href":"https:\/\/api.w.org\/{rel}","templated":true}]}}