{"id":20934,"date":"2024-12-03T14:34:01","date_gmt":"2024-12-03T13:34:01","guid":{"rendered":"https:\/\/greenkingdom.ch\/?post_type=product&#038;p=20934"},"modified":"2025-01-02T15:31:47","modified_gmt":"2025-01-02T14:31:47","slug":"f-max-essential-kick-4-kg","status":"publish","type":"product","link":"https:\/\/greenkingdom.ch\/it\/prodotto\/f-max-essential-kick-4-kg\/","title":{"rendered":"F-Max Essential Kick 4x 1 Kg"},"content":{"rendered":"<p>Con questo fertilizzante appositamente sviluppato, otterrai il meglio di ci\u00f2 che le tue piante possono desiderare. Grazie al rapporto equilibrato di stimolanti, chelati e oligoelementi e ai buoni rapporti NPK, l&#8217;assorbimento \u00e8 ideale. Ha un alto grado di purezza e non contiene fibre. Adatto a tutte le colture di frutta e fiori e pu\u00f2 essere utilizzato su quasi tutti i tipi di terreno. Pu\u00f2 essere utilizzato durante tutto il periodo di fioritura. Contiene tutti i micro e macronutrienti, stimolatori e polifosfati necessari. Dosaggio: 1 bustina (75g) \/ 50L di acqua (porta ad un aumento di EC 1.6) (PH 5.5 &#8211; 6.5)     <\/p>\n","protected":false},"excerpt":{"rendered":"<p>Con questo fertilizzante appositamente sviluppato, otterrai il meglio di ci\u00f2 che le tue piante possono desiderare. Grazie al rapporto equilibrato di stimolanti, chelati e oligoelementi e ai buoni rapporti NPK, l&#8217;assorbimento \u00e8 ideale. Ha un alto grado di purezza e non contiene fibre. Adatto a tutte le colture di frutta e fiori e pu\u00f2 essere [&hellip;]<\/p>\n","protected":false},"featured_media":20938,"comment_status":"open","ping_status":"closed","template":"","meta":{"_seopress_robots_primary_cat":"none","_seopress_titles_title":"F-Max Essential Kick (4x 1 kg) - Regno Verde","_seopress_titles_desc":"Con questo fertilizzante appositamente sviluppato, otterrai il meglio di ci\u00f2 che le tue piante possono desiderare.","_seopress_robots_index":""},"product_brand":[],"product_cat":[683],"product_tag":[687],"class_list":{"0":"post-20934","1":"product","2":"type-product","3":"status-publish","4":"has-post-thumbnail","6":"product_cat-f-max-it","7":"product_tag-f-max-it","10":"instock","11":"taxable","12":"shipping-taxable","13":"purchasable","14":"product-type-simple","15":"product-grid-view"},"_links":{"self":[{"href":"https:\/\/greenkingdom.ch\/it\/wp-json\/wp\/v2\/product\/20934","targetHints":{"allow":["GET"]}}],"collection":[{"href":"https:\/\/greenkingdom.ch\/it\/wp-json\/wp\/v2\/product"}],"about":[{"href":"https:\/\/greenkingdom.ch\/it\/wp-json\/wp\/v2\/types\/product"}],"replies":[{"embeddable":true,"href":"https:\/\/greenkingdom.ch\/it\/wp-json\/wp\/v2\/comments?post=20934"}],"version-history":[{"count":4,"href":"https:\/\/greenkingdom.ch\/it\/wp-json\/wp\/v2\/product\/20934\/revisions"}],"predecessor-version":[{"id":27614,"href":"https:\/\/greenkingdom.ch\/it\/wp-json\/wp\/v2\/product\/20934\/revisions\/27614"}],"wp:featuredmedia":[{"embeddable":true,"href":"https:\/\/greenkingdom.ch\/it\/wp-json\/wp\/v2\/media\/20938"}],"wp:attachment":[{"href":"https:\/\/greenkingdom.ch\/it\/wp-json\/wp\/v2\/media?parent=20934"}],"wp:term":[{"taxonomy":"product_brand","embeddable":true,"href":"https:\/\/greenkingdom.ch\/it\/wp-json\/wp\/v2\/product_brand?post=20934"},{"taxonomy":"product_cat","embeddable":true,"href":"https:\/\/greenkingdom.ch\/it\/wp-json\/wp\/v2\/product_cat?post=20934"},{"taxonomy":"product_tag","embeddable":true,"href":"https:\/\/greenkingdom.ch\/it\/wp-json\/wp\/v2\/product_tag?post=20934"}],"curies":[{"name":"wp","href":"https:\/\/api.w.org\/{rel}","templated":true}]}}