{"id":21245,"date":"2024-12-03T16:09:15","date_gmt":"2024-12-03T15:09:15","guid":{"rendered":"https:\/\/greenkingdom.ch\/?post_type=product&#038;p=21245"},"modified":"2025-01-02T15:29:40","modified_gmt":"2025-01-02T14:29:40","slug":"f-max-silicon-treatment-100ml","status":"publish","type":"product","link":"https:\/\/greenkingdom.ch\/it\/prodotto\/f-max-silicon-treatment-100ml\/","title":{"rendered":"F-Max Trattamento al Silicone 100ml"},"content":{"rendered":"<p><strong>F-Max Silicon Treatment \u00e8 un concentrato di<\/strong> silicio di alta qualit\u00e0, progettato per l&#8217;uso durante l&#8217;intero ciclo di crescita in tutti gli alimentatori di base. Con un rapporto di almeno 1:10.000, \u00e8 uno dei prodotti in silicio pi\u00f9 potenti e puri disponibili sul mercato, offrendo un eccellente rapporto qualit\u00e0-prezzo. <strong>Silicium Treatment<\/strong> ottimizza i risultati delle tue colture rafforzando la struttura cellulare delle piante, migliorando la loro resistenza allo stress e favorendo il loro sviluppo generale. Ideale per massimizzare le prestazioni durante tutto il ciclo di crescita, questo prodotto garantisce piante pi\u00f9 forti e sane. <\/p>\n","protected":false},"excerpt":{"rendered":"<p>F-Max Silicon Treatment \u00e8 un concentrato di silicio di alta qualit\u00e0, progettato per l&#8217;uso durante l&#8217;intero ciclo di crescita in tutti gli alimentatori di base. Con un rapporto di almeno 1:10.000, \u00e8 uno dei prodotti in silicio pi\u00f9 potenti e puri disponibili sul mercato, offrendo un eccellente rapporto qualit\u00e0-prezzo. Silicium Treatment ottimizza i risultati delle [&hellip;]<\/p>\n","protected":false},"featured_media":21249,"comment_status":"open","ping_status":"closed","template":"","meta":{"_seopress_robots_primary_cat":"none","_seopress_titles_title":"Trattamento al silicone F-Max (100ml) - Green Kingdom","_seopress_titles_desc":"F-Max Silicon Treatment \u00e8 un concentrato di silicio di alta qualit\u00e0, progettato per l'uso durante l'intero ciclo di crescita in tutti gli alimentatori di base.","_seopress_robots_index":""},"product_brand":[],"product_cat":[683],"product_tag":[687],"class_list":{"0":"post-21245","1":"product","2":"type-product","3":"status-publish","4":"has-post-thumbnail","6":"product_cat-f-max-it","7":"product_tag-f-max-it","10":"instock","11":"taxable","12":"shipping-taxable","13":"purchasable","14":"product-type-simple","15":"product-grid-view"},"_links":{"self":[{"href":"https:\/\/greenkingdom.ch\/it\/wp-json\/wp\/v2\/product\/21245","targetHints":{"allow":["GET"]}}],"collection":[{"href":"https:\/\/greenkingdom.ch\/it\/wp-json\/wp\/v2\/product"}],"about":[{"href":"https:\/\/greenkingdom.ch\/it\/wp-json\/wp\/v2\/types\/product"}],"replies":[{"embeddable":true,"href":"https:\/\/greenkingdom.ch\/it\/wp-json\/wp\/v2\/comments?post=21245"}],"version-history":[{"count":3,"href":"https:\/\/greenkingdom.ch\/it\/wp-json\/wp\/v2\/product\/21245\/revisions"}],"predecessor-version":[{"id":27590,"href":"https:\/\/greenkingdom.ch\/it\/wp-json\/wp\/v2\/product\/21245\/revisions\/27590"}],"wp:featuredmedia":[{"embeddable":true,"href":"https:\/\/greenkingdom.ch\/it\/wp-json\/wp\/v2\/media\/21249"}],"wp:attachment":[{"href":"https:\/\/greenkingdom.ch\/it\/wp-json\/wp\/v2\/media?parent=21245"}],"wp:term":[{"taxonomy":"product_brand","embeddable":true,"href":"https:\/\/greenkingdom.ch\/it\/wp-json\/wp\/v2\/product_brand?post=21245"},{"taxonomy":"product_cat","embeddable":true,"href":"https:\/\/greenkingdom.ch\/it\/wp-json\/wp\/v2\/product_cat?post=21245"},{"taxonomy":"product_tag","embeddable":true,"href":"https:\/\/greenkingdom.ch\/it\/wp-json\/wp\/v2\/product_tag?post=21245"}],"curies":[{"name":"wp","href":"https:\/\/api.w.org\/{rel}","templated":true}]}}