{"id":21290,"date":"2024-12-03T16:26:08","date_gmt":"2024-12-03T15:26:08","guid":{"rendered":"https:\/\/greenkingdom.ch\/?post_type=product&#038;p=21290"},"modified":"2025-01-02T15:29:46","modified_gmt":"2025-01-02T14:29:46","slug":"f-max-soil-upgrader-5kg","status":"publish","type":"product","link":"https:\/\/greenkingdom.ch\/it\/prodotto\/f-max-soil-upgrader-5kg\/","title":{"rendered":"F-Max Soillifter 5kg"},"content":{"rendered":"<p><strong>F-Max Polvere per il Recupero del Suolo &#8211; 5kg<\/strong><\/p>\n<p>Non c&#8217;\u00e8 bisogno di sostituire il terreno dopo ogni ciclo di crescita! Con <strong>il SOIL UPGRADER<\/strong> di F-Max, puoi riportare in vita il tuo terreno e riattivarlo per una nuova coltura. Questo prodotto \u00e8 progettato per rivitalizzare il terreno fornendo microrganismi, batteri benefici, minerali, calce, lieviti e stimolanti. <strong>SOIL UPGRADER ripristina la<\/strong> struttura ottimale del suolo, essenziale per mantenere un buon equilibrio aria-acqua, favorendo cos\u00ec una migliore aerazione e un pi\u00f9 efficiente assorbimento di acqua e sostanze nutritive. Un prodotto ideale per rinnovare e migliorare la qualit\u00e0 del tuo terreno, garantendo condizioni di crescita perfette per le tue prossime colture.  <\/p>\n","protected":false},"excerpt":{"rendered":"<p>F-Max Polvere per il Recupero del Suolo &#8211; 5kg Non c&#8217;\u00e8 bisogno di sostituire il terreno dopo ogni ciclo di crescita! Con il SOIL UPGRADER di F-Max, puoi riportare in vita il tuo terreno e riattivarlo per una nuova coltura. Questo prodotto \u00e8 progettato per rivitalizzare il terreno fornendo microrganismi, batteri benefici, minerali, calce, lieviti [&hellip;]<\/p>\n","protected":false},"featured_media":21294,"comment_status":"open","ping_status":"closed","template":"","meta":{"_seopress_robots_primary_cat":"none","_seopress_titles_title":"F-Max Soil Upgrader (5kg) - Green Kingdom","_seopress_titles_desc":"SOIL UPGRADER ripristina la struttura ottimale del suolo, essenziale per mantenere un buon equilibrio aria-acqua, favorendo cos\u00ec una migliore aerazione e un pi\u00f9 efficiente assorbimento di acqua e sostanze nutritive.","_seopress_robots_index":""},"product_brand":[],"product_cat":[683],"product_tag":[687],"class_list":{"0":"post-21290","1":"product","2":"type-product","3":"status-publish","4":"has-post-thumbnail","6":"product_cat-f-max-it","7":"product_tag-f-max-it","10":"instock","11":"taxable","12":"shipping-taxable","13":"purchasable","14":"product-type-simple","15":"product-grid-view"},"_links":{"self":[{"href":"https:\/\/greenkingdom.ch\/it\/wp-json\/wp\/v2\/product\/21290","targetHints":{"allow":["GET"]}}],"collection":[{"href":"https:\/\/greenkingdom.ch\/it\/wp-json\/wp\/v2\/product"}],"about":[{"href":"https:\/\/greenkingdom.ch\/it\/wp-json\/wp\/v2\/types\/product"}],"replies":[{"embeddable":true,"href":"https:\/\/greenkingdom.ch\/it\/wp-json\/wp\/v2\/comments?post=21290"}],"version-history":[{"count":4,"href":"https:\/\/greenkingdom.ch\/it\/wp-json\/wp\/v2\/product\/21290\/revisions"}],"predecessor-version":[{"id":27598,"href":"https:\/\/greenkingdom.ch\/it\/wp-json\/wp\/v2\/product\/21290\/revisions\/27598"}],"wp:featuredmedia":[{"embeddable":true,"href":"https:\/\/greenkingdom.ch\/it\/wp-json\/wp\/v2\/media\/21294"}],"wp:attachment":[{"href":"https:\/\/greenkingdom.ch\/it\/wp-json\/wp\/v2\/media?parent=21290"}],"wp:term":[{"taxonomy":"product_brand","embeddable":true,"href":"https:\/\/greenkingdom.ch\/it\/wp-json\/wp\/v2\/product_brand?post=21290"},{"taxonomy":"product_cat","embeddable":true,"href":"https:\/\/greenkingdom.ch\/it\/wp-json\/wp\/v2\/product_cat?post=21290"},{"taxonomy":"product_tag","embeddable":true,"href":"https:\/\/greenkingdom.ch\/it\/wp-json\/wp\/v2\/product_tag?post=21290"}],"curies":[{"name":"wp","href":"https:\/\/api.w.org\/{rel}","templated":true}]}}