{"id":21403,"date":"2024-12-03T17:17:01","date_gmt":"2024-12-03T16:17:01","guid":{"rendered":"https:\/\/greenkingdom.ch\/?post_type=product&#038;p=21403"},"modified":"2024-12-05T15:48:17","modified_gmt":"2024-12-05T14:48:17","slug":"f-max-xl-cel-1l","status":"publish","type":"product","link":"https:\/\/greenkingdom.ch\/it\/prodotto\/f-max-xl-cel-1l\/","title":{"rendered":"F-Max XL CEL 1L"},"content":{"rendered":"<p>XL-Cel Bloom Stimulator di F-Max \u00e8 un potente stimolatore della fioritura e della maturazione. Ottimizza il trasporto degli zuccheri all&#8217;interno della pianta, favorendo la produzione di fiori compatti, densi, aromatici e pesanti.<\/p>\n<p>Questo prodotto \u00e8 stato appositamente studiato per garantire fiori pi\u00f9 forti e di migliore qualit\u00e0, intensificandone il profumo e il sapore.<\/p>\n<p>Caratteristiche principali:<br \/>\nTrasporto ottimizzato degli zuccheri per fiori pi\u00f9 pesanti e dolci.<br \/>\nIdeale per tutti i sistemi di irrigazione grazie alla sua formulazione priva di fibre.<br \/>\nPu\u00f2 essere utilizzato in combinazione con qualsiasi altro fertilizzante per la fioritura, il che lo rende estremamente versatile.<\/p>\n<p>XL-Cel Bloom Stimulator \u00e8 la soluzione ideale per massimizzare la qualit\u00e0 delle colture e ottenere risultati di fioritura eccezionali.<\/p>\n","protected":false},"excerpt":{"rendered":"<p>XL-Cel Bloom Stimulator di F-Max \u00e8 un potente stimolatore della fioritura e della maturazione. Ottimizza il trasporto degli zuccheri all&#8217;interno della pianta, favorendo la produzione di fiori compatti, densi, aromatici e pesanti. Questo prodotto \u00e8 stato appositamente studiato per garantire fiori pi\u00f9 forti e di migliore qualit\u00e0, intensificandone il profumo e il sapore. Caratteristiche principali: [&hellip;]<\/p>\n","protected":false},"featured_media":21407,"comment_status":"open","ping_status":"closed","template":"","meta":{"_seopress_robots_primary_cat":"none","_seopress_titles_title":"F-Max XL-CEL (1L) - Green Kingdom","_seopress_titles_desc":"XL-Cel Bloom Stimulator di F-Max \u00e8 un potente stimolatore della fioritura e della maturazione. Ottimizza il trasporto degli zuccheri all'interno della pianta, favorendo la produzione di fiori compatti, densi, aromatici e pesanti.","_seopress_robots_index":""},"product_brand":[],"product_cat":[683],"product_tag":[687],"class_list":{"0":"post-21403","1":"product","2":"type-product","3":"status-publish","4":"has-post-thumbnail","6":"product_cat-f-max-it","7":"product_tag-f-max-it","10":"instock","11":"taxable","12":"shipping-taxable","13":"purchasable","14":"product-type-simple","15":"product-grid-view"},"_links":{"self":[{"href":"https:\/\/greenkingdom.ch\/it\/wp-json\/wp\/v2\/product\/21403","targetHints":{"allow":["GET"]}}],"collection":[{"href":"https:\/\/greenkingdom.ch\/it\/wp-json\/wp\/v2\/product"}],"about":[{"href":"https:\/\/greenkingdom.ch\/it\/wp-json\/wp\/v2\/types\/product"}],"replies":[{"embeddable":true,"href":"https:\/\/greenkingdom.ch\/it\/wp-json\/wp\/v2\/comments?post=21403"}],"version-history":[{"count":2,"href":"https:\/\/greenkingdom.ch\/it\/wp-json\/wp\/v2\/product\/21403\/revisions"}],"predecessor-version":[{"id":21599,"href":"https:\/\/greenkingdom.ch\/it\/wp-json\/wp\/v2\/product\/21403\/revisions\/21599"}],"wp:featuredmedia":[{"embeddable":true,"href":"https:\/\/greenkingdom.ch\/it\/wp-json\/wp\/v2\/media\/21407"}],"wp:attachment":[{"href":"https:\/\/greenkingdom.ch\/it\/wp-json\/wp\/v2\/media?parent=21403"}],"wp:term":[{"taxonomy":"product_brand","embeddable":true,"href":"https:\/\/greenkingdom.ch\/it\/wp-json\/wp\/v2\/product_brand?post=21403"},{"taxonomy":"product_cat","embeddable":true,"href":"https:\/\/greenkingdom.ch\/it\/wp-json\/wp\/v2\/product_cat?post=21403"},{"taxonomy":"product_tag","embeddable":true,"href":"https:\/\/greenkingdom.ch\/it\/wp-json\/wp\/v2\/product_tag?post=21403"}],"curies":[{"name":"wp","href":"https:\/\/api.w.org\/{rel}","templated":true}]}}