{"id":21820,"date":"2024-12-07T11:39:16","date_gmt":"2024-12-07T10:39:16","guid":{"rendered":"https:\/\/greenkingdom.ch\/?post_type=product&#038;p=21820"},"modified":"2024-12-10T11:32:23","modified_gmt":"2024-12-10T10:32:23","slug":"biobizz-leaf-coat-spray-500ml","status":"publish","type":"product","link":"https:\/\/greenkingdom.ch\/it\/prodotto\/biobizz-leaf-coat-spray-500ml\/","title":{"rendered":"BioBizz Leaf Coat Spray 500ml"},"content":{"rendered":"<p>Leaf\u00b7Coat\u2122 \u00e8 un trattamento che protegger\u00e0 le colture floreali, vegetali, ornamentali e frutticole da insetti e muffe indesiderate. Non occorre diluirlo, \u00e8 pronto all&#8217;uso, la sua azione benefica durer\u00e0 circa 2 settimane prima di essere decomposto naturalmente dai raggi solari.<\/p>\n<p>Realizzato in lattice naturale originariamente sviluppato per prevenire l&#8217;evaporazione, creer\u00e0 una barriera permeabile sulle foglie consentendo all&#8217;aria e alla luce di penetrare.<\/p>\n<p>Dopo poche ore dall&#8217;applicazione attorno alle foglie si former\u00e0 un sottilissimo strato elastico di 1,5 micron. Questo strato sottile \u00e8 sufficientemente efficace per proteggere le piante dagli insetti nocivi.<\/p>\n<p>Per ottenere risultati ottimali Biobizz consiglia di applicare questo trattamento al mattino presto o alla sera quando la luce \u00e8 scarsa. Spruzzare tutte le foglie, i fiori, i frutti, gli steli&#8230; 2 volte a settimana e interrompere 2 settimane prima della fine della fioritura.<\/p>\n<p>Quando le piante si trovano in un ambiente troppo umido (sopra i 28 gradi Celsius), possono perdere grandi quantit\u00e0 di acqua attraverso le foglie. Utilizzando Leaf\u00b7Coat\u2122, attorno alla foglia si forma un lattice naturale che impedisce un&#8217;eccessiva \u201ctraspirazione\u201d della pianta.<\/p>\n<p>Alle basse temperature, invece, (soprattutto in inverno) pu\u00f2 essere utilizzato per creare un sottile strato attorno alla foglia, proteggendola dal freddo. Il lattice naturale formato da Leaf\u00b7Coat\u2122 aiuta a mantenere la temperatura.<\/p>\n","protected":false},"excerpt":{"rendered":"<p>Leaf\u00b7Coat\u2122 \u00e8 un trattamento che protegger\u00e0 le colture floreali, vegetali, ornamentali e frutticole da insetti e muffe indesiderate. Non occorre diluirlo, \u00e8 pronto all&#8217;uso, la sua azione benefica durer\u00e0 circa 2 settimane prima di essere decomposto naturalmente dai raggi solari. Realizzato in lattice naturale originariamente sviluppato per prevenire l&#8217;evaporazione, creer\u00e0 una barriera permeabile sulle foglie [&hellip;]<\/p>\n","protected":false},"featured_media":21824,"comment_status":"open","ping_status":"closed","template":"","meta":{"_seopress_robots_primary_cat":"none","_seopress_titles_title":"BioBizz Leaf Coat Spray (500ml) - Green Kingdom","_seopress_titles_desc":"Leaf\u00b7Coat\u2122 \u00e8 un trattamento che protegger\u00e0 le colture floreali, vegetali, ornamentali e frutticole da insetti e muffe indesiderate. Non occorre diluirlo, \u00e8 pronto all'uso, la sua azione benefica durer\u00e0 circa 2 settimane prima di essere decomposto naturalmente dai raggi solari.","_seopress_robots_index":""},"product_brand":[],"product_cat":[572],"product_tag":[],"class_list":{"0":"post-21820","1":"product","2":"type-product","3":"status-publish","4":"has-post-thumbnail","6":"product_cat-biobizz-it","9":"instock","10":"taxable","11":"shipping-taxable","12":"purchasable","13":"product-type-simple","14":"product-grid-view"},"_links":{"self":[{"href":"https:\/\/greenkingdom.ch\/it\/wp-json\/wp\/v2\/product\/21820","targetHints":{"allow":["GET"]}}],"collection":[{"href":"https:\/\/greenkingdom.ch\/it\/wp-json\/wp\/v2\/product"}],"about":[{"href":"https:\/\/greenkingdom.ch\/it\/wp-json\/wp\/v2\/types\/product"}],"replies":[{"embeddable":true,"href":"https:\/\/greenkingdom.ch\/it\/wp-json\/wp\/v2\/comments?post=21820"}],"version-history":[{"count":2,"href":"https:\/\/greenkingdom.ch\/it\/wp-json\/wp\/v2\/product\/21820\/revisions"}],"predecessor-version":[{"id":21910,"href":"https:\/\/greenkingdom.ch\/it\/wp-json\/wp\/v2\/product\/21820\/revisions\/21910"}],"wp:featuredmedia":[{"embeddable":true,"href":"https:\/\/greenkingdom.ch\/it\/wp-json\/wp\/v2\/media\/21824"}],"wp:attachment":[{"href":"https:\/\/greenkingdom.ch\/it\/wp-json\/wp\/v2\/media?parent=21820"}],"wp:term":[{"taxonomy":"product_brand","embeddable":true,"href":"https:\/\/greenkingdom.ch\/it\/wp-json\/wp\/v2\/product_brand?post=21820"},{"taxonomy":"product_cat","embeddable":true,"href":"https:\/\/greenkingdom.ch\/it\/wp-json\/wp\/v2\/product_cat?post=21820"},{"taxonomy":"product_tag","embeddable":true,"href":"https:\/\/greenkingdom.ch\/it\/wp-json\/wp\/v2\/product_tag?post=21820"}],"curies":[{"name":"wp","href":"https:\/\/api.w.org\/{rel}","templated":true}]}}