{"id":22005,"date":"2024-12-10T14:08:43","date_gmt":"2024-12-10T13:08:43","guid":{"rendered":"https:\/\/greenkingdom.ch\/?post_type=product&#038;p=22005"},"modified":"2025-01-02T14:51:44","modified_gmt":"2025-01-02T13:51:44","slug":"canna-pk-13-14-250ml","status":"publish","type":"product","link":"https:\/\/greenkingdom.ch\/it\/prodotto\/canna-pk-13-14-250ml\/","title":{"rendered":"Canna PK 13\/14 250ml"},"content":{"rendered":"<p>Scopri la favolosa Canna PK 13\/14 (250ml)! Prova questo fantastico esaltatore di fioritura che ti lascer\u00e0 a bocca aperta. PK 13\/14 \u00e8 una miscela concentrata di fosforo puro e potassio, appositamente progettata per una fioritura ottimale dei fiori. In tempi record, questo super-esaltatore di fiori produce cime pi\u00f9 pesanti, compatte e dolci. Apprezzata dai coltivatori di tutto il mondo, la PK 13\/14 garantisce un aumento significativo della resa floreale ad ogni utilizzo! La sua formula premium garantisce il 13% di P2O5 e il 14% di K2O, rendendolo unico, sicuro e incredibilmente efficace. Essenzialmente un integratore alimentare, PK 13\/14 \u00e8 un must per i breeder che cercano risultati ottimali. Intensifica la fioritura con elementi puri che lavorano in tandem per stimolare la formazione dei fiori. Attraverso un processo di produzione specializzato, CANNA ha sviluppato un prodotto che fornisce rapidamente e direttamente fosforo e potassio puri alla pianta. Questi elementi sono fondamentali per la vitalit\u00e0 di qualsiasi pianta, promuovendo la divisione cellulare, la crescita e lo sviluppo dei fiori. Soddisfa le crescenti esigenze della tua pianta nel momento cruciale della fioritura offrendole CANNA PK 13\/14 per frutti pi\u00f9 grandi, compatti e dolci. In combinazione con CANNA BOOST, il tuo giardino fiorir\u00e0 ancora di pi\u00f9, per fiori abbondanti e scintillanti. &#8211; Adatto a tutti i supporti &#8211; Codice EAN: 8717524956288<\/p>\n","protected":false},"excerpt":{"rendered":"<p>Scopri la favolosa Canna PK 13\/14 (250ml)! Prova questo fantastico esaltatore di fioritura che ti lascer\u00e0 a bocca aperta. PK 13\/14 \u00e8 una miscela concentrata di fosforo puro e potassio, appositamente progettata per una fioritura ottimale dei fiori. In tempi record, questo super-esaltatore di fiori produce cime pi\u00f9 pesanti, compatte e dolci. Apprezzata dai coltivatori [&hellip;]<\/p>\n","protected":false},"featured_media":8717,"comment_status":"open","ping_status":"closed","template":"","meta":{"_seopress_robots_primary_cat":"none","_seopress_titles_title":"Canna PK 13\/14 (250ml) - Regno Verde","_seopress_titles_desc":"Prova questo fantastico esaltatore di fioritura che ti lascer\u00e0 a bocca aperta. PK 13\/14 \u00e8 una miscela concentrata di fosforo puro e potassio, appositamente progettata per una fioritura ottimale dei fiori. In tempi record, questo super-esaltatore di fiori produce cime pi\u00f9 pesanti, compatte e dolci.  ","_seopress_robots_index":""},"product_brand":[],"product_cat":[575],"product_tag":[],"class_list":{"0":"post-22005","1":"product","2":"type-product","3":"status-publish","4":"has-post-thumbnail","6":"product_cat-canna-it","9":"instock","10":"taxable","11":"shipping-taxable","12":"purchasable","13":"product-type-simple","14":"product-grid-view"},"_links":{"self":[{"href":"https:\/\/greenkingdom.ch\/it\/wp-json\/wp\/v2\/product\/22005","targetHints":{"allow":["GET"]}}],"collection":[{"href":"https:\/\/greenkingdom.ch\/it\/wp-json\/wp\/v2\/product"}],"about":[{"href":"https:\/\/greenkingdom.ch\/it\/wp-json\/wp\/v2\/types\/product"}],"replies":[{"embeddable":true,"href":"https:\/\/greenkingdom.ch\/it\/wp-json\/wp\/v2\/comments?post=22005"}],"version-history":[{"count":4,"href":"https:\/\/greenkingdom.ch\/it\/wp-json\/wp\/v2\/product\/22005\/revisions"}],"predecessor-version":[{"id":27502,"href":"https:\/\/greenkingdom.ch\/it\/wp-json\/wp\/v2\/product\/22005\/revisions\/27502"}],"wp:featuredmedia":[{"embeddable":true,"href":"https:\/\/greenkingdom.ch\/it\/wp-json\/wp\/v2\/media\/8717"}],"wp:attachment":[{"href":"https:\/\/greenkingdom.ch\/it\/wp-json\/wp\/v2\/media?parent=22005"}],"wp:term":[{"taxonomy":"product_brand","embeddable":true,"href":"https:\/\/greenkingdom.ch\/it\/wp-json\/wp\/v2\/product_brand?post=22005"},{"taxonomy":"product_cat","embeddable":true,"href":"https:\/\/greenkingdom.ch\/it\/wp-json\/wp\/v2\/product_cat?post=22005"},{"taxonomy":"product_tag","embeddable":true,"href":"https:\/\/greenkingdom.ch\/it\/wp-json\/wp\/v2\/product_tag?post=22005"}],"curies":[{"name":"wp","href":"https:\/\/api.w.org\/{rel}","templated":true}]}}