{"id":22035,"date":"2024-12-10T14:26:37","date_gmt":"2024-12-10T13:26:37","guid":{"rendered":"https:\/\/greenkingdom.ch\/?post_type=product&#038;p=22035"},"modified":"2025-01-02T14:51:51","modified_gmt":"2025-01-02T13:51:51","slug":"canna-cannazym-250ml","status":"publish","type":"product","link":"https:\/\/greenkingdom.ch\/it\/prodotto\/canna-cannazym-250ml\/","title":{"rendered":"Canna Cannazym 250ml"},"content":{"rendered":"<div class=\"value\">\n<p style=\"line-height: 19px;\">Canna Zym<\/p>\n<p style=\"line-height: 19px;\">CANNAZYM \u00e8 un must per le tue piante, aumentando la loro resistenza e vitalit\u00e0.<\/p>\n<p style=\"line-height: 19px;\">Questo prezioso alleato per la crescita delle piante \u00e8 formulato con pi\u00f9 di 12 enzimi, vitamine specifiche ed estratti di piante del deserto. CANNAZYM accelera la decomposizione delle radici morte, stimola i microrganismi del suolo e favorisce un migliore assorbimento dei nutrienti. <\/p>\n<p style=\"line-height: 19px;\">CANNAZYM si rivolge a tutti gli appassionati di giardinaggio, sia per colture orticole che ornamentali.<\/p>\n<p style=\"line-height: 19px;\">Questo prodotto \u00e8 ideale per il substrato Cocos, ma \u00e8 efficace in qualsiasi tipo di coltura.<\/p>\n<p style=\"line-height: 19px;\">Istruzioni per l&#8217;uso:<\/p>\n<p style=\"line-height: 19px;\">  * Agitare il flacone prima dell&#8217;uso<\/p>\n<p style=\"line-height: 19px;\">  * Diluire 250 ml di concentrato in 100 litri d&#8217;acqua (1:400)<\/p>\n<p style=\"line-height: 19px;\">  * Utilizzare una volta alla settimana, preferibilmente ad ogni annaffiatura<\/p>\n<p style=\"line-height: 19px;\">  * Per i substrati pi\u00f9 vecchi non trattati, raddoppiare la dose nell&#8217;ultimo mese. Per i substrati che sono gi\u00e0 stati trattati, raddoppiare la dose nelle ultime 1 o 2 settimane <\/p>\n<p style=\"line-height: 19px;\">  * Non lasciare il fertilizzante inutilizzato nell&#8217;acqua per pi\u00f9 di 10 giorni<\/p>\n<p style=\"line-height: 19px;\">  * Non miscelare con agenti contenenti perossido di idrogeno (H2O2)<\/p>\n<p style=\"line-height: 19px;\">Composizione N-P-K: 0 &#8211; 2 &#8211; 1<\/p>\n<p style=\"line-height: 19px;\">Contenuto di nutrienti:<\/p>\n<p style=\"line-height: 19px;\">Azoto: 0%<\/p>\n<p style=\"line-height: 19px;\">Fosforo: 1,7%<\/p>\n<p style=\"line-height: 19px;\">Potassio: 0,8%<\/p>\n<p style=\"line-height: 19px;\">Zolfo: 0,1%<\/p>\n<p><iframe src=\"https:\/\/www.youtube.com\/embed\/exl3ANCVRP8\" width=\"560\" height=\"315\" frameborder=\"0\" allowfullscreen=\"allowfullscreen\"><\/iframe><\/p>\n<\/div>\n<div class=\"product attribute ean\"><strong class=\"type\">EAN<\/strong> <span class=\"value ean\">8717524956387<\/span><\/div>\n","protected":false},"excerpt":{"rendered":"<p>Canna Zym CANNAZYM \u00e8 un must per le tue piante, aumentando la loro resistenza e vitalit\u00e0. Questo prezioso alleato per la crescita delle piante \u00e8 formulato con pi\u00f9 di 12 enzimi, vitamine specifiche ed estratti di piante del deserto. CANNAZYM accelera la decomposizione delle radici morte, stimola i microrganismi del suolo e favorisce un migliore [&hellip;]<\/p>\n","protected":false},"featured_media":8705,"comment_status":"open","ping_status":"closed","template":"","meta":{"_seopress_robots_primary_cat":"none","_seopress_titles_title":"Canna Cannazym 250ml - Regno Verde","_seopress_titles_desc":"Questo prezioso alleato per la crescita delle piante \u00e8 formulato con pi\u00f9 di 12 enzimi, vitamine specifiche ed estratti di piante del deserto. CANNAZYM accelera la decomposizione delle radici morte, stimola i microrganismi del suolo e favorisce un migliore assorbimento dei nutrienti. ","_seopress_robots_index":""},"product_brand":[],"product_cat":[575],"product_tag":[],"class_list":{"0":"post-22035","1":"product","2":"type-product","3":"status-publish","4":"has-post-thumbnail","6":"product_cat-canna-it","9":"instock","10":"taxable","11":"shipping-taxable","12":"purchasable","13":"product-type-simple","14":"product-grid-view"},"_links":{"self":[{"href":"https:\/\/greenkingdom.ch\/it\/wp-json\/wp\/v2\/product\/22035","targetHints":{"allow":["GET"]}}],"collection":[{"href":"https:\/\/greenkingdom.ch\/it\/wp-json\/wp\/v2\/product"}],"about":[{"href":"https:\/\/greenkingdom.ch\/it\/wp-json\/wp\/v2\/types\/product"}],"replies":[{"embeddable":true,"href":"https:\/\/greenkingdom.ch\/it\/wp-json\/wp\/v2\/comments?post=22035"}],"version-history":[{"count":3,"href":"https:\/\/greenkingdom.ch\/it\/wp-json\/wp\/v2\/product\/22035\/revisions"}],"predecessor-version":[{"id":27511,"href":"https:\/\/greenkingdom.ch\/it\/wp-json\/wp\/v2\/product\/22035\/revisions\/27511"}],"wp:featuredmedia":[{"embeddable":true,"href":"https:\/\/greenkingdom.ch\/it\/wp-json\/wp\/v2\/media\/8705"}],"wp:attachment":[{"href":"https:\/\/greenkingdom.ch\/it\/wp-json\/wp\/v2\/media?parent=22035"}],"wp:term":[{"taxonomy":"product_brand","embeddable":true,"href":"https:\/\/greenkingdom.ch\/it\/wp-json\/wp\/v2\/product_brand?post=22035"},{"taxonomy":"product_cat","embeddable":true,"href":"https:\/\/greenkingdom.ch\/it\/wp-json\/wp\/v2\/product_cat?post=22035"},{"taxonomy":"product_tag","embeddable":true,"href":"https:\/\/greenkingdom.ch\/it\/wp-json\/wp\/v2\/product_tag?post=22035"}],"curies":[{"name":"wp","href":"https:\/\/api.w.org\/{rel}","templated":true}]}}