{"id":22175,"date":"2024-12-10T15:53:57","date_gmt":"2024-12-10T14:53:57","guid":{"rendered":"https:\/\/greenkingdom.ch\/?post_type=product&#038;p=22175"},"modified":"2025-01-02T14:48:49","modified_gmt":"2025-01-02T13:48:49","slug":"canna-coco-ab-10l","status":"publish","type":"product","link":"https:\/\/greenkingdom.ch\/it\/prodotto\/canna-coco-ab-10l\/","title":{"rendered":"Canna Coco A+B 10L"},"content":{"rendered":"<p><strong>Canna Coco A&amp;B<\/strong><br \/>\n<em>Fertilizzante appositamente progettato per substrati di cocco<\/em><\/p>\n<ul>\n<li><strong>Formula innovativa<\/strong> : Dopo anni di ricerca sulle esigenze del suolo, del drenaggio e delle piante, CANNA \u00e8 stato il primo produttore a sviluppare un fertilizzante che tiene pienamente conto delle propriet\u00e0 uniche del substrato di cocco.<\/li>\n<li><strong>Nutrienti di alta qualit\u00e0<\/strong> : Canna Coco A&amp;B contiene minerali essenziali, chelati naturali, nonch\u00e9 acidi umici e fulvici. Questi componenti assicurano un apporto ottimale di sostanze nutritive, garantendo una crescita sana e vigorosa delle piante. <\/li>\n<li><strong>Crescita esplosiva e fioritura rigogliosa<\/strong> : Grazie alla capacit\u00e0 di stoccaggio unica del substrato di cocco, questo fertilizzante consente alle piante di beneficiare di una nutrizione continua ed equilibrata. La Canna Coco \u00e8 nota per promuovere una crescita rapida e un&#8217;abbondante fioritura. <\/li>\n<li><strong>Ciclo di vita Utilizzo<\/strong> : I fertilizzanti Canna Coco A &amp; B sono adatti sia per la fase vegetativa che per quella di fioritura, garantendo risultati eccezionali durante tutto il ciclo di vita della pianta.<\/li>\n<\/ul>\n<p>Canna Coco A&amp;B \u00e8 il fertilizzante ideale per massimizzare le prestazioni delle piante coltivate in fibra di cocco, garantendo una crescita rapida e una fioritura di qualit\u00e0 superiore.<\/p>\n","protected":false},"excerpt":{"rendered":"<p>Canna Coco A&amp;B Fertilizzante appositamente progettato per substrati di cocco Formula innovativa : Dopo anni di ricerca sulle esigenze del suolo, del drenaggio e delle piante, CANNA \u00e8 stato il primo produttore a sviluppare un fertilizzante che tiene pienamente conto delle propriet\u00e0 uniche del substrato di cocco. Nutrienti di alta qualit\u00e0 : Canna Coco A&amp;B [&hellip;]<\/p>\n","protected":false},"featured_media":22167,"comment_status":"open","ping_status":"closed","template":"","meta":{"_seopress_robots_primary_cat":"none","_seopress_titles_title":"Canna Coco A+B (10L) - GreenKingdom","_seopress_titles_desc":"Canna Coco A&B \u00e8 il fertilizzante ideale per massimizzare le prestazioni delle piante coltivate in fibra di cocco, garantendo una crescita rapida e una fioritura di qualit\u00e0 superiore.","_seopress_robots_index":""},"product_brand":[],"product_cat":[575],"product_tag":[],"class_list":{"0":"post-22175","1":"product","2":"type-product","3":"status-publish","4":"has-post-thumbnail","6":"product_cat-canna-it","9":"instock","10":"taxable","11":"shipping-taxable","12":"purchasable","13":"product-type-simple","14":"product-grid-view"},"_links":{"self":[{"href":"https:\/\/greenkingdom.ch\/it\/wp-json\/wp\/v2\/product\/22175","targetHints":{"allow":["GET"]}}],"collection":[{"href":"https:\/\/greenkingdom.ch\/it\/wp-json\/wp\/v2\/product"}],"about":[{"href":"https:\/\/greenkingdom.ch\/it\/wp-json\/wp\/v2\/types\/product"}],"replies":[{"embeddable":true,"href":"https:\/\/greenkingdom.ch\/it\/wp-json\/wp\/v2\/comments?post=22175"}],"version-history":[{"count":4,"href":"https:\/\/greenkingdom.ch\/it\/wp-json\/wp\/v2\/product\/22175\/revisions"}],"predecessor-version":[{"id":27491,"href":"https:\/\/greenkingdom.ch\/it\/wp-json\/wp\/v2\/product\/22175\/revisions\/27491"}],"wp:featuredmedia":[{"embeddable":true,"href":"https:\/\/greenkingdom.ch\/it\/wp-json\/wp\/v2\/media\/22167"}],"wp:attachment":[{"href":"https:\/\/greenkingdom.ch\/it\/wp-json\/wp\/v2\/media?parent=22175"}],"wp:term":[{"taxonomy":"product_brand","embeddable":true,"href":"https:\/\/greenkingdom.ch\/it\/wp-json\/wp\/v2\/product_brand?post=22175"},{"taxonomy":"product_cat","embeddable":true,"href":"https:\/\/greenkingdom.ch\/it\/wp-json\/wp\/v2\/product_cat?post=22175"},{"taxonomy":"product_tag","embeddable":true,"href":"https:\/\/greenkingdom.ch\/it\/wp-json\/wp\/v2\/product_tag?post=22175"}],"curies":[{"name":"wp","href":"https:\/\/api.w.org\/{rel}","templated":true}]}}