{"id":22183,"date":"2024-12-10T15:57:14","date_gmt":"2024-12-10T14:57:14","guid":{"rendered":"https:\/\/greenkingdom.ch\/?post_type=product&#038;p=22183"},"modified":"2025-01-02T14:48:54","modified_gmt":"2025-01-02T13:48:54","slug":"canna-flush-1l","status":"publish","type":"product","link":"https:\/\/greenkingdom.ch\/it\/prodotto\/canna-flush-1l\/","title":{"rendered":"Canna Flush 1L"},"content":{"rendered":"<p><strong>Canna Flush<\/strong><br \/>\n<em>Additivo per rimuovere i nutrienti e i minerali in eccesso<\/em><\/p>\n<ul>\n<li><strong>Rimuove i nutrienti in eccesso<\/strong> : Canna Flush \u00e8 un additivo progettato per rimuovere i residui di fertilizzante non necessari da piante e substrati, garantendo un raccolto pi\u00f9 pulito.<\/li>\n<li><strong>Amico della microfauna<\/strong> : questo prodotto rimuove i nutrienti in eccesso senza danneggiare i batteri e i funghi benefici nel terreno, mantenendo il substrato equilibrato.<\/li>\n<li><strong>Raccolto pulito e gustoso<\/strong> : Usato appena prima del raccolto, Canna Flush pulisce le piante dai nutrienti avanzati, garantendo un raccolto di qualit\u00e0 superiore, pi\u00f9 gustoso e pi\u00f9 sano.<\/li>\n<li><strong>Ideale in caso di concimazione eccessiva<\/strong> : Canna Flush \u00e8 consigliata anche per correggere gli effetti di un&#8217;eccessiva fertilizzazione, rimuovendo i nutrienti in eccesso accumulati nel substrato.<\/li>\n<\/ul>\n<p>Ottieni risultati ottimali con un raccolto pulito, saporito e privo di residui con Canna Flush.<\/p>\n","protected":false},"excerpt":{"rendered":"<p>Canna Flush Additivo per rimuovere i nutrienti e i minerali in eccesso Rimuove i nutrienti in eccesso : Canna Flush \u00e8 un additivo progettato per rimuovere i residui di fertilizzante non necessari da piante e substrati, garantendo un raccolto pi\u00f9 pulito. Amico della microfauna : questo prodotto rimuove i nutrienti in eccesso senza danneggiare i [&hellip;]<\/p>\n","protected":false},"featured_media":22187,"comment_status":"open","ping_status":"closed","template":"","meta":{"_seopress_robots_primary_cat":"none","_seopress_titles_title":"Canna Flush (1L) - Regno Verde","_seopress_titles_desc":"Ottieni risultati ottimali con un raccolto pulito, saporito e privo di residui con Canna Flush.","_seopress_robots_index":""},"product_brand":[],"product_cat":[575],"product_tag":[],"class_list":{"0":"post-22183","1":"product","2":"type-product","3":"status-publish","4":"has-post-thumbnail","6":"product_cat-canna-it","9":"instock","10":"taxable","11":"shipping-taxable","12":"purchasable","13":"product-type-simple","14":"product-grid-view"},"_links":{"self":[{"href":"https:\/\/greenkingdom.ch\/it\/wp-json\/wp\/v2\/product\/22183","targetHints":{"allow":["GET"]}}],"collection":[{"href":"https:\/\/greenkingdom.ch\/it\/wp-json\/wp\/v2\/product"}],"about":[{"href":"https:\/\/greenkingdom.ch\/it\/wp-json\/wp\/v2\/types\/product"}],"replies":[{"embeddable":true,"href":"https:\/\/greenkingdom.ch\/it\/wp-json\/wp\/v2\/comments?post=22183"}],"version-history":[{"count":3,"href":"https:\/\/greenkingdom.ch\/it\/wp-json\/wp\/v2\/product\/22183\/revisions"}],"predecessor-version":[{"id":27496,"href":"https:\/\/greenkingdom.ch\/it\/wp-json\/wp\/v2\/product\/22183\/revisions\/27496"}],"wp:featuredmedia":[{"embeddable":true,"href":"https:\/\/greenkingdom.ch\/it\/wp-json\/wp\/v2\/media\/22187"}],"wp:attachment":[{"href":"https:\/\/greenkingdom.ch\/it\/wp-json\/wp\/v2\/media?parent=22183"}],"wp:term":[{"taxonomy":"product_brand","embeddable":true,"href":"https:\/\/greenkingdom.ch\/it\/wp-json\/wp\/v2\/product_brand?post=22183"},{"taxonomy":"product_cat","embeddable":true,"href":"https:\/\/greenkingdom.ch\/it\/wp-json\/wp\/v2\/product_cat?post=22183"},{"taxonomy":"product_tag","embeddable":true,"href":"https:\/\/greenkingdom.ch\/it\/wp-json\/wp\/v2\/product_tag?post=22183"}],"curies":[{"name":"wp","href":"https:\/\/api.w.org\/{rel}","templated":true}]}}