{"id":22297,"date":"2024-12-10T16:48:01","date_gmt":"2024-12-10T15:48:01","guid":{"rendered":"https:\/\/greenkingdom.ch\/?post_type=product&#038;p=22297"},"modified":"2025-01-02T14:47:55","modified_gmt":"2025-01-02T13:47:55","slug":"canna-cogr-buffer-agent-1l","status":"publish","type":"product","link":"https:\/\/greenkingdom.ch\/it\/prodotto\/canna-cogr-buffer-agent-1l\/","title":{"rendered":"Canna CoGr Agente tampone 1L"},"content":{"rendered":"<h3><strong>Tappeti CoGr<\/strong><\/h3>\n<p><strong>L&#8217;agente tampone Canna CoGr<\/strong> \u00e8 un prodotto essenziale per preparare i tappetini CoGr prima del loro primo utilizzo. Questo passaggio \u00e8 essenziale affinch\u00e9 il substrato funzioni correttamente e goda dei suoi benefici. <\/p>\n<h3><strong>Come utilizzare l&#8217;agente tampone Canna CoGr?<\/strong><\/h3>\n<ul>\n<li><strong>Miscelare<\/strong> : Diluire <strong>2 ml<\/strong> di <strong>Canna CoGr Buffer Agent<\/strong> in <strong>1 litro d&#8217;acqua<\/strong>.<\/li>\n<li><strong>Applicazione<\/strong> : Immergere i tappetini in CoGr in questa miscela e lasciarli in ammollo per <strong>24 ore<\/strong>. Quindi, scolare l&#8217;acqua in eccesso. <\/li>\n<li><strong>pH consigliato<\/strong> : 5,2 &#8211; 6,2.<\/li>\n<\/ul>\n<h3><strong>Che cos&#8217;\u00e8 il CoGr?<\/strong><\/h3>\n<p>Il CoGr \u00e8 un substrato <strong>a base di fibra di cocco<\/strong> con una <strong>struttura pi\u00f9 grossolana<\/strong>, ideale per i coltivatori esperti. \u00c8 composto da <strong>semola<\/strong>, fibre e <strong>granuli<\/strong> di <strong>cocco<\/strong>, che consente alle radici di svilupparsi rapidamente grazie a una migliore aerazione. <\/p>\n<h3><strong>Perch\u00e9 il CoGr \u00e8 superiore?<\/strong><\/h3>\n<ul>\n<li><strong>Eccellente aerazione<\/strong> : La sua struttura offre pi\u00f9 aria alle radici, favorendo una crescita pi\u00f9 rapida.<\/li>\n<li><strong>Facile da riporre<\/strong> : \u00e8 asciutto e compresso, quindi facile da trasportare e riporre.<\/li>\n<li><strong>Riutilizzabile<\/strong> : il CoGr pu\u00f2 essere riutilizzato fino a <strong>tre volte<\/strong>.<\/li>\n<li><strong>Versatile<\/strong> : Pu\u00f2 essere utilizzato come tappetino o una volta reidratato in vasi convenzionali. Un tappetino produce circa <strong>21-25 litri di substrato<\/strong>. <\/li>\n<\/ul>\n<p><strong>Il CoGr<\/strong> \u00e8 un substrato d&#8217;elezione per una coltivazione sana e performante, con radici ben aerate e un riutilizzo economico.<\/p>\n","protected":false},"excerpt":{"rendered":"<p>Tappeti CoGr L&#8217;agente tampone Canna CoGr \u00e8 un prodotto essenziale per preparare i tappetini CoGr prima del loro primo utilizzo. Questo passaggio \u00e8 essenziale affinch\u00e9 il substrato funzioni correttamente e goda dei suoi benefici. Come utilizzare l&#8217;agente tampone Canna CoGr? Miscelare : Diluire 2 ml di Canna CoGr Buffer Agent in 1 litro d&#8217;acqua. Applicazione [&hellip;]<\/p>\n","protected":false},"featured_media":22301,"comment_status":"open","ping_status":"closed","template":"","meta":{"_seopress_robots_primary_cat":"none","_seopress_titles_title":"Canna CoGr Agente Tampone (1L) - Regno Verde","_seopress_titles_desc":"Il CoGr \u00e8 un substrato d'elezione per una coltivazione sana e performante, con radici ben aerate e un riutilizzo economico.","_seopress_robots_index":""},"product_brand":[],"product_cat":[575],"product_tag":[],"class_list":{"0":"post-22297","1":"product","2":"type-product","3":"status-publish","4":"has-post-thumbnail","6":"product_cat-canna-it","9":"instock","10":"taxable","11":"shipping-taxable","12":"purchasable","13":"product-type-simple","14":"product-grid-view"},"_links":{"self":[{"href":"https:\/\/greenkingdom.ch\/it\/wp-json\/wp\/v2\/product\/22297","targetHints":{"allow":["GET"]}}],"collection":[{"href":"https:\/\/greenkingdom.ch\/it\/wp-json\/wp\/v2\/product"}],"about":[{"href":"https:\/\/greenkingdom.ch\/it\/wp-json\/wp\/v2\/types\/product"}],"replies":[{"embeddable":true,"href":"https:\/\/greenkingdom.ch\/it\/wp-json\/wp\/v2\/comments?post=22297"}],"version-history":[{"count":3,"href":"https:\/\/greenkingdom.ch\/it\/wp-json\/wp\/v2\/product\/22297\/revisions"}],"predecessor-version":[{"id":27457,"href":"https:\/\/greenkingdom.ch\/it\/wp-json\/wp\/v2\/product\/22297\/revisions\/27457"}],"wp:featuredmedia":[{"embeddable":true,"href":"https:\/\/greenkingdom.ch\/it\/wp-json\/wp\/v2\/media\/22301"}],"wp:attachment":[{"href":"https:\/\/greenkingdom.ch\/it\/wp-json\/wp\/v2\/media?parent=22297"}],"wp:term":[{"taxonomy":"product_brand","embeddable":true,"href":"https:\/\/greenkingdom.ch\/it\/wp-json\/wp\/v2\/product_brand?post=22297"},{"taxonomy":"product_cat","embeddable":true,"href":"https:\/\/greenkingdom.ch\/it\/wp-json\/wp\/v2\/product_cat?post=22297"},{"taxonomy":"product_tag","embeddable":true,"href":"https:\/\/greenkingdom.ch\/it\/wp-json\/wp\/v2\/product_tag?post=22297"}],"curies":[{"name":"wp","href":"https:\/\/api.w.org\/{rel}","templated":true}]}}