{"id":22567,"date":"2024-12-13T17:05:31","date_gmt":"2024-12-13T16:05:31","guid":{"rendered":"https:\/\/greenkingdom.ch\/?post_type=product&#038;p=22567"},"modified":"2025-01-02T14:44:20","modified_gmt":"2025-01-02T13:44:20","slug":"metrop-mr-1-250ml","status":"publish","type":"product","link":"https:\/\/greenkingdom.ch\/it\/prodotto\/metrop-mr-1-250ml\/","title":{"rendered":"Metrop MR 1 | 250 ml"},"content":{"rendered":"<p>Nella MR 1, la composizione di NPK e oligoelementi \u00e8 finemente bilanciata per ottimizzare la crescita delle piante. Le materie prime utilizzate sono di eccezionale purezza, garantendo un&#8217;alta concentrazione di NPK senza disturbi indesiderati. La qualit\u00e0 superiore di questo prodotto garantisce che non si formino depositi n\u00e9 nel serbatoio n\u00e9 nell&#8217;impianto di irrigazione! Durante la dissoluzione in acqua, la conduttivit\u00e0 rimane stabile. Gli oligoelementi aggiunti sono presenti nella loro forma pi\u00f9 pura, favorendo cos\u00ec una fotosintesi pi\u00f9 efficiente e rapida nelle piante, che ha un impatto positivo sul prodotto finale. Questa formula:<br \/>\n&#8211; favorisce una crescita vigorosa e una salute ottimale delle piante grazie al suo contenuto di potassio,<br \/>\n&#8211; stimola la crescita esplosiva delle radici grazie al suo contenuto di fosforo,<br \/>\n&#8211; garantisce una sintesi ottimale di clorofilla e proteine grazie a un apporto sufficiente di magnesio,<br \/>\n&#8211; \u00e8 priva di coloranti nocivi e non viene diluita con acqua. EAN: 8719274270034 <\/p>\n","protected":false},"excerpt":{"rendered":"<p>Nella MR 1, la composizione di NPK e oligoelementi \u00e8 finemente bilanciata per ottimizzare la crescita delle piante. Le materie prime utilizzate sono di eccezionale purezza, garantendo un&#8217;alta concentrazione di NPK senza disturbi indesiderati. La qualit\u00e0 superiore di questo prodotto garantisce che non si formino depositi n\u00e9 nel serbatoio n\u00e9 nell&#8217;impianto di irrigazione! Durante la [&hellip;]<\/p>\n","protected":false},"featured_media":8816,"comment_status":"open","ping_status":"closed","template":"","meta":{"_seopress_robots_primary_cat":"none","_seopress_titles_title":"","_seopress_titles_desc":"","_seopress_robots_index":""},"product_brand":[],"product_cat":[578],"product_tag":[],"class_list":{"0":"post-22567","1":"product","2":"type-product","3":"status-publish","4":"has-post-thumbnail","6":"product_cat-metrop-it","9":"instock","10":"taxable","11":"shipping-taxable","12":"purchasable","13":"product-type-simple","14":"product-grid-view"},"_links":{"self":[{"href":"https:\/\/greenkingdom.ch\/it\/wp-json\/wp\/v2\/product\/22567","targetHints":{"allow":["GET"]}}],"collection":[{"href":"https:\/\/greenkingdom.ch\/it\/wp-json\/wp\/v2\/product"}],"about":[{"href":"https:\/\/greenkingdom.ch\/it\/wp-json\/wp\/v2\/types\/product"}],"replies":[{"embeddable":true,"href":"https:\/\/greenkingdom.ch\/it\/wp-json\/wp\/v2\/comments?post=22567"}],"version-history":[{"count":4,"href":"https:\/\/greenkingdom.ch\/it\/wp-json\/wp\/v2\/product\/22567\/revisions"}],"predecessor-version":[{"id":27399,"href":"https:\/\/greenkingdom.ch\/it\/wp-json\/wp\/v2\/product\/22567\/revisions\/27399"}],"wp:featuredmedia":[{"embeddable":true,"href":"https:\/\/greenkingdom.ch\/it\/wp-json\/wp\/v2\/media\/8816"}],"wp:attachment":[{"href":"https:\/\/greenkingdom.ch\/it\/wp-json\/wp\/v2\/media?parent=22567"}],"wp:term":[{"taxonomy":"product_brand","embeddable":true,"href":"https:\/\/greenkingdom.ch\/it\/wp-json\/wp\/v2\/product_brand?post=22567"},{"taxonomy":"product_cat","embeddable":true,"href":"https:\/\/greenkingdom.ch\/it\/wp-json\/wp\/v2\/product_cat?post=22567"},{"taxonomy":"product_tag","embeddable":true,"href":"https:\/\/greenkingdom.ch\/it\/wp-json\/wp\/v2\/product_tag?post=22567"}],"curies":[{"name":"wp","href":"https:\/\/api.w.org\/{rel}","templated":true}]}}