{"id":22978,"date":"2024-12-18T14:03:19","date_gmt":"2024-12-18T13:03:19","guid":{"rendered":"https:\/\/greenkingdom.ch\/?post_type=product&#038;p=22978"},"modified":"2025-01-02T14:40:53","modified_gmt":"2025-01-02T13:40:53","slug":"pro-xl-ec-regulator-10l","status":"publish","type":"product","link":"https:\/\/greenkingdom.ch\/it\/prodotto\/pro-xl-ec-regulator-10l\/","title":{"rendered":"Regolatore EC Pro-XL 10L"},"content":{"rendered":"<p><strong>Regolatore EC PRO-XL \u2013 Ottimizzatore del bilanciamento EC<\/strong><\/p>\n<p><strong>Il regolatore EC<\/strong> consente di regolare e bilanciare il livello di conducibilit\u00e0 elettrica (EC) nell&#8217;acqua, garantendo un ambiente ottimale per la crescita delle piante. Composto da minerali e sostanze nutritive essenziali di alta qualit\u00e0, questo regolatore crea una base ideale per lo sviluppo delle piante, indipendentemente dal tipo di pianta. \u00c8 particolarmente efficace nel migliorare la qualit\u00e0 del filtrato (osmosi) o morbido (con un EC inferiore a 0,4), trasformandolo in una fonte d&#8217;acqua ideale per le piante.<\/p>\n<ul>\n<li><strong>Stabilizza il livello EC dell&#8217;acqua<\/strong><\/li>\n<li><strong>Migliora l&#8217;acqua filtrata o dolce<\/strong><\/li>\n<li><strong>Ottimizza l&#8217;assorbimento dei nutrienti<\/strong><\/li>\n<\/ul>\n","protected":false},"excerpt":{"rendered":"<p>Regolatore EC PRO-XL \u2013 Ottimizzatore del bilanciamento EC Il regolatore EC consente di regolare e bilanciare il livello di conducibilit\u00e0 elettrica (EC) nell&#8217;acqua, garantendo un ambiente ottimale per la crescita delle piante. Composto da minerali e sostanze nutritive essenziali di alta qualit\u00e0, questo regolatore crea una base ideale per lo sviluppo delle piante, indipendentemente dal [&hellip;]<\/p>\n","protected":false},"featured_media":22966,"comment_status":"open","ping_status":"closed","template":"","meta":{"_seopress_robots_primary_cat":"none","_seopress_titles_title":"","_seopress_titles_desc":"","_seopress_robots_index":""},"product_brand":[],"product_cat":[691],"product_tag":[],"class_list":{"0":"post-22978","1":"product","2":"type-product","3":"status-publish","4":"has-post-thumbnail","6":"product_cat-pro-xl-it","9":"instock","10":"taxable","11":"shipping-taxable","12":"purchasable","13":"product-type-simple","14":"product-grid-view"},"_links":{"self":[{"href":"https:\/\/greenkingdom.ch\/it\/wp-json\/wp\/v2\/product\/22978","targetHints":{"allow":["GET"]}}],"collection":[{"href":"https:\/\/greenkingdom.ch\/it\/wp-json\/wp\/v2\/product"}],"about":[{"href":"https:\/\/greenkingdom.ch\/it\/wp-json\/wp\/v2\/types\/product"}],"replies":[{"embeddable":true,"href":"https:\/\/greenkingdom.ch\/it\/wp-json\/wp\/v2\/comments?post=22978"}],"version-history":[{"count":3,"href":"https:\/\/greenkingdom.ch\/it\/wp-json\/wp\/v2\/product\/22978\/revisions"}],"predecessor-version":[{"id":27353,"href":"https:\/\/greenkingdom.ch\/it\/wp-json\/wp\/v2\/product\/22978\/revisions\/27353"}],"wp:featuredmedia":[{"embeddable":true,"href":"https:\/\/greenkingdom.ch\/it\/wp-json\/wp\/v2\/media\/22966"}],"wp:attachment":[{"href":"https:\/\/greenkingdom.ch\/it\/wp-json\/wp\/v2\/media?parent=22978"}],"wp:term":[{"taxonomy":"product_brand","embeddable":true,"href":"https:\/\/greenkingdom.ch\/it\/wp-json\/wp\/v2\/product_brand?post=22978"},{"taxonomy":"product_cat","embeddable":true,"href":"https:\/\/greenkingdom.ch\/it\/wp-json\/wp\/v2\/product_cat?post=22978"},{"taxonomy":"product_tag","embeddable":true,"href":"https:\/\/greenkingdom.ch\/it\/wp-json\/wp\/v2\/product_tag?post=22978"}],"curies":[{"name":"wp","href":"https:\/\/api.w.org\/{rel}","templated":true}]}}