{"id":23030,"date":"2024-12-18T14:13:47","date_gmt":"2024-12-18T13:13:47","guid":{"rendered":"https:\/\/greenkingdom.ch\/?post_type=product&#038;p=23030"},"modified":"2025-01-02T14:41:08","modified_gmt":"2025-01-02T13:41:08","slug":"pro-xl-explosive-bloom-5-kg","status":"publish","type":"product","link":"https:\/\/greenkingdom.ch\/it\/prodotto\/pro-xl-explosive-bloom-5-kg\/","title":{"rendered":"Pro-XL Fioritura Esplosiva 5KG"},"content":{"rendered":"<p><strong>PRO-XL Explosive Bloom \u2013 Per fiori pi\u00f9 grandi, compatti e pesanti<\/strong><\/p>\n<p><strong>PRO-XL Explosive Bloom<\/strong> \u00e8 un fertilizzante rivoluzionario progettato per promuovere la crescita di fiori pi\u00f9 grandi, pi\u00f9 compatti, pi\u00f9 forti e pi\u00f9 pesanti. Questo prodotto innovativo combina un&#8217;alta concentrazione di fosforo e potassio con vitamine, aminoacidi e una qualit\u00e0 ottimale dello zolfo. Lo zolfo, essenziale per la formazione delle proteine nella pianta, svolge un ruolo chiave nello sviluppo della fioritura, rendendo <strong>l&#8217;Explosive Bloom<\/strong> particolarmente efficace nell&#8217;ottenere risultati impressionanti. <\/p>\n<ul>\n<li><strong>Fiori pi\u00f9 grandi e compatti<\/strong><\/li>\n<li><strong>Fiori pi\u00f9 duri e pesanti<\/strong><\/li>\n<li><strong>Formulazione arricchita di zolfo per la formazione di proteine<\/strong><\/li>\n<\/ul>\n","protected":false},"excerpt":{"rendered":"<p>PRO-XL Explosive Bloom \u2013 Per fiori pi\u00f9 grandi, compatti e pesanti PRO-XL Explosive Bloom \u00e8 un fertilizzante rivoluzionario progettato per promuovere la crescita di fiori pi\u00f9 grandi, pi\u00f9 compatti, pi\u00f9 forti e pi\u00f9 pesanti. Questo prodotto innovativo combina un&#8217;alta concentrazione di fosforo e potassio con vitamine, aminoacidi e una qualit\u00e0 ottimale dello zolfo. Lo zolfo, [&hellip;]<\/p>\n","protected":false},"featured_media":23007,"comment_status":"open","ping_status":"closed","template":"","meta":{"_seopress_robots_primary_cat":"none","_seopress_titles_title":"","_seopress_titles_desc":"","_seopress_robots_index":""},"product_brand":[],"product_cat":[691],"product_tag":[],"class_list":{"0":"post-23030","1":"product","2":"type-product","3":"status-publish","4":"has-post-thumbnail","6":"product_cat-pro-xl-it","9":"instock","10":"taxable","11":"shipping-taxable","12":"purchasable","13":"product-type-simple","14":"product-grid-view"},"_links":{"self":[{"href":"https:\/\/greenkingdom.ch\/it\/wp-json\/wp\/v2\/product\/23030","targetHints":{"allow":["GET"]}}],"collection":[{"href":"https:\/\/greenkingdom.ch\/it\/wp-json\/wp\/v2\/product"}],"about":[{"href":"https:\/\/greenkingdom.ch\/it\/wp-json\/wp\/v2\/types\/product"}],"replies":[{"embeddable":true,"href":"https:\/\/greenkingdom.ch\/it\/wp-json\/wp\/v2\/comments?post=23030"}],"version-history":[{"count":2,"href":"https:\/\/greenkingdom.ch\/it\/wp-json\/wp\/v2\/product\/23030\/revisions"}],"predecessor-version":[{"id":27373,"href":"https:\/\/greenkingdom.ch\/it\/wp-json\/wp\/v2\/product\/23030\/revisions\/27373"}],"wp:featuredmedia":[{"embeddable":true,"href":"https:\/\/greenkingdom.ch\/it\/wp-json\/wp\/v2\/media\/23007"}],"wp:attachment":[{"href":"https:\/\/greenkingdom.ch\/it\/wp-json\/wp\/v2\/media?parent=23030"}],"wp:term":[{"taxonomy":"product_brand","embeddable":true,"href":"https:\/\/greenkingdom.ch\/it\/wp-json\/wp\/v2\/product_brand?post=23030"},{"taxonomy":"product_cat","embeddable":true,"href":"https:\/\/greenkingdom.ch\/it\/wp-json\/wp\/v2\/product_cat?post=23030"},{"taxonomy":"product_tag","embeddable":true,"href":"https:\/\/greenkingdom.ch\/it\/wp-json\/wp\/v2\/product_tag?post=23030"}],"curies":[{"name":"wp","href":"https:\/\/api.w.org\/{rel}","templated":true}]}}