{"id":23176,"date":"2024-12-18T14:52:46","date_gmt":"2024-12-18T13:52:46","guid":{"rendered":"https:\/\/greenkingdom.ch\/?post_type=product&#038;p=23176"},"modified":"2025-01-02T14:36:15","modified_gmt":"2025-01-02T13:36:15","slug":"pro-xl-grow-ab-500ml","status":"publish","type":"product","link":"https:\/\/greenkingdom.ch\/it\/prodotto\/pro-xl-grow-ab-500ml\/","title":{"rendered":"PRO-XL Coltiva A+B 500ml"},"content":{"rendered":"<p><strong>PRO-XL Grow A+B \u2013 Fertilizzante appositamente formulato per la crescita<\/strong><\/p>\n<p><strong>PRO-XL Grow A+B \u00e8 un fertilizzante di alta qualit\u00e0<\/strong> , progettato specificamente per la fase di crescita delle piante. \u00c8 costituito da due componenti separati, A e B, che forniscono una nutrizione ottimale. Grazie all&#8217;utilizzo di nutrienti fini, privi di nitrati e cloruri, questo fertilizzante permette il massimo assorbimento da parte delle radici. Adatto a tutti i tipi di substrati, <strong>PRO-XL Grow A+B<\/strong> \u00e8 particolarmente indicato per i sistemi idroponici, garantendo uno sviluppo vegetativo vigoroso e sano. <\/p>\n","protected":false},"excerpt":{"rendered":"<p>PRO-XL Grow A+B \u2013 Fertilizzante appositamente formulato per la crescita PRO-XL Grow A+B \u00e8 un fertilizzante di alta qualit\u00e0 , progettato specificamente per la fase di crescita delle piante. \u00c8 costituito da due componenti separati, A e B, che forniscono una nutrizione ottimale. Grazie all&#8217;utilizzo di nutrienti fini, privi di nitrati e cloruri, questo fertilizzante [&hellip;]<\/p>\n","protected":false},"featured_media":23156,"comment_status":"open","ping_status":"closed","template":"","meta":{"_seopress_robots_primary_cat":"none","_seopress_titles_title":"","_seopress_titles_desc":"","_seopress_robots_index":""},"product_brand":[],"product_cat":[691],"product_tag":[],"class_list":{"0":"post-23176","1":"product","2":"type-product","3":"status-publish","4":"has-post-thumbnail","6":"product_cat-pro-xl-it","9":"instock","10":"taxable","11":"shipping-taxable","12":"purchasable","13":"product-type-simple","14":"product-grid-view"},"_links":{"self":[{"href":"https:\/\/greenkingdom.ch\/it\/wp-json\/wp\/v2\/product\/23176","targetHints":{"allow":["GET"]}}],"collection":[{"href":"https:\/\/greenkingdom.ch\/it\/wp-json\/wp\/v2\/product"}],"about":[{"href":"https:\/\/greenkingdom.ch\/it\/wp-json\/wp\/v2\/types\/product"}],"replies":[{"embeddable":true,"href":"https:\/\/greenkingdom.ch\/it\/wp-json\/wp\/v2\/comments?post=23176"}],"version-history":[{"count":3,"href":"https:\/\/greenkingdom.ch\/it\/wp-json\/wp\/v2\/product\/23176\/revisions"}],"predecessor-version":[{"id":27204,"href":"https:\/\/greenkingdom.ch\/it\/wp-json\/wp\/v2\/product\/23176\/revisions\/27204"}],"wp:featuredmedia":[{"embeddable":true,"href":"https:\/\/greenkingdom.ch\/it\/wp-json\/wp\/v2\/media\/23156"}],"wp:attachment":[{"href":"https:\/\/greenkingdom.ch\/it\/wp-json\/wp\/v2\/media?parent=23176"}],"wp:term":[{"taxonomy":"product_brand","embeddable":true,"href":"https:\/\/greenkingdom.ch\/it\/wp-json\/wp\/v2\/product_brand?post=23176"},{"taxonomy":"product_cat","embeddable":true,"href":"https:\/\/greenkingdom.ch\/it\/wp-json\/wp\/v2\/product_cat?post=23176"},{"taxonomy":"product_tag","embeddable":true,"href":"https:\/\/greenkingdom.ch\/it\/wp-json\/wp\/v2\/product_tag?post=23176"}],"curies":[{"name":"wp","href":"https:\/\/api.w.org\/{rel}","templated":true}]}}