{"id":23359,"date":"2024-12-18T15:48:39","date_gmt":"2024-12-18T14:48:39","guid":{"rendered":"https:\/\/greenkingdom.ch\/?post_type=product&#038;p=23359"},"modified":"2025-03-20T16:54:19","modified_gmt":"2025-03-20T15:54:19","slug":"pro-xl-pro-ortho-silicon-50ml","status":"publish","type":"product","link":"https:\/\/greenkingdom.ch\/it\/prodotto\/pro-xl-pro-ortho-silicon-50ml\/","title":{"rendered":"PRO-XL Pro Ortho Silicon 50ml"},"content":{"rendered":"<p><strong>PRO-XL Pro Ortho Silicon \u2013 Silicium Biodisponible pour Plantes<\/strong><\/p>\n<p><strong>PRO-XL Pro Ortho Silicon<\/strong> est un produit extr\u00eamement concentr\u00e9, formul\u00e9 avec des ingr\u00e9dients de la plus haute qualit\u00e9. Il contient de l&#8217;acide orthosilicique (H\u2084SiO\u2084), la forme 100 % biodisponible du silicium, sp\u00e9cialement con\u00e7u pour favoriser une croissance optimale des plantes.<\/p>\n<ul>\n<li><strong>Am\u00e9liore la structure des parois cellulaires<\/strong><\/li>\n<li><strong>Renforce la tige, favorise la formation des racines et la r\u00e9sistance aux maladies<\/strong><\/li>\n<li><strong>Optimise l&#8217;absorption des nutriments essentiels<\/strong><\/li>\n<\/ul>\n<p>Le silicium aide \u00e9galement \u00e0 augmenter la r\u00e9sistance des plantes aux temp\u00e9ratures \u00e9lev\u00e9es, \u00e0 la s\u00e9cheresse et \u00e0 r\u00e9duire le stress li\u00e9 \u00e0 l&#8217;exposition lumineuse excessive. Un choix id\u00e9al pour des cultures robustes et en pleine sant\u00e9.<\/p>\n","protected":false},"excerpt":{"rendered":"<p>PRO-XL Pro Ortho Silicon \u2013 Silicium Biodisponible pour Plantes PRO-XL Pro Ortho Silicon est un produit extr\u00eamement concentr\u00e9, formul\u00e9 avec des ingr\u00e9dients de la plus haute qualit\u00e9. Il contient de l&#8217;acide orthosilicique (H\u2084SiO\u2084), la forme 100 % biodisponible du silicium, sp\u00e9cialement con\u00e7u pour favoriser une croissance optimale des plantes. Am\u00e9liore la structure des parois cellulaires [&hellip;]<\/p>\n","protected":false},"featured_media":23347,"comment_status":"open","ping_status":"closed","template":"","meta":{"_seopress_robots_primary_cat":"none","_seopress_titles_title":"PRO-XL Pro Ortho Silicon (50ml) - Green Kingdom","_seopress_titles_desc":"PRO-XL Pro Ortho Silicon est un produit extr\u00eamement concentr\u00e9, formul\u00e9 avec des ingr\u00e9dients de la plus haute qualit\u00e9.","_seopress_robots_index":""},"product_brand":[],"product_cat":[691],"product_tag":[],"class_list":{"0":"post-23359","1":"product","2":"type-product","3":"status-publish","4":"has-post-thumbnail","6":"product_cat-pro-xl-it","9":"instock","10":"taxable","11":"shipping-taxable","12":"purchasable","13":"product-type-simple","14":"product-grid-view"},"_links":{"self":[{"href":"https:\/\/greenkingdom.ch\/it\/wp-json\/wp\/v2\/product\/23359","targetHints":{"allow":["GET"]}}],"collection":[{"href":"https:\/\/greenkingdom.ch\/it\/wp-json\/wp\/v2\/product"}],"about":[{"href":"https:\/\/greenkingdom.ch\/it\/wp-json\/wp\/v2\/types\/product"}],"replies":[{"embeddable":true,"href":"https:\/\/greenkingdom.ch\/it\/wp-json\/wp\/v2\/comments?post=23359"}],"version-history":[{"count":2,"href":"https:\/\/greenkingdom.ch\/it\/wp-json\/wp\/v2\/product\/23359\/revisions"}],"predecessor-version":[{"id":23373,"href":"https:\/\/greenkingdom.ch\/it\/wp-json\/wp\/v2\/product\/23359\/revisions\/23373"}],"wp:featuredmedia":[{"embeddable":true,"href":"https:\/\/greenkingdom.ch\/it\/wp-json\/wp\/v2\/media\/23347"}],"wp:attachment":[{"href":"https:\/\/greenkingdom.ch\/it\/wp-json\/wp\/v2\/media?parent=23359"}],"wp:term":[{"taxonomy":"product_brand","embeddable":true,"href":"https:\/\/greenkingdom.ch\/it\/wp-json\/wp\/v2\/product_brand?post=23359"},{"taxonomy":"product_cat","embeddable":true,"href":"https:\/\/greenkingdom.ch\/it\/wp-json\/wp\/v2\/product_cat?post=23359"},{"taxonomy":"product_tag","embeddable":true,"href":"https:\/\/greenkingdom.ch\/it\/wp-json\/wp\/v2\/product_tag?post=23359"}],"curies":[{"name":"wp","href":"https:\/\/api.w.org\/{rel}","templated":true}]}}