{"id":23400,"date":"2024-12-18T15:55:20","date_gmt":"2024-12-18T14:55:20","guid":{"rendered":"https:\/\/greenkingdom.ch\/product\/pro-xl-pro-silicon-power-organic-refill-1l\/"},"modified":"2025-01-02T14:32:26","modified_gmt":"2025-01-02T13:32:26","slug":"pro-xl-pro-silicon-power-organic-refill-1l","status":"publish","type":"product","link":"https:\/\/greenkingdom.ch\/it\/prodotto\/pro-xl-pro-silicon-power-organic-refill-1l\/","title":{"rendered":"PRO-XL Pro Silicon Power Ricarica Organica 1L"},"content":{"rendered":"<p><strong>PRO-XL Pro Silicon Power (REFILL) (Bio) \u2013 Silicio per una crescita solida e resiliente<\/strong><\/p>\n<p><strong>PRO-XL Pro Silicon Power<\/strong> \u00e8 un prodotto organico studiato per rafforzare la struttura cellulare delle piante durante la fase di crescita, favorendo uno sviluppo pi\u00f9 solido e robusto.<\/p>\n<ul>\n<li><strong>Qualit\u00e0 superiore<\/strong><\/li>\n<li><strong>Equilibrio ottimale<\/strong><\/li>\n<li><strong>Formula concentrata<\/strong><\/li>\n<\/ul>\n<p>Il silicio \u00e8 fondamentale per migliorare la forza delle piante, soprattutto nel tronco e nei rami laterali. Contribuisce a un migliore sviluppo complessivo, rafforza la resistenza agli stress e alle alte temperature, ottimizzando al contempo il risultato finale della coltura. Per un assorbimento ottimale, pu\u00f2 essere spruzzato sulle foglie, consentendo un&#8217;azione rapida ed efficace. <\/p>\n","protected":false},"excerpt":{"rendered":"<p>PRO-XL Pro Silicon Power (REFILL) (Bio) \u2013 Silicio per una crescita solida e resiliente PRO-XL Pro Silicon Power \u00e8 un prodotto organico studiato per rafforzare la struttura cellulare delle piante durante la fase di crescita, favorendo uno sviluppo pi\u00f9 solido e robusto. Qualit\u00e0 superiore Equilibrio ottimale Formula concentrata Il silicio \u00e8 fondamentale per migliorare la [&hellip;]<\/p>\n","protected":false},"featured_media":23396,"comment_status":"open","ping_status":"closed","template":"","meta":{"_seopress_robots_primary_cat":"","_seopress_titles_title":"","_seopress_titles_desc":"","_seopress_robots_index":""},"product_brand":[],"product_cat":[691],"product_tag":[],"class_list":{"0":"post-23400","1":"product","2":"type-product","3":"status-publish","4":"has-post-thumbnail","6":"product_cat-pro-xl-it","9":"instock","10":"taxable","11":"shipping-taxable","12":"purchasable","13":"product-type-simple","14":"product-grid-view"},"_links":{"self":[{"href":"https:\/\/greenkingdom.ch\/it\/wp-json\/wp\/v2\/product\/23400","targetHints":{"allow":["GET"]}}],"collection":[{"href":"https:\/\/greenkingdom.ch\/it\/wp-json\/wp\/v2\/product"}],"about":[{"href":"https:\/\/greenkingdom.ch\/it\/wp-json\/wp\/v2\/types\/product"}],"replies":[{"embeddable":true,"href":"https:\/\/greenkingdom.ch\/it\/wp-json\/wp\/v2\/comments?post=23400"}],"version-history":[{"count":1,"href":"https:\/\/greenkingdom.ch\/it\/wp-json\/wp\/v2\/product\/23400\/revisions"}],"predecessor-version":[{"id":27190,"href":"https:\/\/greenkingdom.ch\/it\/wp-json\/wp\/v2\/product\/23400\/revisions\/27190"}],"wp:featuredmedia":[{"embeddable":true,"href":"https:\/\/greenkingdom.ch\/it\/wp-json\/wp\/v2\/media\/23396"}],"wp:attachment":[{"href":"https:\/\/greenkingdom.ch\/it\/wp-json\/wp\/v2\/media?parent=23400"}],"wp:term":[{"taxonomy":"product_brand","embeddable":true,"href":"https:\/\/greenkingdom.ch\/it\/wp-json\/wp\/v2\/product_brand?post=23400"},{"taxonomy":"product_cat","embeddable":true,"href":"https:\/\/greenkingdom.ch\/it\/wp-json\/wp\/v2\/product_cat?post=23400"},{"taxonomy":"product_tag","embeddable":true,"href":"https:\/\/greenkingdom.ch\/it\/wp-json\/wp\/v2\/product_tag?post=23400"}],"curies":[{"name":"wp","href":"https:\/\/api.w.org\/{rel}","templated":true}]}}