{"id":23865,"date":"2024-12-19T11:18:41","date_gmt":"2024-12-19T10:18:41","guid":{"rendered":"https:\/\/greenkingdom.ch\/?post_type=product&#038;p=23865"},"modified":"2025-01-02T14:38:38","modified_gmt":"2025-01-02T13:38:38","slug":"terra-aquatica-acido-fulvico-500ml","status":"publish","type":"product","link":"https:\/\/greenkingdom.ch\/it\/prodotto\/terra-aquatica-acido-fulvico-500ml\/","title":{"rendered":"Terra Aquatica Acido Fulvico 500ml \/ GHE Nettare di Diamante"},"content":{"rendered":"<p>Milioni di anni fa, piante e animali preistorici venivano sepolti durante i cambiamenti storici e decomposti nel tempo. Sepolti a migliaia di metri di profondit\u00e0 e trasformati in carbonio, alcuni di questi giacimenti hanno dato origine a &#8220;diamanti&#8221;. Altri furono spinti verso l&#8217;alto durante l&#8217;era glaciale per formare l&#8217;odierna preziosa &#8220;Leonardite&#8221;. Nel cuore delle regioni originarie del New Mexico, si \u00e8 formato un notevole giacimento di Leonardite, contenente elementi naturali e organici che sono stati compostati nel corso dei millenni, diventando cos\u00ec immediatamente disponibili per le piante. Questo deposito viene meticolosamente lavorato per estrarre estratti naturali, chiamati humus. L&#8217;humus idrosolubile (acido fulvico e umico) \u00e8 ricco di componenti che arricchiscono la soluzione nutritiva, con una variet\u00e0 di sostanze che favoriscono la crescita. Il team di ricerca di General Hydroponics ha analizzato pi\u00f9 di 300 depositi di Leonardite provenienti da vari continenti per fornirti la fonte di approvvigionamento pi\u00f9 efficiente. Il nettare di diamante \u00e8 un prezioso estratto di acido fulvico, ricco di sostanze nutritive organiche e minerali, che stimola la crescita delle piante con la sua azione regolatrice e la sua capacit\u00e0 di scambio ionico.  <\/p>\n","protected":false},"excerpt":{"rendered":"<p>Milioni di anni fa, piante e animali preistorici venivano sepolti durante i cambiamenti storici e decomposti nel tempo. Sepolti a migliaia di metri di profondit\u00e0 e trasformati in carbonio, alcuni di questi giacimenti hanno dato origine a &#8220;diamanti&#8221;. Altri furono spinti verso l&#8217;alto durante l&#8217;era glaciale per formare l&#8217;odierna preziosa &#8220;Leonardite&#8221;. Nel cuore delle regioni [&hellip;]<\/p>\n","protected":false},"featured_media":23849,"comment_status":"open","ping_status":"closed","template":"","meta":{"_seopress_robots_primary_cat":"none","_seopress_titles_title":"","_seopress_titles_desc":"","_seopress_robots_index":""},"product_brand":[],"product_cat":[581],"product_tag":[],"class_list":{"0":"post-23865","1":"product","2":"type-product","3":"status-publish","4":"has-post-thumbnail","6":"product_cat-terra-aquatica-it","9":"instock","10":"taxable","11":"shipping-taxable","12":"purchasable","13":"product-type-simple","14":"product-grid-view"},"_links":{"self":[{"href":"https:\/\/greenkingdom.ch\/it\/wp-json\/wp\/v2\/product\/23865","targetHints":{"allow":["GET"]}}],"collection":[{"href":"https:\/\/greenkingdom.ch\/it\/wp-json\/wp\/v2\/product"}],"about":[{"href":"https:\/\/greenkingdom.ch\/it\/wp-json\/wp\/v2\/types\/product"}],"replies":[{"embeddable":true,"href":"https:\/\/greenkingdom.ch\/it\/wp-json\/wp\/v2\/comments?post=23865"}],"version-history":[{"count":3,"href":"https:\/\/greenkingdom.ch\/it\/wp-json\/wp\/v2\/product\/23865\/revisions"}],"predecessor-version":[{"id":24048,"href":"https:\/\/greenkingdom.ch\/it\/wp-json\/wp\/v2\/product\/23865\/revisions\/24048"}],"wp:featuredmedia":[{"embeddable":true,"href":"https:\/\/greenkingdom.ch\/it\/wp-json\/wp\/v2\/media\/23849"}],"wp:attachment":[{"href":"https:\/\/greenkingdom.ch\/it\/wp-json\/wp\/v2\/media?parent=23865"}],"wp:term":[{"taxonomy":"product_brand","embeddable":true,"href":"https:\/\/greenkingdom.ch\/it\/wp-json\/wp\/v2\/product_brand?post=23865"},{"taxonomy":"product_cat","embeddable":true,"href":"https:\/\/greenkingdom.ch\/it\/wp-json\/wp\/v2\/product_cat?post=23865"},{"taxonomy":"product_tag","embeddable":true,"href":"https:\/\/greenkingdom.ch\/it\/wp-json\/wp\/v2\/product_tag?post=23865"}],"curies":[{"name":"wp","href":"https:\/\/api.w.org\/{rel}","templated":true}]}}