{"id":24112,"date":"2024-12-19T13:37:13","date_gmt":"2024-12-19T12:37:13","guid":{"rendered":"https:\/\/greenkingdom.ch\/product\/terra-aquatica-novamax-bloom-1l\/"},"modified":"2025-01-02T14:25:45","modified_gmt":"2025-01-02T13:25:45","slug":"terra-aquatica-novamax-bloom-1l","status":"publish","type":"product","link":"https:\/\/greenkingdom.ch\/it\/prodotto\/terra-aquatica-novamax-bloom-1l\/","title":{"rendered":"Terra Aquatica NovaMax Bloom 1L"},"content":{"rendered":"<p><strong>Terra Aquatica NovaMax Bloom \u2013 Fertilizzante Liquido Super Concentrato 1 Parte<\/strong><\/p>\n<p><strong>Terra Aquatica NovaMax Bloom<\/strong> \u00e8 un fertilizzante liquido ultra-concentrato appositamente progettato per <strong>la fioritura<\/strong>. Adatto per <strong>l&#8217;idroponica<\/strong>, la <strong>fibra di cocco<\/strong> o <strong>il terreno<\/strong>, NovaMax Bloom offre una soluzione semplificata per massimizzare la produzione di fiori e frutti, garantendo al contempo un assorbimento ottimale dei nutrienti. <\/p>\n<ul>\n<li><strong>Fertilizzante liquido ultra concentrato<\/strong> : NovaMax Bloom \u00e8 uno dei fertilizzanti pi\u00f9 concentrati sul mercato, che consente di massimizzare l&#8217;efficienza utilizzando basse quantit\u00e0 di prodotto.<\/li>\n<li><strong>Formula in 1 parte<\/strong> : Con la sua <strong>tecnologia brevettata<\/strong>, NovaMax Bloom combina la potenza di un concentrato secco con la facilit\u00e0 di un liquido, offrendoti un&#8217;unica soluzione per la fioritura, senza la necessit\u00e0 di integratori CalMag o oligoelementi aggiuntivi.<\/li>\n<li><strong>Adatto a tutti i tipi di coltivazione<\/strong> : Che tu coltivi in idroponica, cocco o in terra, NovaMax Bloom si adatta perfettamente a qualsiasi sistema di coltivazione, fornendo al contempo i nutrienti essenziali per la fioritura.<\/li>\n<li><strong>Contiene minerali altamente purificati ed estratti umici<\/strong> : questi ingredienti naturali consentono un migliore assorbimento dei nutrienti e una fioritura pi\u00f9 abbondante e di migliore qualit\u00e0.<\/li>\n<li><strong>Massima efficienza con una bassa quantit\u00e0<\/strong> : Una piccola quantit\u00e0 di prodotto \u00e8 sufficiente per ottenere risultati eccezionali, fornendo una soluzione economica ed efficace per la fioritura.<\/li>\n<\/ul>\n<p>Con <strong>NovaMax Bloom<\/strong>, garantisci alle tue piante un periodo di fioritura spettacolare e una crescita ottimale, semplificando al contempo la gestione dei nutrienti grazie alla sua formula avanzata e concentrata.<\/p>\n","protected":false},"excerpt":{"rendered":"<p>Terra Aquatica NovaMax Bloom \u2013 Fertilizzante Liquido Super Concentrato 1 Parte Terra Aquatica NovaMax Bloom \u00e8 un fertilizzante liquido ultra-concentrato appositamente progettato per la fioritura. Adatto per l&#8217;idroponica, la fibra di cocco o il terreno, NovaMax Bloom offre una soluzione semplificata per massimizzare la produzione di fiori e frutti, garantendo al contempo un assorbimento ottimale [&hellip;]<\/p>\n","protected":false},"featured_media":24108,"comment_status":"open","ping_status":"closed","template":"","meta":{"_seopress_robots_primary_cat":"none","_seopress_titles_title":"","_seopress_titles_desc":"","_seopress_robots_index":""},"product_brand":[],"product_cat":[581],"product_tag":[],"class_list":{"0":"post-24112","1":"product","2":"type-product","3":"status-publish","4":"has-post-thumbnail","6":"product_cat-terra-aquatica-it","9":"instock","10":"taxable","11":"shipping-taxable","12":"purchasable","13":"product-type-simple","14":"product-grid-view"},"_links":{"self":[{"href":"https:\/\/greenkingdom.ch\/it\/wp-json\/wp\/v2\/product\/24112","targetHints":{"allow":["GET"]}}],"collection":[{"href":"https:\/\/greenkingdom.ch\/it\/wp-json\/wp\/v2\/product"}],"about":[{"href":"https:\/\/greenkingdom.ch\/it\/wp-json\/wp\/v2\/types\/product"}],"replies":[{"embeddable":true,"href":"https:\/\/greenkingdom.ch\/it\/wp-json\/wp\/v2\/comments?post=24112"}],"version-history":[{"count":2,"href":"https:\/\/greenkingdom.ch\/it\/wp-json\/wp\/v2\/product\/24112\/revisions"}],"predecessor-version":[{"id":27157,"href":"https:\/\/greenkingdom.ch\/it\/wp-json\/wp\/v2\/product\/24112\/revisions\/27157"}],"wp:featuredmedia":[{"embeddable":true,"href":"https:\/\/greenkingdom.ch\/it\/wp-json\/wp\/v2\/media\/24108"}],"wp:attachment":[{"href":"https:\/\/greenkingdom.ch\/it\/wp-json\/wp\/v2\/media?parent=24112"}],"wp:term":[{"taxonomy":"product_brand","embeddable":true,"href":"https:\/\/greenkingdom.ch\/it\/wp-json\/wp\/v2\/product_brand?post=24112"},{"taxonomy":"product_cat","embeddable":true,"href":"https:\/\/greenkingdom.ch\/it\/wp-json\/wp\/v2\/product_cat?post=24112"},{"taxonomy":"product_tag","embeddable":true,"href":"https:\/\/greenkingdom.ch\/it\/wp-json\/wp\/v2\/product_tag?post=24112"}],"curies":[{"name":"wp","href":"https:\/\/api.w.org\/{rel}","templated":true}]}}