{"id":24192,"date":"2024-12-19T13:51:44","date_gmt":"2024-12-19T12:51:44","guid":{"rendered":"https:\/\/greenkingdom.ch\/?post_type=product&#038;p=24192"},"modified":"2025-01-02T14:18:28","modified_gmt":"2025-01-02T13:18:28","slug":"terra-aquatica-pro-organic-bloom-5l","status":"publish","type":"product","link":"https:\/\/greenkingdom.ch\/it\/prodotto\/terra-aquatica-pro-organic-bloom-5l\/","title":{"rendered":"Terra Aquatica Pro Fioritura Biologica 5L"},"content":{"rendered":"<p><strong>Terra Aquatica Pro Organic Bloom \u2013 Fertilizzante Liquido 100% Organico<\/strong><\/p>\n<p><strong>Terra Aquatica Pro Organic Bloom<\/strong> \u00e8 un <strong>concime liquido super concentrato<\/strong> in <strong>una parte<\/strong>, completamente <strong>biologico<\/strong> e certificato per la coltivazione biologica. \u00c8 stato sviluppato nel 2004 ed \u00e8 utilizzato con successo da operazioni commerciali in tutto il mondo, inclusi partner come <strong>Les Sourciers<\/strong>. <\/p>\n<h3>Punti chiave di <strong>Pro Organic Bloom<\/strong> :<\/h3>\n<ul>\n<li><strong>100% biologico e certificato<\/strong> : Questo fertilizzante \u00e8 uno degli unici sul mercato ad essere <strong>certificato per l&#8217;agricoltura biologica<\/strong> ed \u00e8 progettato per soddisfare le esigenze nutrizionali delle piante in tutte le fasi del loro sviluppo, dalla <strong>crescita alla fioritura e alla fruttificazione<\/strong>.<\/li>\n<li><strong>Formulazione ottimale per la fioritura<\/strong> : Pro Organic Bloom \u00e8 appositamente formulato per favorire <strong>la fioritura<\/strong> e <strong>la fruttificazione<\/strong>. Fornisce una nutrizione completa per fiori abbondanti e di qualit\u00e0, nel rispetto dei principi ecologici che promuovono una crescita sana e sostenibile. <\/li>\n<li><strong>Miglioramento della zona radicale<\/strong> : il fertilizzante stimola <strong>la microbiologia del terreno<\/strong> fornendo batteri benefici che lavorano in simbiosi con le radici delle piante. Ci\u00f2 migliora l&#8217;assorbimento dei nutrienti e fornisce un ambiente ottimale per <strong>una fioritura vigorosa<\/strong> e <strong>una fruttificazione abbondante<\/strong>. <\/li>\n<li><strong>Un prodotto completo e autonomo<\/strong> : Pro Organic Bloom \u00e8 progettato per essere utilizzato da solo, senza bisogno di ulteriori aggiunte. Non avrai bisogno di altri prodotti per garantire risultati eccezionali, anche se stai utilizzando diversi tipi di substrati. <\/li>\n<li><strong>Solubilit\u00e0 perfetta<\/strong> : Questo fertilizzante \u00e8 <strong>altamente solubile<\/strong>, il che lo rende efficace con i sistemi di irrigazione automatica, l&#8217;irrigazione a goccia o con l&#8217;irrigazione manuale convenzionale. \u00c8 inoltre perfettamente compatibile con le colture <strong>bioponiche<\/strong> (idroponica biologica a radici nude e ricircolo). <\/li>\n<li><strong>Adatto a tutti i substrati<\/strong> : Sia che tu coltivi in <strong>terra<\/strong>, fibra di <strong>cocco<\/strong> o <strong>idroponica<\/strong>, <strong>Pro Organic Bloom<\/strong> \u00e8 formulato per essere utilizzato su tutti i tipi di substrati e garantisce una nutrizione completa ed equilibrata.<\/li>\n<\/ul>\n<h3>Consigli:<\/h3>\n<ul>\n<li><strong>Integratori di acqua dolce o fibra di cocco<\/strong> : Se stai coltivando in <strong>acqua dolce<\/strong> o fibra di <strong>cocco<\/strong>, potrebbe essere necessario un integratore di <strong>calcio e magnesio<\/strong> per ottenere risultati ottimali. In questo caso, si consiglia di utilizzare <strong>l&#8217;integratore GHE Calcium Magnesium Supplement<\/strong>. <\/li>\n<\/ul>\n<h3>Benefici:<\/h3>\n<ul>\n<li><strong>Flora e fruttificazione abbondanti<\/strong> : Questo fertilizzante \u00e8 particolarmente efficace durante le fasi di fioritura e fruttificazione, aumentando la densit\u00e0 di fiori e frutti e migliorandone la qualit\u00e0.<\/li>\n<li><strong>Facilit\u00e0 d&#8217;uso<\/strong> : <strong>Pro Organic Bloom<\/strong> \u00e8 facile da usare ed \u00e8 un prodotto all-in-one, quindi non \u00e8 necessario aggiungere altri integratori o sostanze nutritive. Garantisce raccolti abbondanti, sani e biologici, indipendentemente dal tipo di substrato o sistema di coltivazione. <\/li>\n<li><strong>Rispetto per l&#8217;ambiente<\/strong> : Come tutti i prodotti della <strong>gamma Terra Aquatica Pro Organic<\/strong>, <strong>Pro Organic Bloom<\/strong> si basa su principi di coltivazione rispettosi dell&#8217;ambiente, contribuendo alla sostenibilit\u00e0 e alla conservazione degli ecosistemi.<\/li>\n<\/ul>\n<h3>Insomma:<\/h3>\n<p><strong>Terra Aquatica Pro Organic Bloom<\/strong> \u00e8 il fertilizzante liquido perfetto per i coltivatori biologici che cercano una soluzione semplice, efficace ed ecologica per nutrire le loro piante durante la fioritura e la fruttificazione. Grazie alla sua formulazione completa e certificata, favorisce una fioritura vigorosa, frutti abbondanti e sostiene la salute delle radici senza la necessit\u00e0 di integratori aggiuntivi. Una scelta ideale per coltivazioni biologiche di successo, che si tratti di terra, fibra di cocco o idroponica.  <\/p>\n","protected":false},"excerpt":{"rendered":"<p>Terra Aquatica Pro Organic Bloom \u2013 Fertilizzante Liquido 100% Organico Terra Aquatica Pro Organic Bloom \u00e8 un concime liquido super concentrato in una parte, completamente biologico e certificato per la coltivazione biologica. \u00c8 stato sviluppato nel 2004 ed \u00e8 utilizzato con successo da operazioni commerciali in tutto il mondo, inclusi partner come Les Sourciers. Punti [&hellip;]<\/p>\n","protected":false},"featured_media":24181,"comment_status":"open","ping_status":"closed","template":"","meta":{"_seopress_robots_primary_cat":"none","_seopress_titles_title":"","_seopress_titles_desc":"","_seopress_robots_index":""},"product_brand":[],"product_cat":[581],"product_tag":[],"class_list":{"0":"post-24192","1":"product","2":"type-product","3":"status-publish","4":"has-post-thumbnail","6":"product_cat-terra-aquatica-it","9":"instock","10":"taxable","11":"shipping-taxable","12":"purchasable","13":"product-type-simple","14":"product-grid-view"},"_links":{"self":[{"href":"https:\/\/greenkingdom.ch\/it\/wp-json\/wp\/v2\/product\/24192","targetHints":{"allow":["GET"]}}],"collection":[{"href":"https:\/\/greenkingdom.ch\/it\/wp-json\/wp\/v2\/product"}],"about":[{"href":"https:\/\/greenkingdom.ch\/it\/wp-json\/wp\/v2\/types\/product"}],"replies":[{"embeddable":true,"href":"https:\/\/greenkingdom.ch\/it\/wp-json\/wp\/v2\/comments?post=24192"}],"version-history":[{"count":3,"href":"https:\/\/greenkingdom.ch\/it\/wp-json\/wp\/v2\/product\/24192\/revisions"}],"predecessor-version":[{"id":26968,"href":"https:\/\/greenkingdom.ch\/it\/wp-json\/wp\/v2\/product\/24192\/revisions\/26968"}],"wp:featuredmedia":[{"embeddable":true,"href":"https:\/\/greenkingdom.ch\/it\/wp-json\/wp\/v2\/media\/24181"}],"wp:attachment":[{"href":"https:\/\/greenkingdom.ch\/it\/wp-json\/wp\/v2\/media?parent=24192"}],"wp:term":[{"taxonomy":"product_brand","embeddable":true,"href":"https:\/\/greenkingdom.ch\/it\/wp-json\/wp\/v2\/product_brand?post=24192"},{"taxonomy":"product_cat","embeddable":true,"href":"https:\/\/greenkingdom.ch\/it\/wp-json\/wp\/v2\/product_cat?post=24192"},{"taxonomy":"product_tag","embeddable":true,"href":"https:\/\/greenkingdom.ch\/it\/wp-json\/wp\/v2\/product_tag?post=24192"}],"curies":[{"name":"wp","href":"https:\/\/api.w.org\/{rel}","templated":true}]}}