{"id":24242,"date":"2024-12-19T13:59:23","date_gmt":"2024-12-19T12:59:23","guid":{"rendered":"https:\/\/greenkingdom.ch\/?post_type=product&#038;p=24242"},"modified":"2025-01-02T14:18:32","modified_gmt":"2025-01-02T13:18:32","slug":"terra-aquatica-seaweed-5l","status":"publish","type":"product","link":"https:\/\/greenkingdom.ch\/it\/prodotto\/terra-aquatica-seaweed-5l\/","title":{"rendered":"Terra Aquatica Alga 5L"},"content":{"rendered":"<p><strong>Alga Terra Aquatica \u2013 Estratto di Alghe Spremute a Freddo 100% Naturale<\/strong><\/p>\n<p><strong>L&#8217;alga Terra Aquatica \u00e8<\/strong> un <strong>biostimolante naturale al 100%<\/strong> a base di estratto di alghe spremute a freddo, principalmente <strong>Ascophyllum nodosum<\/strong>, un&#8217;alga marina nota per le sue potenti propriet\u00e0 stimolanti. Questo prodotto migliora la vitalit\u00e0, la crescita e la fioritura delle piante, riducendo lo stress, per raccolti di alta qualit\u00e0. <\/p>\n<h3><strong>Caratteristiche principali dell&#8217;alga Terra Aquatica<\/strong>:<\/h3>\n<ul>\n<li><strong>Estratto puro di alghe<\/strong> : <strong>L&#8217;alga<\/strong> \u00e8 composta da <strong>Ascophyllum nodosum<\/strong>, un&#8217;alga spremuta a freddo, senza additivi o conservanti. Questo processo di spremitura a freddo preserva tutta la ricchezza nutrizionale delle alghe e garantisce un prodotto puro, naturale ed estremamente efficace. <\/li>\n<li><strong>Potente elicitore e biostimolante<\/strong> : questo prodotto agisce come <strong>biostimolante<\/strong> per <strong>migliorare la vitalit\u00e0 delle piante<\/strong> . Stimola <strong>la crescita delle radici<\/strong>, il fogliame e favorisce <strong>fioriture pi\u00f9 dense<\/strong> e <strong>frutti e fiori pi\u00f9 grandi<\/strong>. Riducendo lo stress delle piante, ottimizza il loro sviluppo complessivo, aiutando al contempo nella gestione delle condizioni di crescita.  <\/li>\n<li><strong>Fioritura migliorata<\/strong>: <strong>Le alghe<\/strong> sono particolarmente efficaci nella <strong>fase<\/strong> di <strong>pre-fioritura<\/strong> e fioritura, dove aiutano a ottenere piante pi\u00f9 robuste, con una migliore struttura dei rami e fiori pi\u00f9 grandi e densi. Riduce anche le dimensioni degli internodi, il che favorisce piante pi\u00f9 compatte e ramificate. <\/li>\n<li><strong>Applicazione fogliare<\/strong> : Come <strong>spray fogliare<\/strong>, <strong>le alghe<\/strong> stimolano lo sviluppo delle <strong>gemme<\/strong> e migliorano la <strong>distribuzione dei nutrienti<\/strong>, portando a <strong>una migliore fioritura<\/strong>. \u00c8 anche un ottimo modo per fornire rapidamente sostanze nutritive alle piante, soprattutto durante i periodi di stress o di rapida crescita. <\/li>\n<li><strong>Compatibile con tutti i substrati<\/strong> : Che tu stia coltivando in <strong>terra<\/strong>, fibra di <strong>cocco<\/strong> o <strong>idroponica<\/strong>, <strong>le alghe possono<\/strong> essere utilizzate in sinergia con qualsiasi programma nutrizionale. Migliora l&#8217;efficienza dell&#8217;assorbimento dei nutrienti, stimolando al contempo la crescita delle radici e la salute generale delle piante. <\/li>\n<li><strong>Riduzione dello stress<\/strong> : <strong>L&#8217;alga Terra Aquatica<\/strong> agisce riducendo gli effetti dello stress causato da fattori esterni come temperature estreme, cambiamenti nelle condizioni di luce o carenze nutrizionali. Questo aiuta a mantenere una crescita costante e sana, anche in condizioni difficili. <\/li>\n<\/ul>\n<h3>Benefici:<\/h3>\n<ul>\n<li><strong>100% naturale<\/strong> : Realizzato con alghe spremute a freddo senza conservanti o additivi.<\/li>\n<li><strong>Stimola la crescita delle radici e del fogliame<\/strong>, favorendo una crescita vigorosa.<\/li>\n<li><strong>Migliora la fioritura e la fruttificazione<\/strong> con fiori pi\u00f9 densi e frutti pi\u00f9 grandi.<\/li>\n<li><strong>Riduce lo stress delle piante<\/strong>, ottimizzandone la salute e lo sviluppo.<\/li>\n<li><strong>Riduce le dimensioni degli internodi<\/strong>, risultando in piante pi\u00f9 compatte e ramificate.<\/li>\n<li><strong>Compatibile con tutti i tipi di substrati<\/strong> (terra, cocco, idroponica).<\/li>\n<\/ul>\n<h3>Uso consigliato:<\/h3>\n<ul>\n<li><strong>Applicazione fogliare<\/strong> : Spruzzare il prodotto sulle foglie della pianta, soprattutto durante la fase vegetativa e di pre-fioritura per stimolare lo sviluppo delle gemme e ridurre le dimensioni degli internodi.<\/li>\n<li><strong>Irrigazione<\/strong> : Usa le alghe per migliorare la crescita delle radici e promuovere una fioritura pi\u00f9 densa e produttiva.<\/li>\n<li><strong>Pre-fioritura e fioritura<\/strong> : Applicare le alghe per rafforzare le piante prima e durante la fioritura, riducendo lo stress e ottimizzando le rese.<\/li>\n<\/ul>\n<h3>Insomma:<\/h3>\n<p><strong>L&#8217;alga Terra Aquatica \u00e8<\/strong> un <strong>potente biostimolante<\/strong> naturale al 100% che stimola la crescita delle radici, migliora la fioritura e riduce lo stress delle piante. Aiuta a produrre fiori pi\u00f9 densi e frutti pi\u00f9 grandi, promuovendo al contempo una crescita vigorosa e una migliore salute delle piante. Grazie al suo processo di spremitura a freddo, questo prodotto conserva tutta la ricchezza delle alghe e fornisce una nutrizione ottimale alle tue piante in tutte le fasi del loro sviluppo. Una scelta eccellente per massimizzare i tuoi raccolti e migliorare la qualit\u00e0 delle tue colture, in modo naturale ed efficiente.   <\/p>\n","protected":false},"excerpt":{"rendered":"<p>Alga Terra Aquatica \u2013 Estratto di Alghe Spremute a Freddo 100% Naturale L&#8217;alga Terra Aquatica \u00e8 un biostimolante naturale al 100% a base di estratto di alghe spremute a freddo, principalmente Ascophyllum nodosum, un&#8217;alga marina nota per le sue potenti propriet\u00e0 stimolanti. Questo prodotto migliora la vitalit\u00e0, la crescita e la fioritura delle piante, riducendo [&hellip;]<\/p>\n","protected":false},"featured_media":24231,"comment_status":"open","ping_status":"closed","template":"","meta":{"_seopress_robots_primary_cat":"none","_seopress_titles_title":"","_seopress_titles_desc":"","_seopress_robots_index":""},"product_brand":[],"product_cat":[581],"product_tag":[],"class_list":{"0":"post-24242","1":"product","2":"type-product","3":"status-publish","4":"has-post-thumbnail","6":"product_cat-terra-aquatica-it","9":"instock","10":"taxable","11":"shipping-taxable","12":"purchasable","13":"product-type-simple","14":"product-grid-view"},"_links":{"self":[{"href":"https:\/\/greenkingdom.ch\/it\/wp-json\/wp\/v2\/product\/24242","targetHints":{"allow":["GET"]}}],"collection":[{"href":"https:\/\/greenkingdom.ch\/it\/wp-json\/wp\/v2\/product"}],"about":[{"href":"https:\/\/greenkingdom.ch\/it\/wp-json\/wp\/v2\/types\/product"}],"replies":[{"embeddable":true,"href":"https:\/\/greenkingdom.ch\/it\/wp-json\/wp\/v2\/comments?post=24242"}],"version-history":[{"count":3,"href":"https:\/\/greenkingdom.ch\/it\/wp-json\/wp\/v2\/product\/24242\/revisions"}],"predecessor-version":[{"id":26971,"href":"https:\/\/greenkingdom.ch\/it\/wp-json\/wp\/v2\/product\/24242\/revisions\/26971"}],"wp:featuredmedia":[{"embeddable":true,"href":"https:\/\/greenkingdom.ch\/it\/wp-json\/wp\/v2\/media\/24231"}],"wp:attachment":[{"href":"https:\/\/greenkingdom.ch\/it\/wp-json\/wp\/v2\/media?parent=24242"}],"wp:term":[{"taxonomy":"product_brand","embeddable":true,"href":"https:\/\/greenkingdom.ch\/it\/wp-json\/wp\/v2\/product_brand?post=24242"},{"taxonomy":"product_cat","embeddable":true,"href":"https:\/\/greenkingdom.ch\/it\/wp-json\/wp\/v2\/product_cat?post=24242"},{"taxonomy":"product_tag","embeddable":true,"href":"https:\/\/greenkingdom.ch\/it\/wp-json\/wp\/v2\/product_tag?post=24242"}],"curies":[{"name":"wp","href":"https:\/\/api.w.org\/{rel}","templated":true}]}}