{"id":24625,"date":"2024-12-19T16:56:46","date_gmt":"2024-12-19T15:56:46","guid":{"rendered":"https:\/\/greenkingdom.ch\/?post_type=product&#038;p=24625"},"modified":"2025-01-02T14:19:10","modified_gmt":"2025-01-02T13:19:10","slug":"la-salade-vegeta-budz-indoor-30g","status":"publish","type":"product","link":"https:\/\/greenkingdom.ch\/it\/prodotto\/la-salade-vegeta-budz-indoor-30g\/","title":{"rendered":"L&#8217;insalata da interno &#8220;Vegeta Budz&#8221; 30G"},"content":{"rendered":"<h2><strong>Scopri Vegetabudz Small Buds \u2013 eccezionali fiori di CBD indoor, coltivati in Svizzera<\/strong><\/h2>\n<p>Immergiti nel mondo del CBD di alta qualit\u00e0 con Vegetabudz Small Buds, un prodotto accuratamente selezionato per offrire un&#8217;esperienza senza pari. Coltivati con passione nelle migliori condizioni indoor della Svizzera, questi piccoli fiori di CBD, noti anche come Mini Buds, si distinguono per la loro purezza e potenza. <\/p>\n<h3><strong>Perch\u00e9 scegliere Vegetabudz Small Buds?<\/strong><\/h3>\n<ul>\n<li><strong>Qualit\u00e0 premium<\/strong> : ogni sacchetto contiene fiori di CBD indoor coltivati in Svizzera, garantendo la massima qualit\u00e0 e il rispetto degli standard pi\u00f9 elevati.<\/li>\n<li><strong>Potenza e purezza<\/strong> : Le nostre Small Buds sono ricche di CBD, offrono effetti rilassanti e lenitivi, perfetti per coloro che desiderano migliorare il proprio benessere quotidiano.<\/li>\n<li><strong>Praticit\u00e0<\/strong> : i Mini Buds sono ideali per un utilizzo rapido ed efficiente, senza compromettere la qualit\u00e0 o i benefici.<\/li>\n<li><strong>Aromi e sapori<\/strong> : Assapora delicate note aromatiche e sapori raffinati, frutto di una meticolosa coltivazione indoor.<\/li>\n<\/ul>\n<h3><strong>Caratteristiche di Vegetabudz Small Buds:<\/strong><\/h3>\n<ul>\n<li><strong>Origine<\/strong> : Svizzera<\/li>\n<li><strong>Tipo di coltivazione<\/strong> : Indoor<\/li>\n<li><strong>Contenuto<\/strong> : Sacchetto di fiori CBD<\/li>\n<li><strong>Qualit\u00e0<\/strong> : Premium<\/li>\n<li><strong>Utilizzo<\/strong> : Relax, benessere<\/li>\n<\/ul>\n<h3><strong>Cosa sono le Small Buds CBD?<\/strong><\/h3>\n<p>Le Small Buds CBD, note anche come Mini Buds, sono piccoli fiori di cannabis ricchi di cannabidiolo (CBD), una sostanza non psicoattiva nota per i suoi numerosi benefici per la salute e il benessere. Coltivati indoor, questi fiori beneficiano di condizioni ottimali che massimizzano la loro concentrazione di CBD e preservano il loro profilo aromatico unico. Le cime piccole sono apprezzate per le loro dimensioni convenienti, la facilit\u00e0 d&#8217;uso e l&#8217;efficacia. Offrono un&#8217;alternativa conveniente senza sacrificare la qualit\u00e0, consentendo a pi\u00f9 persone di godere dei benefici del CBD.   <\/p>\n<h3><strong>Acquista ora le tue Vegetabudz Small Buds e sperimenta la differenza di qualit\u00e0 che solo il CBD indoor svizzero pu\u00f2 offrire.<\/strong><\/h3>\n<p>Ottimizza il tuo benessere con i nostri Mini Buds e rendi ogni momento un&#8217;esperienza rilassante e rilassante. Ordina oggi e goditi una consegna rapida e discreta. <\/p>\n","protected":false},"excerpt":{"rendered":"<p>Scopri Vegetabudz Small Buds \u2013 eccezionali fiori di CBD indoor, coltivati in Svizzera Immergiti nel mondo del CBD di alta qualit\u00e0 con Vegetabudz Small Buds, un prodotto accuratamente selezionato per offrire un&#8217;esperienza senza pari. Coltivati con passione nelle migliori condizioni indoor della Svizzera, questi piccoli fiori di CBD, noti anche come Mini Buds, si distinguono [&hellip;]<\/p>\n","protected":false},"featured_media":24629,"comment_status":"open","ping_status":"closed","template":"","meta":{"_seopress_robots_primary_cat":"none","_seopress_titles_title":"","_seopress_titles_desc":"","_seopress_robots_index":""},"product_brand":[],"product_cat":[533],"product_tag":[],"class_list":{"0":"post-24625","1":"product","2":"type-product","3":"status-publish","4":"has-post-thumbnail","6":"product_cat-indoor-it","9":"instock","10":"taxable","11":"shipping-taxable","12":"purchasable","13":"product-type-simple","14":"product-grid-view"},"_links":{"self":[{"href":"https:\/\/greenkingdom.ch\/it\/wp-json\/wp\/v2\/product\/24625","targetHints":{"allow":["GET"]}}],"collection":[{"href":"https:\/\/greenkingdom.ch\/it\/wp-json\/wp\/v2\/product"}],"about":[{"href":"https:\/\/greenkingdom.ch\/it\/wp-json\/wp\/v2\/types\/product"}],"replies":[{"embeddable":true,"href":"https:\/\/greenkingdom.ch\/it\/wp-json\/wp\/v2\/comments?post=24625"}],"version-history":[{"count":2,"href":"https:\/\/greenkingdom.ch\/it\/wp-json\/wp\/v2\/product\/24625\/revisions"}],"predecessor-version":[{"id":27021,"href":"https:\/\/greenkingdom.ch\/it\/wp-json\/wp\/v2\/product\/24625\/revisions\/27021"}],"wp:featuredmedia":[{"embeddable":true,"href":"https:\/\/greenkingdom.ch\/it\/wp-json\/wp\/v2\/media\/24629"}],"wp:attachment":[{"href":"https:\/\/greenkingdom.ch\/it\/wp-json\/wp\/v2\/media?parent=24625"}],"wp:term":[{"taxonomy":"product_brand","embeddable":true,"href":"https:\/\/greenkingdom.ch\/it\/wp-json\/wp\/v2\/product_brand?post=24625"},{"taxonomy":"product_cat","embeddable":true,"href":"https:\/\/greenkingdom.ch\/it\/wp-json\/wp\/v2\/product_cat?post=24625"},{"taxonomy":"product_tag","embeddable":true,"href":"https:\/\/greenkingdom.ch\/it\/wp-json\/wp\/v2\/product_tag?post=24625"}],"curies":[{"name":"wp","href":"https:\/\/api.w.org\/{rel}","templated":true}]}}