{"id":24673,"date":"2024-12-19T17:05:10","date_gmt":"2024-12-19T16:05:10","guid":{"rendered":"https:\/\/greenkingdom.ch\/?post_type=product&#038;p=24673"},"modified":"2025-01-02T14:19:19","modified_gmt":"2025-01-02T13:19:19","slug":"la-salade-indoor-mix-4g","status":"publish","type":"product","link":"https:\/\/greenkingdom.ch\/it\/prodotto\/la-salade-indoor-mix-4g\/","title":{"rendered":"L&#8217;insalata 4G &#8220;Indoor Mix&#8221;"},"content":{"rendered":"<h2><strong>Indoor CBD Mix &#8211; Fiori di CBD indoor coltivati in Svizzera<\/strong><\/h2>\n<p>Scopri il nostro Indoor CBD Mix, un sacchetto unico e conveniente contenente una miscela delle nostre migliori variet\u00e0 di fiori di CBD indoor, coltivati con cura in Svizzera. Ideale per gli amanti del CBD che cercano un&#8217;esperienza diversificata e gratificante, il nostro Indoor CBD Mix offre una perfetta combinazione di sapori ed effetti benefici, pur essendo economico. <\/p>\n<h3>Punti chiave del nostro mix di CBD per interni:<\/h3>\n<ul>\n<li><strong>Coltivato in Svizzera<\/strong> : I nostri fiori di CBD sono coltivati nelle migliori condizioni della Svizzera, garantendo una qualit\u00e0 superiore e una purezza senza pari.<\/li>\n<li><strong>Selezione varia<\/strong> : Goditi un&#8217;eccezionale miscela delle nostre variet\u00e0 di fiori di CBD indoor, ognuna delle quali apporta le proprie caratteristiche aromatiche e terapeutiche.<\/li>\n<li><strong>Ricco di cannabinoidi<\/strong> : Il nostro mix di CBD per interni \u00e8 ricco di CBD e altri cannabinoidi benefici, offrendo un&#8217;esperienza rilassante ed equilibrata.<\/li>\n<li><strong>Senza pesticidi<\/strong> : Coltivati senza l&#8217;uso di pesticidi, i nostri fiori di CBD sono naturali al 100% e rispettosi dell&#8217;ambiente.<\/li>\n<li><strong>Aromi e sapori<\/strong> : Ogni variet\u00e0 della nostra miscela apporta aromi distinti e sapori unici, per un&#8217;esperienza sensoriale completa.<\/li>\n<li><strong>Prezzo abbordabile<\/strong> : godetevi l&#8217;alta qualit\u00e0 della Svizzera a un prezzo conveniente. Il nostro mix di CBD per interni offre un eccellente rapporto qualit\u00e0-prezzo per coloro che vogliono provare diverse variet\u00e0 di CBD senza spendere una fortuna. <\/li>\n<\/ul>\n<h3>Perch\u00e9 scegliere il mix di CBD per interni?<\/h3>\n<p>Il nostro Indoor CBD Mix \u00e8 perfetto per coloro che vogliono sperimentare una vasta gamma di fiori di CBD senza dover scegliere una sola variet\u00e0. Questa miscela \u00e8 ideale per i momenti di relax, la gestione dello stress e il miglioramento del benessere generale. E tutto questo ad un prezzo imbattibile!  <\/p>\n<h4>Uso e conservazione<\/h4>\n<p>Per ottenere il massimo dal nostro Indoor CBD Mix, conservalo in un luogo fresco e asciutto, lontano dalla luce diretta. Usa i fiori secondo le tue preferenze, sia in infusione, vaporizzazione o altri metodi adatti. <\/p>\n<h3><strong>Ordina oggi il tuo Indoor CBD Mix ed esplora la ricchezza dei fiori svizzeri di CBD indoor ad un ottimo prezzo!<\/strong><\/h3>\n","protected":false},"excerpt":{"rendered":"<p>Indoor CBD Mix &#8211; Fiori di CBD indoor coltivati in Svizzera Scopri il nostro Indoor CBD Mix, un sacchetto unico e conveniente contenente una miscela delle nostre migliori variet\u00e0 di fiori di CBD indoor, coltivati con cura in Svizzera. Ideale per gli amanti del CBD che cercano un&#8217;esperienza diversificata e gratificante, il nostro Indoor CBD [&hellip;]<\/p>\n","protected":false},"featured_media":24677,"comment_status":"open","ping_status":"closed","template":"","meta":{"_seopress_robots_primary_cat":"none","_seopress_titles_title":"","_seopress_titles_desc":"","_seopress_robots_index":""},"product_brand":[],"product_cat":[533],"product_tag":[],"class_list":{"0":"post-24673","1":"product","2":"type-product","3":"status-publish","4":"has-post-thumbnail","6":"product_cat-indoor-it","9":"instock","10":"taxable","11":"shipping-taxable","12":"purchasable","13":"product-type-simple","14":"product-grid-view"},"_links":{"self":[{"href":"https:\/\/greenkingdom.ch\/it\/wp-json\/wp\/v2\/product\/24673","targetHints":{"allow":["GET"]}}],"collection":[{"href":"https:\/\/greenkingdom.ch\/it\/wp-json\/wp\/v2\/product"}],"about":[{"href":"https:\/\/greenkingdom.ch\/it\/wp-json\/wp\/v2\/types\/product"}],"replies":[{"embeddable":true,"href":"https:\/\/greenkingdom.ch\/it\/wp-json\/wp\/v2\/comments?post=24673"}],"version-history":[{"count":3,"href":"https:\/\/greenkingdom.ch\/it\/wp-json\/wp\/v2\/product\/24673\/revisions"}],"predecessor-version":[{"id":27033,"href":"https:\/\/greenkingdom.ch\/it\/wp-json\/wp\/v2\/product\/24673\/revisions\/27033"}],"wp:featuredmedia":[{"embeddable":true,"href":"https:\/\/greenkingdom.ch\/it\/wp-json\/wp\/v2\/media\/24677"}],"wp:attachment":[{"href":"https:\/\/greenkingdom.ch\/it\/wp-json\/wp\/v2\/media?parent=24673"}],"wp:term":[{"taxonomy":"product_brand","embeddable":true,"href":"https:\/\/greenkingdom.ch\/it\/wp-json\/wp\/v2\/product_brand?post=24673"},{"taxonomy":"product_cat","embeddable":true,"href":"https:\/\/greenkingdom.ch\/it\/wp-json\/wp\/v2\/product_cat?post=24673"},{"taxonomy":"product_tag","embeddable":true,"href":"https:\/\/greenkingdom.ch\/it\/wp-json\/wp\/v2\/product_tag?post=24673"}],"curies":[{"name":"wp","href":"https:\/\/api.w.org\/{rel}","templated":true}]}}