{"id":24707,"date":"2024-12-19T17:12:18","date_gmt":"2024-12-19T16:12:18","guid":{"rendered":"https:\/\/greenkingdom.ch\/?post_type=product&#038;p=24707"},"modified":"2025-01-02T14:19:20","modified_gmt":"2025-01-02T13:19:20","slug":"la-salade-blueberry-indoor-boite-pre-roule","status":"publish","type":"product","link":"https:\/\/greenkingdom.ch\/it\/prodotto\/la-salade-blueberry-indoor-boite-pre-roule\/","title":{"rendered":"Insalata BlueBerry Scatola da interno di canne pre-rollate (5x 1G)"},"content":{"rendered":"<h1>Scatola in gres CBD ai mirtilli &#8211; Squisito relax e sapore<\/h1>\n<p>Dai un&#8217;occhiata alla nostra Blueberry CBD Gresware Box, un&#8217;esperienza unica che fonde la bont\u00e0 rilassante del CBD con il sapore deliziosamente fruttato dei mirtilli. Le nostre canne sono accuratamente arrotolate con fiori di CBD di alta qualit\u00e0, fornendo un rilassamento ottimale ad ogni boccata. <\/p>\n<h2>Perch\u00e9 scegliere la nostra scatola in gres CBD ai mirtilli?<\/h2>\n<p>Le nostre canne Blueberry CBD sono progettate per coloro che cercano un profondo relax mentre godono di un sapore eccezionale. Ecco perch\u00e9 il nostro prodotto si distingue: <\/p>\n<h3>Qualit\u00e0 superiore e sapore ineguagliabile<\/h3>\n<ul>\n<li><strong>Fiori di CBD premium<\/strong> : Utilizziamo solo fiori di CBD di prima qualit\u00e0, coltivati senza pesticidi o erbicidi, per garantire la massima purezza.<\/li>\n<li><strong>Sapore di mirtillo<\/strong> : Ogni canna \u00e8 infusa con aromi naturali di mirtillo, fornendo un&#8217;esperienza di gusto dolce e fruttata che delizier\u00e0 i tuoi sensi.<\/li>\n<li><strong>Effetto lenitivo<\/strong> : Grazie ad un alto contenuto di CBD, le nostre articolazioni forniscono un profondo rilassamento, ideale per ridurre lo stress e promuovere un senso di benessere.<\/li>\n<\/ul>\n<h3>Praticit\u00e0 e discrezione<\/h3>\n<p>Le nostre canne Blueberry CBD sono pre-rollate e pronte all&#8217;uso, permettendoti di godere dei benefici del CBD senza pre-miscelare. La scatola compatta e discreta \u00e8 facile da trasportare, perfetta per un rapido relax ovunque tu sia. <\/p>\n<h4>Uso e vantaggi<\/h4>\n<p>Le canne di Blueberry CBD sono perfette per coloro che desiderano incorporare il CBD nella loro routine quotidiana in modo semplice e divertente. Che si tratti di rilassarsi dopo una lunga giornata, migliorare la qualit\u00e0 del sonno o semplicemente godersi un momento di tranquillit\u00e0, la nostra Blueberry CBD Jointed Box \u00e8 la scelta perfetta. <\/p>\n<h4>Impegno per la qualit\u00e0<\/h4>\n<p>Ci impegniamo a offrire prodotti CBD di altissima qualit\u00e0. Ogni lotto di giunti \u00e8 testato in laboratorio per garantire purezza, sicurezza ed efficacia. Con la nostra scatola per canne Blueberry CBD, puoi essere sicuro di ricevere un prodotto di cui ti puoi fidare, progettato per il tuo benessere.  <\/p>\n<h3>Ordina oggi la tua scatola con sigillo al CBD ai mirtilli<\/h3>\n<p>Non perdere l&#8217;occasione di scoprire i benefici del CBD combinati con il sapore squisito del mirtillo. Ordina oggi la tua scatola per canne Blueberry CBD e goditi una consegna rapida e discreta. Rilassati e assapora ogni momento con il nostro prodotto eccezionale.  <\/p>\n","protected":false},"excerpt":{"rendered":"<p>Scatola in gres CBD ai mirtilli &#8211; Squisito relax e sapore Dai un&#8217;occhiata alla nostra Blueberry CBD Gresware Box, un&#8217;esperienza unica che fonde la bont\u00e0 rilassante del CBD con il sapore deliziosamente fruttato dei mirtilli. Le nostre canne sono accuratamente arrotolate con fiori di CBD di alta qualit\u00e0, fornendo un rilassamento ottimale ad ogni boccata. [&hellip;]<\/p>\n","protected":false},"featured_media":24711,"comment_status":"open","ping_status":"closed","template":"","meta":{"_seopress_robots_primary_cat":"none","_seopress_titles_title":"","_seopress_titles_desc":"","_seopress_robots_index":""},"product_brand":[],"product_cat":[533,701],"product_tag":[],"class_list":{"0":"post-24707","1":"product","2":"type-product","3":"status-publish","4":"has-post-thumbnail","6":"product_cat-indoor-it","7":"product_cat-pre-rolls-it","10":"instock","11":"taxable","12":"shipping-taxable","13":"purchasable","14":"product-type-simple","15":"product-grid-view"},"_links":{"self":[{"href":"https:\/\/greenkingdom.ch\/it\/wp-json\/wp\/v2\/product\/24707","targetHints":{"allow":["GET"]}}],"collection":[{"href":"https:\/\/greenkingdom.ch\/it\/wp-json\/wp\/v2\/product"}],"about":[{"href":"https:\/\/greenkingdom.ch\/it\/wp-json\/wp\/v2\/types\/product"}],"replies":[{"embeddable":true,"href":"https:\/\/greenkingdom.ch\/it\/wp-json\/wp\/v2\/comments?post=24707"}],"version-history":[{"count":2,"href":"https:\/\/greenkingdom.ch\/it\/wp-json\/wp\/v2\/product\/24707\/revisions"}],"predecessor-version":[{"id":27036,"href":"https:\/\/greenkingdom.ch\/it\/wp-json\/wp\/v2\/product\/24707\/revisions\/27036"}],"wp:featuredmedia":[{"embeddable":true,"href":"https:\/\/greenkingdom.ch\/it\/wp-json\/wp\/v2\/media\/24711"}],"wp:attachment":[{"href":"https:\/\/greenkingdom.ch\/it\/wp-json\/wp\/v2\/media?parent=24707"}],"wp:term":[{"taxonomy":"product_brand","embeddable":true,"href":"https:\/\/greenkingdom.ch\/it\/wp-json\/wp\/v2\/product_brand?post=24707"},{"taxonomy":"product_cat","embeddable":true,"href":"https:\/\/greenkingdom.ch\/it\/wp-json\/wp\/v2\/product_cat?post=24707"},{"taxonomy":"product_tag","embeddable":true,"href":"https:\/\/greenkingdom.ch\/it\/wp-json\/wp\/v2\/product_tag?post=24707"}],"curies":[{"name":"wp","href":"https:\/\/api.w.org\/{rel}","templated":true}]}}