{"id":24723,"date":"2024-12-19T17:16:19","date_gmt":"2024-12-19T16:16:19","guid":{"rendered":"https:\/\/greenkingdom.ch\/?post_type=product&#038;p=24723"},"modified":"2025-01-02T14:19:25","modified_gmt":"2025-01-02T13:19:25","slug":"la-salade-moonwalker-og-indoor-6g","status":"publish","type":"product","link":"https:\/\/greenkingdom.ch\/it\/prodotto\/la-salade-moonwalker-og-indoor-6g\/","title":{"rendered":"L&#8217;insalata da interno 6G &#8220;MoonWalker OG&#8221;"},"content":{"rendered":"<h2 style=\"font-weight: 500;\">\n            <b><br \/>\n              <strong>Moonwalker OG: un&#8217;affascinante esperienza floreale coltivata con cura all&#8217;interno utilizzando la tecnica aeroponica.<\/strong><br \/>\n            <\/b><br \/>\n          <\/h2>\n<p style=\"font-weight: 400;\">Scopri <b><strong>la variet\u00e0 di fiori di CBD pi\u00f9 popolare sul mercato<\/strong><\/b> : Moonwalker OG. Coltivata con passione e competenza indoor, questa variet\u00e0 \u00e8 il risultato di un processo innovativo chiamato aeroponica. <\/p>\n<p style=\"font-weight: 400;\"><b><strong>L&#8217;aeroponica<\/strong><\/b> \u00e8 un metodo di coltivazione che prevede la sospensione delle piante in un ambiente controllato dove le radici sono nutrite da sostanze nutritive spruzzate direttamente su di esse. Questa tecnica consente un assorbimento ottimale dei nutrienti e favorisce la crescita vigorosa di ogni pianta, garantendo cos\u00ec una qualit\u00e0 superiore dei fiori di CBD. <\/p>\n<p style=\"font-weight: 400;\">Moonwalker OG si distingue per il suo aroma accattivante e l&#8217;effetto rilassante. Le cime dense e resinose emanano note terrose e legnose, con un sottile sentore di agrumi. Il suo profilo terpenico unico la rende una variet\u00e0 molto apprezzata dagli intenditori.  <\/p>\n<p style=\"font-weight: 400;\">Oltre al suo profumo inebriante, Moonwalker OG offre <b><strong>un alto livello di cannabidiolo (CBD)<\/strong><\/b> e un basso contenuto di tetraidrocannabinolo (THC), che lo rendono la scelta ideale per chi cerca i benefici del CBD senza gli effetti psicoattivi associati al THC.<\/p>\n<p style=\"font-weight: 400;\">\n<h2 style=\"font-weight: 500;\">\n            <b><br \/>\n              <strong>Il fiore perfetto di Moonwalker OG CBD grazie alla sua genetica e aeroponica<\/strong><br \/>\n            <\/b><br \/>\n          <\/h2>\n<p style=\"font-weight: 400;\">Grazie al nostro approccio meticoloso alla coltivazione indoor e all&#8217;uso dell&#8217;aeroponica, ogni fiore di Moonwalker OG \u00e8 di qualit\u00e0 eccezionale. Le condizioni di crescita controllate si traducono in cime dense, resinose e sviluppate in modo uniforme, ricche di CBD e povere di THC. <\/p>\n<p style=\"font-weight: 400;\">Siamo orgogliosi di offrirti un&#8217;esperienza floreale incomparabile con <b><strong>il nostro Moonwalker OG coltivato per via aeroponica<\/strong><\/b>. Ogni fiore viene raccolto a mano con cura ed essiccato lentamente per preservarne l&#8217;aroma e i benefici. In questo modo si pu\u00f2 essere certi di ricevere un prodotto di alta qualit\u00e0 proveniente da una coltivazione rispettosa dell&#8217;ambiente.  <\/p>\n<p style=\"font-weight: 400;\">Scopri subito Moonwalker OG e lasciati sedurre dalla sua fragranza ammaliante e dai suoi effetti rilassanti. Goditi i benefici del CBD in tutto il suo splendore con la nostra variet\u00e0 coltivata aeroponica e preparati per un&#8217;esperienza floreale indimenticabile&#8221;. <\/p>\n<p style=\"font-weight: 400;\">\n            <b><br \/>\n              <strong> <\/strong><br \/>\n            <\/b>\n          <\/p>\n<h2 style=\"font-weight: 500;\">\n            <b><br \/>\n              <strong>Immergiti nel mondo di Moonwalker OG<\/strong><br \/>\n            <\/b><br \/>\n          <\/h2>\n<p style=\"font-weight: 400;\">Scegliendo la Moonwalker OG coltivata per via aeroponica, optate per un&#8217;eccezionale esperienza di consumo di CBD coltivato in Svizzera. La nostra variet\u00e0 \u00e8 apprezzata dagli amanti del CBD per i suoi molteplici potenziali benefici. Alcuni utenti segnalano effetti rilassanti e lenitivi e una riduzione dello stress e dell&#8217;ansia. Ogni fiore \u00e8 un tesoro naturale contenente preziosi cannabinoidi e terpeni, che possono contribuire a un senso generale di benessere.   <\/p>\n<p style=\"font-weight: 400;\">Noi di Lasalade ci impegniamo a offrirti prodotti di altissima qualit\u00e0 e a offrirti un&#8217;esperienza unica con il nostro Moonwalker OG coltivato in aeroponica. Crediamo nel potere del CBD e nei suoi potenziali benefici per il tuo benessere. Ecco perch\u00e9 facciamo di tutto per coltivare fiori eccezionali, ricchi di CBD e deliziosamente profumati.  <\/p>\n<p style=\"font-weight: 400;\">Ordina oggi il tuo Moonwalker OG coltivato aeroponicamente e immergiti in un&#8217;accattivante esperienza floreale. Ti meriti il meglio del CBD, ed \u00e8 esattamente quello che ti offriamo&#8221;. <\/p>\n","protected":false},"excerpt":{"rendered":"<p>Moonwalker OG: un&#8217;affascinante esperienza floreale coltivata con cura all&#8217;interno utilizzando la tecnica aeroponica. Scopri la variet\u00e0 di fiori di CBD pi\u00f9 popolare sul mercato : Moonwalker OG. Coltivata con passione e competenza indoor, questa variet\u00e0 \u00e8 il risultato di un processo innovativo chiamato aeroponica. L&#8217;aeroponica \u00e8 un metodo di coltivazione che prevede la sospensione delle [&hellip;]<\/p>\n","protected":false},"featured_media":24727,"comment_status":"open","ping_status":"closed","template":"","meta":{"_seopress_robots_primary_cat":"none","_seopress_titles_title":"","_seopress_titles_desc":"","_seopress_robots_index":""},"product_brand":[],"product_cat":[533],"product_tag":[],"class_list":{"0":"post-24723","1":"product","2":"type-product","3":"status-publish","4":"has-post-thumbnail","6":"product_cat-indoor-it","9":"instock","10":"taxable","11":"shipping-taxable","12":"purchasable","13":"product-type-simple","14":"product-grid-view"},"_links":{"self":[{"href":"https:\/\/greenkingdom.ch\/it\/wp-json\/wp\/v2\/product\/24723","targetHints":{"allow":["GET"]}}],"collection":[{"href":"https:\/\/greenkingdom.ch\/it\/wp-json\/wp\/v2\/product"}],"about":[{"href":"https:\/\/greenkingdom.ch\/it\/wp-json\/wp\/v2\/types\/product"}],"replies":[{"embeddable":true,"href":"https:\/\/greenkingdom.ch\/it\/wp-json\/wp\/v2\/comments?post=24723"}],"version-history":[{"count":2,"href":"https:\/\/greenkingdom.ch\/it\/wp-json\/wp\/v2\/product\/24723\/revisions"}],"predecessor-version":[{"id":27041,"href":"https:\/\/greenkingdom.ch\/it\/wp-json\/wp\/v2\/product\/24723\/revisions\/27041"}],"wp:featuredmedia":[{"embeddable":true,"href":"https:\/\/greenkingdom.ch\/it\/wp-json\/wp\/v2\/media\/24727"}],"wp:attachment":[{"href":"https:\/\/greenkingdom.ch\/it\/wp-json\/wp\/v2\/media?parent=24723"}],"wp:term":[{"taxonomy":"product_brand","embeddable":true,"href":"https:\/\/greenkingdom.ch\/it\/wp-json\/wp\/v2\/product_brand?post=24723"},{"taxonomy":"product_cat","embeddable":true,"href":"https:\/\/greenkingdom.ch\/it\/wp-json\/wp\/v2\/product_cat?post=24723"},{"taxonomy":"product_tag","embeddable":true,"href":"https:\/\/greenkingdom.ch\/it\/wp-json\/wp\/v2\/product_tag?post=24723"}],"curies":[{"name":"wp","href":"https:\/\/api.w.org\/{rel}","templated":true}]}}