{"id":24766,"date":"2024-12-19T17:26:44","date_gmt":"2024-12-19T16:26:44","guid":{"rendered":"https:\/\/greenkingdom.ch\/?post_type=product&#038;p=24766"},"modified":"2025-01-02T14:19:27","modified_gmt":"2025-01-02T13:19:27","slug":"la-salade-infusion-midday-tisane-au-chanvre-biologique","status":"publish","type":"product","link":"https:\/\/greenkingdom.ch\/it\/prodotto\/la-salade-infusion-midday-tisane-au-chanvre-biologique\/","title":{"rendered":"L&#8217;insalata &#8220;Mezzogiorno&#8221; con tisana di canapa biologica"},"content":{"rendered":"<h1 style=\"font-weight: 400;\">\n            <b><br \/>\n              <strong>Di cosa sono fatte le nostre tisane alla canapa?<\/strong><br \/>\n            <\/b><br \/>\n          <\/h1>\n<p style=\"font-weight: 400;\">I nostri infusi sono a base di canapa (20%) proveniente da produzione biologica in Svizzera, con diversi ingredienti ed erbe anch&#8217;esse di produzione biologica. In effetti, \u00e8 un bel modo per consumare la cannabis mettendola in infusione in acqua calda. Ma da sola, la canapa a volte pu\u00f2 dare un sapore un po&#8217; forte, anche se le propriet\u00e0 della pianta rimangono. Ecco perch\u00e9 ci siamo preoccupati di selezionare aromi che si sposassero perfettamente con quello della canapa.   <\/p>\n<h2 style=\"font-weight: 500;\">\n            <b><br \/>\n              <strong>Infusi di canapa: un&#8217;alternativa naturale per il relax<\/strong><br \/>\n            <\/b><br \/>\n          <\/h2>\n<p style=\"font-weight: 400;\">La canapa \u00e8 una pianta straordinaria che offre una variet\u00e0 di benefici per la salute e il benessere. Ecco perch\u00e9 gli infusi di canapa, noti anche come tisane di canapa o t\u00e8 alla canapa, stanno diventando sempre pi\u00f9 popolari. Ci\u00f2 che rende speciali queste bevande \u00e8 che sono realizzate con foglie di canapa di prima qualit\u00e0, prive di THC (tetraidrocannabinolo), la sostanza psicoattiva della cannabis.  <\/p>\n<h2 style=\"font-weight: 500;\">\n            <b><br \/>\n              <strong>I benefici degli infusi di canapa<\/strong><br \/>\n            <\/b><br \/>\n          <\/h2>\n<p style=\"font-weight: 400;\">Gli infusi di canapa sono spesso considerati un&#8217;alternativa naturale per aiutare con il rilassamento e il rilassamento. Sono anche noti per aiutare a ridurre lo stress, migliorare il sonno e rafforzare il sistema immunitario. Inoltre, gli antiossidanti presenti nelle foglie di canapa possono aiutare a combattere i radicali liberi e proteggere la salute generale.  <\/p>\n<h2 style=\"font-weight: 500;\">\n            <b><br \/>\n              <strong>CBD, un componente popolare della canapa<\/strong><br \/>\n            <\/b><br \/>\n          <\/h2>\n<p style=\"font-weight: 400;\">Il CBD (cannabidiolo) \u00e8 un componente non psicoattivo della canapa che sta diventando sempre pi\u00f9 popolare grazie alle sue propriet\u00e0 benefiche per la salute. Il CBD pu\u00f2 essere trovato nei prodotti a base di canapa, come infusi, oli, capsule e creme. \u00c8 stato dimostrato che il CBD aiuta a ridurre l&#8217;ansia, la depressione e i disturbi del sonno, oltre ad alleviare il dolore cronico.  <\/p>\n<p style=\"font-weight: 400;\">In sintesi, gli infusi di canapa sono un&#8217;opzione di bevanda sempre pi\u00f9 popolare per chi cerca un&#8217;alternativa naturale per il relax e il relax. Sono semplici da preparare, sani e sicuri e possono essere combinati con altri prodotti a base di canapa per ulteriori benefici per la salute. Allora perch\u00e9 non aggiungere una tisana di canapa alla tua routine quotidiana per trarne i numerosi benefici?  <\/p>\n","protected":false},"excerpt":{"rendered":"<p>Di cosa sono fatte le nostre tisane alla canapa? I nostri infusi sono a base di canapa (20%) proveniente da produzione biologica in Svizzera, con diversi ingredienti ed erbe anch&#8217;esse di produzione biologica. In effetti, \u00e8 un bel modo per consumare la cannabis mettendola in infusione in acqua calda. Ma da sola, la canapa a [&hellip;]<\/p>\n","protected":false},"featured_media":24770,"comment_status":"open","ping_status":"closed","template":"","meta":{"_seopress_robots_primary_cat":"none","_seopress_titles_title":"","_seopress_titles_desc":"","_seopress_robots_index":""},"product_brand":[],"product_cat":[705],"product_tag":[],"class_list":{"0":"post-24766","1":"product","2":"type-product","3":"status-publish","4":"has-post-thumbnail","6":"product_cat-the-et-infusion-it","9":"instock","10":"taxable","11":"shipping-taxable","12":"purchasable","13":"product-type-simple","14":"product-grid-view"},"_links":{"self":[{"href":"https:\/\/greenkingdom.ch\/it\/wp-json\/wp\/v2\/product\/24766","targetHints":{"allow":["GET"]}}],"collection":[{"href":"https:\/\/greenkingdom.ch\/it\/wp-json\/wp\/v2\/product"}],"about":[{"href":"https:\/\/greenkingdom.ch\/it\/wp-json\/wp\/v2\/types\/product"}],"replies":[{"embeddable":true,"href":"https:\/\/greenkingdom.ch\/it\/wp-json\/wp\/v2\/comments?post=24766"}],"version-history":[{"count":2,"href":"https:\/\/greenkingdom.ch\/it\/wp-json\/wp\/v2\/product\/24766\/revisions"}],"predecessor-version":[{"id":27043,"href":"https:\/\/greenkingdom.ch\/it\/wp-json\/wp\/v2\/product\/24766\/revisions\/27043"}],"wp:featuredmedia":[{"embeddable":true,"href":"https:\/\/greenkingdom.ch\/it\/wp-json\/wp\/v2\/media\/24770"}],"wp:attachment":[{"href":"https:\/\/greenkingdom.ch\/it\/wp-json\/wp\/v2\/media?parent=24766"}],"wp:term":[{"taxonomy":"product_brand","embeddable":true,"href":"https:\/\/greenkingdom.ch\/it\/wp-json\/wp\/v2\/product_brand?post=24766"},{"taxonomy":"product_cat","embeddable":true,"href":"https:\/\/greenkingdom.ch\/it\/wp-json\/wp\/v2\/product_cat?post=24766"},{"taxonomy":"product_tag","embeddable":true,"href":"https:\/\/greenkingdom.ch\/it\/wp-json\/wp\/v2\/product_tag?post=24766"}],"curies":[{"name":"wp","href":"https:\/\/api.w.org\/{rel}","templated":true}]}}