{"id":24817,"date":"2024-12-19T17:43:34","date_gmt":"2024-12-19T16:43:34","guid":{"rendered":"https:\/\/greenkingdom.ch\/product\/la-salade-golden-hash-resine-indoor-5g\/"},"modified":"2025-01-02T14:19:35","modified_gmt":"2025-01-02T13:19:35","slug":"la-salade-golden-hash-resine-indoor-5g","status":"publish","type":"product","link":"https:\/\/greenkingdom.ch\/it\/prodotto\/la-salade-golden-hash-resine-indoor-5g\/","title":{"rendered":"L&#8217;insalata di resina da interno &#8220;Golden Hash&#8221; 5G"},"content":{"rendered":"<p style=\"font-weight: 400;\"><b><strong>Il Golden Hash \u00e8 un polline di CBD<\/strong><\/b> proveniente da fiori coltivati indoor nel Canton Vallese. \u00c8 piuttosto polveroso, con un odore grazioso e leggermente fruttato che agita le papille gustative. Un colore marrone molto chiaro, da cui il nome Golden.  <\/p>\n<h2 style=\"font-weight: 500;\">\n            <b><br \/>\n              <strong>Golden CBD: resina di CBD dagli effetti rilassanti<\/strong><br \/>\n            <\/b><br \/>\n          <\/h2>\n<p style=\"font-weight: 400;\"><b><strong>Gloden CBD<\/strong><\/b> \u00e8 una resina di CBD con qualit\u00e0 premium che ti offrir\u00e0 un momento di relax, ideale a fine giornata per calmare lo stress quotidiano.<\/p>\n","protected":false},"excerpt":{"rendered":"<p>Il Golden Hash \u00e8 un polline di CBD proveniente da fiori coltivati indoor nel Canton Vallese. \u00c8 piuttosto polveroso, con un odore grazioso e leggermente fruttato che agita le papille gustative. Un colore marrone molto chiaro, da cui il nome Golden. Golden CBD: resina di CBD dagli effetti rilassanti Gloden CBD \u00e8 una resina di [&hellip;]<\/p>\n","protected":false},"featured_media":24809,"comment_status":"open","ping_status":"closed","template":"","meta":{"_seopress_robots_primary_cat":"none","_seopress_titles_title":"","_seopress_titles_desc":"","_seopress_robots_index":""},"product_brand":[],"product_cat":[548],"product_tag":[],"class_list":{"0":"post-24817","1":"product","2":"type-product","3":"status-publish","4":"has-post-thumbnail","6":"product_cat-resine","9":"instock","10":"taxable","11":"shipping-taxable","12":"purchasable","13":"product-type-simple","14":"product-grid-view"},"_links":{"self":[{"href":"https:\/\/greenkingdom.ch\/it\/wp-json\/wp\/v2\/product\/24817","targetHints":{"allow":["GET"]}}],"collection":[{"href":"https:\/\/greenkingdom.ch\/it\/wp-json\/wp\/v2\/product"}],"about":[{"href":"https:\/\/greenkingdom.ch\/it\/wp-json\/wp\/v2\/types\/product"}],"replies":[{"embeddable":true,"href":"https:\/\/greenkingdom.ch\/it\/wp-json\/wp\/v2\/comments?post=24817"}],"version-history":[{"count":2,"href":"https:\/\/greenkingdom.ch\/it\/wp-json\/wp\/v2\/product\/24817\/revisions"}],"predecessor-version":[{"id":27056,"href":"https:\/\/greenkingdom.ch\/it\/wp-json\/wp\/v2\/product\/24817\/revisions\/27056"}],"wp:featuredmedia":[{"embeddable":true,"href":"https:\/\/greenkingdom.ch\/it\/wp-json\/wp\/v2\/media\/24809"}],"wp:attachment":[{"href":"https:\/\/greenkingdom.ch\/it\/wp-json\/wp\/v2\/media?parent=24817"}],"wp:term":[{"taxonomy":"product_brand","embeddable":true,"href":"https:\/\/greenkingdom.ch\/it\/wp-json\/wp\/v2\/product_brand?post=24817"},{"taxonomy":"product_cat","embeddable":true,"href":"https:\/\/greenkingdom.ch\/it\/wp-json\/wp\/v2\/product_cat?post=24817"},{"taxonomy":"product_tag","embeddable":true,"href":"https:\/\/greenkingdom.ch\/it\/wp-json\/wp\/v2\/product_tag?post=24817"}],"curies":[{"name":"wp","href":"https:\/\/api.w.org\/{rel}","templated":true}]}}