{"id":24935,"date":"2024-12-19T17:57:39","date_gmt":"2024-12-19T16:57:39","guid":{"rendered":"https:\/\/greenkingdom.ch\/?post_type=product&#038;p=24935"},"modified":"2025-01-02T14:19:52","modified_gmt":"2025-01-02T13:19:52","slug":"la-salade-critical-hash-resine-indoor-5g","status":"publish","type":"product","link":"https:\/\/greenkingdom.ch\/it\/prodotto\/la-salade-critical-hash-resine-indoor-5g\/","title":{"rendered":"L&#8217;insalata di resina da interno &#8220;Critical Hash&#8221; 5G"},"content":{"rendered":"<h2>Scopri il nostro Critical Hash CBD Svizzera<\/h2>\n<p>Vi presentiamo <strong>la Critical Hash<\/strong>, una resina CBD di alta qualit\u00e0 ideale per gli amanti dell&#8217;hashish. Il nostro prodotto si distingue per il suo colore marrone molto chiaro e proviene dai migliori fiori di CBD Critical coltivati indoor in Svizzera. Goditi i benefici del CBD con un prodotto che combina eccellenza e autenticit\u00e0.  <\/p>\n<h3>Caratteristiche di Critical Hash<\/h3>\n<ul>\n<li><strong>Origine<\/strong> : Coltivato in Svizzera, il nostro hashish proviene da fiori di Critical CBD accuratamente selezionati.<\/li>\n<li><strong>Colore<\/strong> : Marrone molto chiaro, segno distintivo della purezza e della qualit\u00e0 della nostra resina.<\/li>\n<li><strong>Metodo di coltivazione<\/strong> : Indoor, garantisce un controllo ottimale delle condizioni di crescita per una qualit\u00e0 superiore.<\/li>\n<li><strong>Tipo di prodotto<\/strong> : Resina di CBD, nota anche come hashish, polline o hashish.<\/li>\n<\/ul>\n<h3>Perch\u00e9 scegliere l&#8217;hashish critico?<\/h3>\n<ol>\n<li><strong>Qualit\u00e0 svizzera<\/strong> : una garanzia di autenticit\u00e0 e know-how nella coltivazione del CBD.<\/li>\n<li><strong>Purezza ed efficacia<\/strong> : La nostra resina marrone molto chiaro \u00e8 una garanzia di purezza e potenza, ideale per un&#8217;esperienza di relax e benessere.<\/li>\n<li><strong>Versatilit\u00e0<\/strong> : Sia che tu preferisca usarlo per svapare, preparare birra o cucinare, Critical Hash si adatta a tutti i tuoi desideri.<\/li>\n<\/ol>\n<h3>Usi critici dell&#8217;hash<\/h3>\n<ul>\n<li><strong>Svapo<\/strong> : Un metodo rapido ed efficace per sperimentare gli effetti rilassanti del CBD.<\/li>\n<li><strong>Infusi<\/strong> : Aggiungi un po&#8217; di Critical Hash alla tua tisana per un momento di assoluto relax.<\/li>\n<li><strong>Cucina<\/strong> : Incorpora il nostro hashish nelle tue ricette per godere dei benefici del CBD nella tua dieta quotidiana.<\/li>\n<\/ul>\n<h3>Conclusione<\/h3>\n<p><strong>La Critical Hash<\/strong> \u00e8 pi\u00f9 di una semplice resina di CBD. Si tratta di un prodotto di alta qualit\u00e0, coltivato con cura in Svizzera, che soddisfa le aspettative di consumatori esigenti. Con i suoi molteplici usi e benefici per la salute e il benessere, \u00e8 un must per tutti gli amanti dell&#8217;hashish, del polline e dell&#8217;hashish. Optate per Critical Hash e scoprite la differenza di un prodotto eccezionale.  <\/p>\n","protected":false},"excerpt":{"rendered":"<p>Scopri il nostro Critical Hash CBD Svizzera Vi presentiamo la Critical Hash, una resina CBD di alta qualit\u00e0 ideale per gli amanti dell&#8217;hashish. Il nostro prodotto si distingue per il suo colore marrone molto chiaro e proviene dai migliori fiori di CBD Critical coltivati indoor in Svizzera. Goditi i benefici del CBD con un prodotto [&hellip;]<\/p>\n","protected":false},"featured_media":24939,"comment_status":"open","ping_status":"closed","template":"","meta":{"_seopress_robots_primary_cat":"none","_seopress_titles_title":"","_seopress_titles_desc":"","_seopress_robots_index":""},"product_brand":[],"product_cat":[548],"product_tag":[],"class_list":{"0":"post-24935","1":"product","2":"type-product","3":"status-publish","4":"has-post-thumbnail","6":"product_cat-resine","9":"instock","10":"taxable","11":"shipping-taxable","12":"purchasable","13":"product-type-simple","14":"product-grid-view"},"_links":{"self":[{"href":"https:\/\/greenkingdom.ch\/it\/wp-json\/wp\/v2\/product\/24935","targetHints":{"allow":["GET"]}}],"collection":[{"href":"https:\/\/greenkingdom.ch\/it\/wp-json\/wp\/v2\/product"}],"about":[{"href":"https:\/\/greenkingdom.ch\/it\/wp-json\/wp\/v2\/types\/product"}],"replies":[{"embeddable":true,"href":"https:\/\/greenkingdom.ch\/it\/wp-json\/wp\/v2\/comments?post=24935"}],"version-history":[{"count":2,"href":"https:\/\/greenkingdom.ch\/it\/wp-json\/wp\/v2\/product\/24935\/revisions"}],"predecessor-version":[{"id":27076,"href":"https:\/\/greenkingdom.ch\/it\/wp-json\/wp\/v2\/product\/24935\/revisions\/27076"}],"wp:featuredmedia":[{"embeddable":true,"href":"https:\/\/greenkingdom.ch\/it\/wp-json\/wp\/v2\/media\/24939"}],"wp:attachment":[{"href":"https:\/\/greenkingdom.ch\/it\/wp-json\/wp\/v2\/media?parent=24935"}],"wp:term":[{"taxonomy":"product_brand","embeddable":true,"href":"https:\/\/greenkingdom.ch\/it\/wp-json\/wp\/v2\/product_brand?post=24935"},{"taxonomy":"product_cat","embeddable":true,"href":"https:\/\/greenkingdom.ch\/it\/wp-json\/wp\/v2\/product_cat?post=24935"},{"taxonomy":"product_tag","embeddable":true,"href":"https:\/\/greenkingdom.ch\/it\/wp-json\/wp\/v2\/product_tag?post=24935"}],"curies":[{"name":"wp","href":"https:\/\/api.w.org\/{rel}","templated":true}]}}