{"id":24981,"date":"2024-12-19T18:03:37","date_gmt":"2024-12-19T17:03:37","guid":{"rendered":"https:\/\/greenkingdom.ch\/?post_type=product&#038;p=24981"},"modified":"2025-01-02T14:20:02","modified_gmt":"2025-01-02T13:20:02","slug":"la-salade-double-zero-resine-indoor-5g","status":"publish","type":"product","link":"https:\/\/greenkingdom.ch\/it\/prodotto\/la-salade-double-zero-resine-indoor-5g\/","title":{"rendered":"L&#8217;insalata &#8220;Double Zero&#8221; in resina da interno 5G"},"content":{"rendered":"<h2>Double Zero: Resina CBD Premium<\/h2>\n<p>Scopri <strong>Double Zero<\/strong>, la nostra resina di CBD premium, una meravigliosa fusione di purezza e tradizione svizzera. Questa resina marrone chiaro, realizzata con i migliori fiori di CBD coltivati in Svizzera, promette un&#8217;esperienza senza pari per gli amanti del CBD. <\/p>\n<h3>Caratteristiche dell&#8217;hashish al CBD Double Zero<\/h3>\n<ul>\n<li><strong>Colore marrone chiaro<\/strong> : La tonalit\u00e0 distintiva della nostra resina Double Zero \u00e8 una testimonianza della sua purezza e dell&#8217;eccezionale qualit\u00e0 delle piante utilizzate.<\/li>\n<li><strong>Produzione svizzera<\/strong> : Made in Switzerland, Double Zero beneficia degli elevati standard e del know-how svizzero, garantendo un prodotto di alta qualit\u00e0.<\/li>\n<li><strong>Ricco di CBD<\/strong> : Double Zero \u00e8 ricco di cannabidiolo, che offre effetti rilassanti e lenitivi, perfetti per chi cerca i benefici del CBD senza gli effetti psicoattivi.<\/li>\n<\/ul>\n<h3>Perch\u00e9 scegliere il nostro polline di CBD Double Zero?<\/h3>\n<p>Double Zero si distingue nel mercato delle resine CBD grazie alle sue caratteristiche uniche:<\/p>\n<ul>\n<li><strong>Qualit\u00e0 premium<\/strong> : prodotta dai migliori fiori di canapa, la nostra resina Double Zero \u00e8 sinonimo di purezza e qualit\u00e0.<\/li>\n<li><strong>Polline ricco di CBD<\/strong> : La resina Double Zero \u00e8 ottenuta dal polline delle piante, garantendo un&#8217;alta concentrazione di CBD per effetti ottimizzati.<\/li>\n<li><strong>Hashish autentico<\/strong> : Il processo di produzione del nostro hashish Double Zero rispetta le tradizioni e incorpora tecniche moderne per garantire un prodotto eccezionale.<\/li>\n<\/ul>\n<h3>Uso e vantaggi<\/h3>\n<p>Il doppio zero pu\u00f2 essere utilizzato in diversi modi per sfruttarne appieno i benefici:<\/p>\n<ul>\n<li><strong>Relax<\/strong> : Ideale per rilassarsi dopo una lunga giornata, Double Zero aiuta a lenire la mente e il corpo.<\/li>\n<li><strong>Sollievo dallo stress<\/strong> : Le propriet\u00e0 naturali del CBD sono note per la loro capacit\u00e0 di ridurre lo stress e l&#8217;ansia.<\/li>\n<li><strong>Benessere generale<\/strong> : Incorporando il Doppio Zero nella tua routine, puoi beneficiare del benessere generale e di una migliore qualit\u00e0 della vita.<\/li>\n<\/ul>\n<h3>Conclusione<\/h3>\n<p>Opta per <strong>Double Zero<\/strong>, la nostra resina CBD premium, per un&#8217;esperienza autentica e rilassante. Con le sue caratteristiche uniche e la produzione svizzera, Double Zero \u00e8 la scelta perfetta per gli intenditori di CBD alla ricerca di prodotti di alta qualit\u00e0. Goditi i benefici dell&#8217;hashish, del polline e dell&#8217;hashish in un unico fantastico prodotto.  <\/p>\n","protected":false},"excerpt":{"rendered":"<p>Double Zero: Resina CBD Premium Scopri Double Zero, la nostra resina di CBD premium, una meravigliosa fusione di purezza e tradizione svizzera. Questa resina marrone chiaro, realizzata con i migliori fiori di CBD coltivati in Svizzera, promette un&#8217;esperienza senza pari per gli amanti del CBD. Caratteristiche dell&#8217;hashish al CBD Double Zero Colore marrone chiaro : [&hellip;]<\/p>\n","protected":false},"featured_media":24985,"comment_status":"open","ping_status":"closed","template":"","meta":{"_seopress_robots_primary_cat":"none","_seopress_titles_title":"","_seopress_titles_desc":"","_seopress_robots_index":""},"product_brand":[],"product_cat":[548],"product_tag":[],"class_list":{"0":"post-24981","1":"product","2":"type-product","3":"status-publish","4":"has-post-thumbnail","6":"product_cat-resine","9":"instock","10":"taxable","11":"shipping-taxable","12":"purchasable","13":"product-type-simple","14":"product-grid-view"},"_links":{"self":[{"href":"https:\/\/greenkingdom.ch\/it\/wp-json\/wp\/v2\/product\/24981","targetHints":{"allow":["GET"]}}],"collection":[{"href":"https:\/\/greenkingdom.ch\/it\/wp-json\/wp\/v2\/product"}],"about":[{"href":"https:\/\/greenkingdom.ch\/it\/wp-json\/wp\/v2\/types\/product"}],"replies":[{"embeddable":true,"href":"https:\/\/greenkingdom.ch\/it\/wp-json\/wp\/v2\/comments?post=24981"}],"version-history":[{"count":2,"href":"https:\/\/greenkingdom.ch\/it\/wp-json\/wp\/v2\/product\/24981\/revisions"}],"predecessor-version":[{"id":27090,"href":"https:\/\/greenkingdom.ch\/it\/wp-json\/wp\/v2\/product\/24981\/revisions\/27090"}],"wp:featuredmedia":[{"embeddable":true,"href":"https:\/\/greenkingdom.ch\/it\/wp-json\/wp\/v2\/media\/24985"}],"wp:attachment":[{"href":"https:\/\/greenkingdom.ch\/it\/wp-json\/wp\/v2\/media?parent=24981"}],"wp:term":[{"taxonomy":"product_brand","embeddable":true,"href":"https:\/\/greenkingdom.ch\/it\/wp-json\/wp\/v2\/product_brand?post=24981"},{"taxonomy":"product_cat","embeddable":true,"href":"https:\/\/greenkingdom.ch\/it\/wp-json\/wp\/v2\/product_cat?post=24981"},{"taxonomy":"product_tag","embeddable":true,"href":"https:\/\/greenkingdom.ch\/it\/wp-json\/wp\/v2\/product_tag?post=24981"}],"curies":[{"name":"wp","href":"https:\/\/api.w.org\/{rel}","templated":true}]}}