{"id":25004,"date":"2024-12-19T18:06:37","date_gmt":"2024-12-19T17:06:37","guid":{"rendered":"https:\/\/greenkingdom.ch\/?post_type=product&#038;p=25004"},"modified":"2025-01-02T14:20:05","modified_gmt":"2025-01-02T13:20:05","slug":"la-salade-cherry-blossom-resine-indoor-5g","status":"publish","type":"product","link":"https:\/\/greenkingdom.ch\/it\/prodotto\/la-salade-cherry-blossom-resine-indoor-5g\/","title":{"rendered":"L&#8217;insalata di resina da interno &#8220;Cherry Blossom&#8221; 5G"},"content":{"rendered":"<h2>Cherry Blossom, una resina di CBD di alta qualit\u00e0<\/h2>\n<p>Scopri <strong>la resina CBD Cherry Blossom<\/strong>, un&#8217;esperienza eccezionale per gli amanti del <strong>polline di hashish<\/strong> e <strong>dell&#8217;hashish<\/strong>. Realizzato con i migliori fiori di CBD coltivati in Svizzera, questo prodotto si distingue per la sua qualit\u00e0 superiore e le sue caratteristiche uniche. <strong>Colore e consistenza:<\/strong> <strong>La resina Cherry Blossom<\/strong> presenta un&#8217;attraente tonalit\u00e0 di marrone e giallo, che testimonia la sua purezza e autenticit\u00e0. La sua consistenza ricca e appiccicosa \u00e8 perfetta per una facile manipolazione e un uso versatile. <strong>Terpeni potenti:<\/strong> Grazie ai suoi potenti terpeni, la <strong>resina di fiori di ciliegio<\/strong> offre un&#8217;esperienza sensoriale incomparabile. Ogni inalazione rivela aromi floreali e legnosi, portando una sensazione di benessere e profondo rilassamento. <strong>Origine e Qualit\u00e0:<\/strong> Coltivati con cura in Svizzera, i fiori di CBD utilizzati per produrre la <strong>resina di fiori di ciliegio<\/strong> soddisfano i pi\u00f9 alti standard di qualit\u00e0. Questa origine garantisce un prodotto senza pesticidi o additivi, per un consumo sano e naturale. <\/p>\n<h3><strong>Perch\u00e9 scegliere i fiori di ciliegio:<\/strong><\/h3>\n<ul>\n<li><strong>Qualit\u00e0 premium: Realizzato<\/strong> con i migliori fiori svizzeri di CBD.<\/li>\n<li><strong>Aromi eccezionali<\/strong> : Grazie a terpeni potenti e naturali.<\/li>\n<li><strong>Colore unico<\/strong> : un&#8217;affascinante tonalit\u00e0 marrone e gialla.<\/li>\n<li><strong>Versatilit\u00e0<\/strong> : Ideale per vari metodi di consumo.<\/li>\n<\/ul>\n<p>Che tu sia un amante del <strong>polline di hashish<\/strong> o dell&#8217;hashish, la <strong>resina di fiori di ciliegio<\/strong> \u00e8 la scelta perfetta per un&#8217;esperienza CBD raffinata e autentica.<strong> Ordinate ora e sperimentate la qualit\u00e0 svizzera al suo apice.<\/strong> <\/p>\n","protected":false},"excerpt":{"rendered":"<p>Cherry Blossom, una resina di CBD di alta qualit\u00e0 Scopri la resina CBD Cherry Blossom, un&#8217;esperienza eccezionale per gli amanti del polline di hashish e dell&#8217;hashish. Realizzato con i migliori fiori di CBD coltivati in Svizzera, questo prodotto si distingue per la sua qualit\u00e0 superiore e le sue caratteristiche uniche. Colore e consistenza: La resina [&hellip;]<\/p>\n","protected":false},"featured_media":25008,"comment_status":"open","ping_status":"closed","template":"","meta":{"_seopress_robots_primary_cat":"none","_seopress_titles_title":"","_seopress_titles_desc":"","_seopress_robots_index":""},"product_brand":[],"product_cat":[548],"product_tag":[],"class_list":{"0":"post-25004","1":"product","2":"type-product","3":"status-publish","4":"has-post-thumbnail","6":"product_cat-resine","9":"instock","10":"taxable","11":"shipping-taxable","12":"purchasable","13":"product-type-simple","14":"product-grid-view"},"_links":{"self":[{"href":"https:\/\/greenkingdom.ch\/it\/wp-json\/wp\/v2\/product\/25004","targetHints":{"allow":["GET"]}}],"collection":[{"href":"https:\/\/greenkingdom.ch\/it\/wp-json\/wp\/v2\/product"}],"about":[{"href":"https:\/\/greenkingdom.ch\/it\/wp-json\/wp\/v2\/types\/product"}],"replies":[{"embeddable":true,"href":"https:\/\/greenkingdom.ch\/it\/wp-json\/wp\/v2\/comments?post=25004"}],"version-history":[{"count":2,"href":"https:\/\/greenkingdom.ch\/it\/wp-json\/wp\/v2\/product\/25004\/revisions"}],"predecessor-version":[{"id":27091,"href":"https:\/\/greenkingdom.ch\/it\/wp-json\/wp\/v2\/product\/25004\/revisions\/27091"}],"wp:featuredmedia":[{"embeddable":true,"href":"https:\/\/greenkingdom.ch\/it\/wp-json\/wp\/v2\/media\/25008"}],"wp:attachment":[{"href":"https:\/\/greenkingdom.ch\/it\/wp-json\/wp\/v2\/media?parent=25004"}],"wp:term":[{"taxonomy":"product_brand","embeddable":true,"href":"https:\/\/greenkingdom.ch\/it\/wp-json\/wp\/v2\/product_brand?post=25004"},{"taxonomy":"product_cat","embeddable":true,"href":"https:\/\/greenkingdom.ch\/it\/wp-json\/wp\/v2\/product_cat?post=25004"},{"taxonomy":"product_tag","embeddable":true,"href":"https:\/\/greenkingdom.ch\/it\/wp-json\/wp\/v2\/product_tag?post=25004"}],"curies":[{"name":"wp","href":"https:\/\/api.w.org\/{rel}","templated":true}]}}