{"id":25046,"date":"2024-12-19T18:11:49","date_gmt":"2024-12-19T17:11:49","guid":{"rendered":"https:\/\/greenkingdom.ch\/?post_type=product&#038;p=25046"},"modified":"2025-01-02T14:20:10","modified_gmt":"2025-01-02T13:20:10","slug":"la-salade-bubble-hash-resine-indoor-15g","status":"publish","type":"product","link":"https:\/\/greenkingdom.ch\/it\/prodotto\/la-salade-bubble-hash-resine-indoor-15g\/","title":{"rendered":"L&#8217;insalata di resina da interno &#8220;Bubble Hash&#8221; 15G"},"content":{"rendered":"<h2>Bubble Hash: Una Resina CBD di Alta Qualit\u00e0<\/h2>\n<p>Scopri <strong>la Bubble Hash<\/strong>, un&#8217;eccezionale resina CBD per gli amanti <strong>dell&#8217;hashish, del polline<\/strong> e <strong>dell&#8217;hashish<\/strong>. Realizzato con i migliori fiori di CBD coltivati in Svizzera, questo prodotto si distingue per la sua qualit\u00e0 superiore e le sue caratteristiche uniche. <\/p>\n<h3>Colore e consistenza del CBD Bubble Hash<\/h3>\n<p><strong>Il Bubble Hash<\/strong> ha un&#8217;attraente tonalit\u00e0 di marrone e giallo, a testimonianza della sua purezza e autenticit\u00e0. La sua consistenza ricca e appiccicosa \u00e8 perfetta per una facile manipolazione e un uso versatile. <\/p>\n<h3>Potenti Terpeni dell&#8217;Hashish CBD<\/h3>\n<p>Grazie ai suoi potenti terpeni, <strong>il Bubble Hash<\/strong> offre un&#8217;esperienza sensoriale incomparabile. Ogni inalazione rivela aromi floreali e legnosi, portando una sensazione di benessere e profondo rilassamento. <\/p>\n<h4>Origine e qualit\u00e0 del polline del nostro Bubble Hash<\/h4>\n<p>Coltivati con cura in Svizzera, i fiori di CBD utilizzati per produrre <strong>il Bubble Hash<\/strong> soddisfano i pi\u00f9 alti standard di qualit\u00e0. Questa origine garantisce un prodotto senza pesticidi o additivi, per un consumo sano e naturale. <\/p>\n<h4>Il processo di produzione del Bubble Hash<\/h4>\n<p><strong>Il Bubble Hash<\/strong> viene prodotto attraverso un processo unico che prevede l&#8217;estrazione di tricomi dai fiori di CBD utilizzando acqua e ghiaccio. Ecco i passaggi chiave di questo processo: <\/p>\n<ol>\n<li><strong>Preparazione dei Materiali: I fiori di<\/strong> CBD sono accuratamente selezionati e congelati per preservare i tricomi, le ghiandole di resina che contengono cannabinoidi e terpeni.<\/li>\n<li><strong>Estrazione a freddo<\/strong> : i fiori congelati vengono mescolati con acqua ghiacciata. Mescolare questa miscela aiuta a sciogliere i tricomi dai fiori. <\/li>\n<li><strong>Filtrazione<\/strong> : La miscela viene quindi filtrata attraverso una serie di setacci o sacchetti filtranti di diverse dimensioni per separare i tricomi dal materiale vegetale.<\/li>\n<li><strong>Raccolta ed essiccazione<\/strong> : I tricomi raccolti vengono accuratamente essiccati per evitare la formazione di muffe e per mantenere la loro potenza e aromi.<\/li>\n<\/ol>\n<p>Questo processo di estrazione a freddo preserva i delicati terpeni e cannabinoidi, garantendo un prodotto finale di altissima qualit\u00e0.<\/p>\n<h3>Perch\u00e9 scegliere il Bubble Hash<\/h3>\n<ul>\n<li><strong>Qualit\u00e0 premium: Realizzato<\/strong> con i migliori fiori svizzeri di CBD.<\/li>\n<li><strong>Aromi eccezionali<\/strong> : Grazie a terpeni potenti e naturali.<\/li>\n<li><strong>Colore unico<\/strong> : un&#8217;affascinante tonalit\u00e0 marrone e gialla.<\/li>\n<li><strong>Versatilit\u00e0<\/strong> : Ideale per vari metodi di consumo.<\/li>\n<li><strong>Processo naturale<\/strong> : Estrazione a freddo per preservare cannabinoidi e terpeni.<\/li>\n<\/ul>\n<p>Che tu sia un amante del <strong>polline<\/strong> o <strong>dell&#8217;hashish<\/strong>, <strong>Bubble Hash<\/strong> \u00e8 la scelta perfetta per un&#8217;esperienza CBD raffinata e autentica. Ordinate ora e sperimentate la qualit\u00e0 svizzera al suo apice. <\/p>\n","protected":false},"excerpt":{"rendered":"<p>Bubble Hash: Una Resina CBD di Alta Qualit\u00e0 Scopri la Bubble Hash, un&#8217;eccezionale resina CBD per gli amanti dell&#8217;hashish, del polline e dell&#8217;hashish. Realizzato con i migliori fiori di CBD coltivati in Svizzera, questo prodotto si distingue per la sua qualit\u00e0 superiore e le sue caratteristiche uniche. Colore e consistenza del CBD Bubble Hash Il [&hellip;]<\/p>\n","protected":false},"featured_media":25038,"comment_status":"open","ping_status":"closed","template":"","meta":{"_seopress_robots_primary_cat":"none","_seopress_titles_title":"","_seopress_titles_desc":"","_seopress_robots_index":""},"product_brand":[],"product_cat":[548],"product_tag":[],"class_list":{"0":"post-25046","1":"product","2":"type-product","3":"status-publish","4":"has-post-thumbnail","6":"product_cat-resine","9":"instock","10":"taxable","11":"shipping-taxable","12":"purchasable","13":"product-type-simple","14":"product-grid-view"},"_links":{"self":[{"href":"https:\/\/greenkingdom.ch\/it\/wp-json\/wp\/v2\/product\/25046","targetHints":{"allow":["GET"]}}],"collection":[{"href":"https:\/\/greenkingdom.ch\/it\/wp-json\/wp\/v2\/product"}],"about":[{"href":"https:\/\/greenkingdom.ch\/it\/wp-json\/wp\/v2\/types\/product"}],"replies":[{"embeddable":true,"href":"https:\/\/greenkingdom.ch\/it\/wp-json\/wp\/v2\/comments?post=25046"}],"version-history":[{"count":3,"href":"https:\/\/greenkingdom.ch\/it\/wp-json\/wp\/v2\/product\/25046\/revisions"}],"predecessor-version":[{"id":27100,"href":"https:\/\/greenkingdom.ch\/it\/wp-json\/wp\/v2\/product\/25046\/revisions\/27100"}],"wp:featuredmedia":[{"embeddable":true,"href":"https:\/\/greenkingdom.ch\/it\/wp-json\/wp\/v2\/media\/25038"}],"wp:attachment":[{"href":"https:\/\/greenkingdom.ch\/it\/wp-json\/wp\/v2\/media?parent=25046"}],"wp:term":[{"taxonomy":"product_brand","embeddable":true,"href":"https:\/\/greenkingdom.ch\/it\/wp-json\/wp\/v2\/product_brand?post=25046"},{"taxonomy":"product_cat","embeddable":true,"href":"https:\/\/greenkingdom.ch\/it\/wp-json\/wp\/v2\/product_cat?post=25046"},{"taxonomy":"product_tag","embeddable":true,"href":"https:\/\/greenkingdom.ch\/it\/wp-json\/wp\/v2\/product_tag?post=25046"}],"curies":[{"name":"wp","href":"https:\/\/api.w.org\/{rel}","templated":true}]}}